{"id":997,"date":"2024-02-16T12:47:05","date_gmt":"2024-02-16T12:47:05","guid":{"rendered":"https:\/\/pedrocasiano.es\/?page_id=997"},"modified":"2024-03-20T07:21:08","modified_gmt":"2024-03-20T07:21:08","slug":"la-directiva-hammurabi","status":"publish","type":"page","link":"https:\/\/pedrocasiano.es\/?page_id=997","title":{"rendered":"La Directiva Hammurabi"},"content":{"rendered":"\n<div class=\"wp-block-media-text is-stacked-on-mobile is-vertically-aligned-top\"><figure class=\"wp-block-media-text__media\"><img decoding=\"async\" width=\"533\" height=\"800\" data-src=\"https:\/\/pedrocasiano.es\/wp-content\/uploads\/2024\/03\/La-Directiva-Hammurabi_pub_1.jpg\" alt=\"\" class=\"wp-image-6079 size-full lazyload\" src=\"data:image\/svg+xml;base64,PHN2ZyB3aWR0aD0iMSIgaGVpZ2h0PSIxIiB4bWxucz0iaHR0cDovL3d3dy53My5vcmcvMjAwMC9zdmciPjwvc3ZnPg==\" style=\"--smush-placeholder-width: 533px; --smush-placeholder-aspect-ratio: 533\/800;\" \/><\/figure><div class=\"wp-block-media-text__content\">\n<p>Ojo por ojo, diente por diente\u2026 la esencia de la justicia desde tiempos inmemoriales, \u00bfha cambiado?, para los simples mortales, los administrados, si, ahora es distinta, m\u00e1s elaborada, sutil, uniforme, justa\u2026 pobres imb\u00e9ciles, Hammurabi sigue, para aquellos que lo merecen, para los que son necesarios, para los que lo han ganado, \u00bflos dem\u00e1s?, de juzgado en juzgado, pruebas, tiempos sin final, decisiones diversas, siempre injustas, pero para los necesarios, no, para ellos, los elegidos, existe la m\u00e1xima expresi\u00f3n de la justicia, la Directiva Hammurabi.<br>\u00bfY qui\u00e9nes son los encargados de llevarla a cabo?, los justos, aquellos que no miran sino en la justicia m\u00e1s desnuda, la que no perdona, la que exige ojo por ojo, diente, y siempre, siempre, sin pensar en da\u00f1os colaterales, sin pensar en lo que sucede alrededor de la sangre que derraman, no hay l\u00edmite para ellos, todos es posible, todo es viable, todo es necesario en aras de que los elegidos sean protegidos de cualquier forma, todo es como tiene que ser.<br>Solo una pregunta, \u00bfQu\u00e9 sucede cuando las herramientas han cumplido su misi\u00f3n?, \u00bfdejarlas en un caj\u00f3n, abandonarlas?&#8230;\u00bf y si las herramientas son los justos que han cumplido la directiva?&#8230; \u00bfabandonarlos, cuidarlos, enaltecerlos, obviarlos, ponerlos a la luz, o esconderlos como si nunca hubieran existido?\u2026<\/p>\n<\/div><\/div>\n","protected":false},"excerpt":{"rendered":"<p>Ojo por ojo, diente por diente\u2026 la esencia de la justicia desde tiempos inmemoriales, \u00bfha cambiado?, para los simples mortales, los administrados, si, ahora es distinta, m\u00e1s elaborada, sutil, uniforme, justa\u2026 pobres imb\u00e9ciles, Hammurabi sigue, para aquellos que lo merecen, para los que son necesarios, para los que lo han ganado, \u00bflos dem\u00e1s?, de juzgado &hellip; <\/p>\n<p class=\"link-more\"><a href=\"https:\/\/pedrocasiano.es\/?page_id=997\" class=\"more-link\">Leer m\u00e1s<span class=\"screen-reader-text\"> \u00abLa Directiva Hammurabi\u00bb<\/span><\/a><\/p>\n","protected":false},"author":1,"featured_media":0,"parent":0,"menu_order":0,"comment_status":"closed","ping_status":"closed","template":"","meta":{"inspiro_hide_title":false,"footnotes":""},"class_list":["post-997","page","type-page","status-publish","hentry"],"featured_media_urls":[],"_links":{"self":[{"href":"https:\/\/pedrocasiano.es\/index.php?rest_route=\/wp\/v2\/pages\/997","targetHints":{"allow":["GET"]}}],"collection":[{"href":"https:\/\/pedrocasiano.es\/index.php?rest_route=\/wp\/v2\/pages"}],"about":[{"href":"https:\/\/pedrocasiano.es\/index.php?rest_route=\/wp\/v2\/types\/page"}],"author":[{"embeddable":true,"href":"https:\/\/pedrocasiano.es\/index.php?rest_route=\/wp\/v2\/users\/1"}],"replies":[{"embeddable":true,"href":"https:\/\/pedrocasiano.es\/index.php?rest_route=%2Fwp%2Fv2%2Fcomments&post=997"}],"version-history":[{"count":6,"href":"https:\/\/pedrocasiano.es\/index.php?rest_route=\/wp\/v2\/pages\/997\/revisions"}],"predecessor-version":[{"id":6080,"href":"https:\/\/pedrocasiano.es\/index.php?rest_route=\/wp\/v2\/pages\/997\/revisions\/6080"}],"wp:attachment":[{"href":"https:\/\/pedrocasiano.es\/index.php?rest_route=%2Fwp%2Fv2%2Fmedia&parent=997"}],"curies":[{"name":"wp","href":"https:\/\/api.w.org\/{rel}","templated":true}]}}