{"id":994,"date":"2024-02-16T12:46:18","date_gmt":"2024-02-16T12:46:18","guid":{"rendered":"https:\/\/pedrocasiano.es\/?page_id=994"},"modified":"2024-07-08T18:13:59","modified_gmt":"2024-07-08T18:13:59","slug":"historias-que-contar-cuando-nadie-esta-escuchando","status":"publish","type":"page","link":"https:\/\/pedrocasiano.es\/?page_id=994","title":{"rendered":"Historias Que Contar Cuando Nadie Est\u00e1 Escuchando"},"content":{"rendered":"\n<div class=\"wp-block-media-text is-stacked-on-mobile is-vertically-aligned-top\"><figure class=\"wp-block-media-text__media\"><img decoding=\"async\" width=\"533\" height=\"800\" data-src=\"https:\/\/pedrocasiano.es\/wp-content\/uploads\/2024\/03\/Historias-Que-Contar-Cuando-Nadie-Esta-Escuchando_2eng.jpg\" alt=\"\" class=\"wp-image-6077 size-full lazyload\" src=\"data:image\/svg+xml;base64,PHN2ZyB3aWR0aD0iMSIgaGVpZ2h0PSIxIiB4bWxucz0iaHR0cDovL3d3dy53My5vcmcvMjAwMC9zdmciPjwvc3ZnPg==\" style=\"--smush-placeholder-width: 533px; --smush-placeholder-aspect-ratio: 533\/800;\" \/><\/figure><div class=\"wp-block-media-text__content\">\n<p>\u00bfSi cambia el entorno, cambiamos nosotros?, \u00bfrealmente somos nosotros mismos, o simplemente somos el resultado de habernos modelado dentro de un h\u00e1bitat determinado?<br>\u00bfPuede ser que una persona anodina, amable, casi est\u00fapida, se pueda convertir en un ser salvaje despiadado, irascible?<br>Quiz\u00e1s si el destino juega cartas extra\u00f1as, m\u00e1s extra\u00f1os ser\u00e1n sus resultados, y las aventuras de nuestro personaje, nos dejen entrever como nos desenvolvemos cuando olvidamos la pautas anteriores de comportamiento, en ese caso, \u00bfseremos los mismos?<br>Sigue al salvaje que antes fue moderado, al inofensivo que ha salido del ser pacifico que era antes, descubre c\u00f3mo cambia la sexualidad cuando el poder se apodera de una persona, como la realidad, siendo la misma, es tan diferente que parece de otro planeta, y otros seres los que lo pueblan.<br>\u00bfD\u00f3nde empezamos?, \u00bfD\u00f3nde terminamos?, es libre albedrio o est\u00e1 todo determinado por el lugar que ocupamos, el que el destino nos ha modelado para que seamos de la forma que somos.<br>Nadie es lo que es, nadie seguir\u00e1 siendo el mismo, si el entorno cambia.<\/p>\n<\/div><\/div>\n\n\n\n<figure class=\"wp-block-embed alignright is-type-rich is-provider-amazon wp-block-embed-amazon\"><div class=\"wp-block-embed__wrapper\">\n<iframe title=\"Historias Que Contar Cuando Nadie Est\u00e1 Escuchando\" type=\"text\/html\" width=\"950\" height=\"550\" frameborder=\"0\" allowfullscreen style=\"max-width:100%\" data-src=\"https:\/\/leer.amazon.es\/kp\/card?preview=inline&#038;linkCode=kpd&#038;ref_=k4w_oembed_RmIG90qRKAffwn&#038;asin=B09CGP9GRL&#038;tag=kpembed-20\" src=\"data:image\/svg+xml;base64,PHN2ZyB3aWR0aD0iMSIgaGVpZ2h0PSIxIiB4bWxucz0iaHR0cDovL3d3dy53My5vcmcvMjAwMC9zdmciPjwvc3ZnPg==\" class=\"lazyload\" data-load-mode=\"1\"><\/iframe>\n<\/div><\/figure>\n","protected":false},"excerpt":{"rendered":"<p>\u00bfSi cambia el entorno, cambiamos nosotros?, \u00bfrealmente somos nosotros mismos, o simplemente somos el resultado de habernos modelado dentro de un h\u00e1bitat determinado?\u00bfPuede ser que una persona anodina, amable, casi est\u00fapida, se pueda convertir en un ser salvaje despiadado, irascible?Quiz\u00e1s si el destino juega cartas extra\u00f1as, m\u00e1s extra\u00f1os ser\u00e1n sus resultados, y las aventuras de &hellip; <\/p>\n<p class=\"link-more\"><a href=\"https:\/\/pedrocasiano.es\/?page_id=994\" class=\"more-link\">Leer m\u00e1s<span class=\"screen-reader-text\"> \u00abHistorias Que Contar Cuando Nadie Est\u00e1 Escuchando\u00bb<\/span><\/a><\/p>\n","protected":false},"author":1,"featured_media":0,"parent":0,"menu_order":0,"comment_status":"closed","ping_status":"closed","template":"","meta":{"inspiro_hide_title":false,"footnotes":""},"class_list":["post-994","page","type-page","status-publish","hentry"],"featured_media_urls":[],"_links":{"self":[{"href":"https:\/\/pedrocasiano.es\/index.php?rest_route=\/wp\/v2\/pages\/994","targetHints":{"allow":["GET"]}}],"collection":[{"href":"https:\/\/pedrocasiano.es\/index.php?rest_route=\/wp\/v2\/pages"}],"about":[{"href":"https:\/\/pedrocasiano.es\/index.php?rest_route=\/wp\/v2\/types\/page"}],"author":[{"embeddable":true,"href":"https:\/\/pedrocasiano.es\/index.php?rest_route=\/wp\/v2\/users\/1"}],"replies":[{"embeddable":true,"href":"https:\/\/pedrocasiano.es\/index.php?rest_route=%2Fwp%2Fv2%2Fcomments&post=994"}],"version-history":[{"count":6,"href":"https:\/\/pedrocasiano.es\/index.php?rest_route=\/wp\/v2\/pages\/994\/revisions"}],"predecessor-version":[{"id":8242,"href":"https:\/\/pedrocasiano.es\/index.php?rest_route=\/wp\/v2\/pages\/994\/revisions\/8242"}],"wp:attachment":[{"href":"https:\/\/pedrocasiano.es\/index.php?rest_route=%2Fwp%2Fv2%2Fmedia&parent=994"}],"curies":[{"name":"wp","href":"https:\/\/api.w.org\/{rel}","templated":true}]}}