{"id":991,"date":"2024-02-16T12:43:53","date_gmt":"2024-02-16T12:43:53","guid":{"rendered":"https:\/\/pedrocasiano.es\/?page_id=991"},"modified":"2024-03-09T20:54:24","modified_gmt":"2024-03-09T20:54:24","slug":"de-principios-y-finales","status":"publish","type":"page","link":"https:\/\/pedrocasiano.es\/?page_id=991","title":{"rendered":"De Principios y Finales"},"content":{"rendered":"\n<div class=\"wp-block-media-text is-stacked-on-mobile is-vertically-aligned-top\"><figure class=\"wp-block-media-text__media\"><img decoding=\"async\" width=\"533\" height=\"800\" data-src=\"https:\/\/pedrocasiano.es\/wp-content\/uploads\/2024\/03\/DePrincipios_2peque.jpg\" alt=\"\" class=\"wp-image-5907 size-full lazyload\" src=\"data:image\/svg+xml;base64,PHN2ZyB3aWR0aD0iMSIgaGVpZ2h0PSIxIiB4bWxucz0iaHR0cDovL3d3dy53My5vcmcvMjAwMC9zdmciPjwvc3ZnPg==\" style=\"--smush-placeholder-width: 533px; --smush-placeholder-aspect-ratio: 533\/800;\" \/><\/figure><div class=\"wp-block-media-text__content\">\n<p>Promesas hechas cuando la vida pende de un hilo.<\/p>\n\n\n\n<p><br>El que sobreviva, har\u00e1 que su descendiente se case con el del otro.<\/p>\n\n\n\n<p><br>Promesas de militares.<\/p>\n\n\n\n<p> Serias como la muerte.<br>Personas a quienes les toca cumplirlas\u2026<\/p>\n\n\n\n<p><br>Vidas que se pierden en el desag\u00fce del d\u00eda a d\u00eda.<\/p>\n\n\n\n<p><br>Promesas rotas, viejos amores, soldados, muerte, vida, destrucci\u00f3n y renacer de las cenizas.<\/p>\n\n\n\n<p><br>Oportunidades perdidas, amores muertos y la vida sigue.<br>Rendiciones incondicionales, esperanzas truncadas, amores olvidados, tristeza, solo tristeza.<\/p>\n\n\n\n<p><br>Pa\u00edses extra\u00f1os, donde morir, donde el amor nace, nada tiene sentido dentro de situaciones que tampoco lo tienen.<\/p>\n<\/div><\/div>\n\n\n\n<p>Aqu\u00ed, os dejo unos cuantos cap\u00edtulos, pues no est\u00e1n para dividir el libro, sino a momentos concretos, espero que os guste tanto como a mi escribirlo.<\/p>\n\n\n\n<p><strong>De Principios&nbsp;y Finales<\/strong><\/p>\n\n\n\n<p><strong>Pedro Casiano Gonz\u00e1lez Cuevas<\/strong><strong><br><\/strong><\/p>\n\n\n\n<p><strong>Cap\u00edtulo I<\/strong><\/p>\n\n\n\n<p>-Buenos d\u00edas.<\/p>\n\n\n\n<p>-S\u00ed, \u00bfque desea?<\/p>\n\n\n\n<p>V\u00edctor mira el gastado telefonillo, en el bot\u00f3n del cual existe ADN para destrozar un equipo de test, y sonr\u00ede con resignaci\u00f3n.<\/p>\n\n\n\n<p>&#8211; \u00bfNieves Arredondo Garc\u00eda?<\/p>\n\n\n\n<p>-S\u00ed, \u00bfque desea?, &#8211; ahora la voz est\u00e1 cansada.<\/p>\n\n\n\n<p>&#8211; \u00bfPodr\u00eda hablar con ella?<\/p>\n\n\n\n<p>-Soy yo, d\u00edgame.<\/p>\n\n\n\n<p>-Soy V\u00edctor Hugo Elizalde De Casta\u00f1eda<\/p>\n\n\n\n<p>Silencio.<\/p>\n\n\n\n<p>&#8211; \u00bfY? &#8230;.<\/p>\n\n\n\n<p>-Era sobre un asunto referente a su abuelo.<\/p>\n\n\n\n<p>&#8211; \u00bfMi abuelo?<\/p>\n\n\n\n<p>-S\u00ed, se\u00f1orita.<\/p>\n\n\n\n<p>-Mi abuelo muri\u00f3 hace mucho tiempo.<\/p>\n\n\n\n<p>-El diecis\u00e9is de Agosto, hace justo veinte a\u00f1os.<\/p>\n\n\n\n<p>Silencio.<\/p>\n\n\n\n<p>&#8211; \u00bfY qu\u00e9?<\/p>\n\n\n\n<p>&#8211; \u00bfPodr\u00eda salir?<\/p>\n\n\n\n<p>Silencio.<\/p>\n\n\n\n<p>-Un momento.<\/p>\n\n\n\n<p>Nieves se atusa el pelo, ayer s\u00e1bado fue la leche, y aun no se ha duchado, \u00bfqu\u00e9 parte de que es domingo a las nueve de la ma\u00f1ana no ha entendido el subnormal del telefonillo?<\/p>\n\n\n\n<p>Ch\u00e1ndal, playeras, y goma en el pelo, olor a alcohol, a cansancio, y \u201ctodav\u00eda no me he duchado\u201d<\/p>\n\n\n\n<p>-Va, va, &#8211; grita como queriendo indicarle al del telefonillo que no llame m\u00e1s.<\/p>\n\n\n\n<p>Tropieza con las losetas levantadas del exiguo jard\u00edn, que apenas si son dos ramas muertas, y de su boca sale el improperio.<\/p>\n\n\n\n<p>-Me cago en sus muertos.<\/p>\n\n\n\n<p>Abre la puerta.<\/p>\n\n\n\n<p>Y mira.<\/p>\n\n\n\n<p>Grande, muy grande, cara cuadrada, ojos grises, mirada decidida, guapo, pero m\u00e1s masculino que otra cosa, y cuerpo de adonis de gimnasio.<\/p>\n\n\n\n<p>Y encima sonr\u00ede.<\/p>\n\n\n\n<p>V\u00edctor mira a la muchacha, descuidada, poco rastro de higiene, olor a alcohol, estudia los pies, las sandalias apenas ocultan unos miembros abandonados, con el esmalte medio descascarillado, cara normal, ojos con unas bolsas importantes, noche de marcha, y sin darse cuenta sonr\u00ede, no es guapa, no es fea, es\u2026 obligaci\u00f3n.<\/p>\n\n\n\n<p>&#8211; \u00bfQue desea?<\/p>\n\n\n\n<p>La voz es fuerte, demasiado, casi masculina.<\/p>\n\n\n\n<p>&#8211; \u00bfNieves Arredondo Garc\u00eda?<\/p>\n\n\n\n<p>-S\u00ed, pesado, \u00bfvende algo?<\/p>\n\n\n\n<p>V\u00edctor sonr\u00ede, \u00a1las cosas que trae la vida!, y se resigna.<\/p>\n\n\n\n<p>&#8211; \u00bfNieves Arredondo Garc\u00eda?<\/p>\n\n\n\n<p>-S\u00ed, &#8211; la mujer agacha la cabeza y se dispone a cerrar la puerta.<\/p>\n\n\n\n<p>-Necesito hablar con usted, \u00bfpuedo pasar?<\/p>\n\n\n\n<p>La mujer lo mira.<\/p>\n\n\n\n<p>-No, no puede.<\/p>\n\n\n\n<p>&#8211; \u00bfLe importar\u00eda dedicarme unos minutos?, &#8211; se gira y se\u00f1ala un bar -, all\u00ed mismo, procurar\u00e9 ser breve.<\/p>\n\n\n\n<p>-Espere sentado, &#8211; la mujer cierra la puerta.<\/p>\n\n\n\n<p>V\u00edctor se sienta en los veladores, aun frescos a esa hora del d\u00eda, y pide un zumo, que adem\u00e1s es de bote, amargo como la tuera.<\/p>\n\n\n\n<p>La casa est\u00e1 medio derruida, las tejas como si fueran las teclas de un piano listo para destruir, humedades por todos lados en un lugar donde no abunda el agua, y de pintura\u2026 inexistente, y se pregunta c\u00f3mo se puede vivir as\u00ed, se encoge de hombros, y pide un caf\u00e9 con la esperanza de que sea algo de mejor sabor que el zumo de polvos, pero vana esperanza, el caf\u00e9 glorifica al zumo.<\/p>\n\n\n\n<p>Mira alrededor, pisos de protecci\u00f3n oficial, de los antiguos, mil veces reformados, a cada cual peor, gente trabajadora, mezclada con gente que no trabajar\u00e1 nunca, jardines olvidados envueltos en pl\u00e1sticos por descomponer, y papeles que quieren volar, pero que las ramas, secas y duras, se lo impiden agarr\u00e1ndose a ellos.<\/p>\n\n\n\n<p>Un ruido, y una mujer sin arreglar, ni siquiera con la cara lavada, que se sienta, llevando en la mano un caf\u00e9.<\/p>\n\n\n\n<p>-Me dices\u2026<\/p>\n\n\n\n<p>V\u00edctor la mira, y respira hondo, sacrificio es el lema de su familia, algunas veces es dif\u00edcil de llevar.<\/p>\n\n\n\n<p>-Se\u00f1orita\u2026<\/p>\n\n\n\n<p>-Nieves, &#8211; le interrumpe la mujer.<\/p>\n\n\n\n<p>-Se\u00f1orita, &#8211; repite V\u00edctor.<\/p>\n\n\n\n<p>-Cansino.<\/p>\n\n\n\n<p>-Se\u00f1orita, \u00bfme permite continuar?<\/p>\n\n\n\n<p>La mujer lo mira con los labios en la taza, y se encoge de hombros.<\/p>\n\n\n\n<p>-Se\u00f1orita, &#8211; repite por en\u00e9sima vez -, soy V\u00edctor Hugo Elizalde De Casta\u00f1eda\u2026<\/p>\n\n\n\n<p>&#8211; \u00bfY eso que?, &#8211; no deja hablar a nadie -, \u00bfdan algo por tener mucha tonter\u00eda en los apellidos?<\/p>\n\n\n\n<p>V\u00edctor respira hondo, lo que hay que hacer por\u2026 y vuelve a menear la cabeza.<\/p>\n\n\n\n<p>&#8211; \u00bfPuede dejarme hablar unos minutos?<\/p>\n\n\n\n<p>La muchacha lo mira, se encoge de hombros, ser\u00e1 gilipollas.<\/p>\n\n\n\n<p>-Como quer\u00eda decirle, he venido, &#8211; se guarda lo de en contra de su voluntad -, a cerciorarme de que se encuentra en buenas condiciones, y de que no le falta nada que necesite.<\/p>\n\n\n\n<p>La chica lo mira y sonr\u00ede.<\/p>\n\n\n\n<p>-Que eres, \u00bfPap\u00e1 Noel?<\/p>\n\n\n\n<p>-No se\u00f1orita, pero mi abuelo\u2026<\/p>\n\n\n\n<p>&#8211; \u00bfUn viejo verde?<\/p>\n\n\n\n<p>V\u00edctor se pone serio como la muerte.<\/p>\n\n\n\n<p>-Se\u00f1orita, con mi abuelo, ni una puta broma.<\/p>\n\n\n\n<p>La mujer se echa hacia atr\u00e1s, se ha asustado, \u00bfest\u00e1 loco el canijo largo?<\/p>\n\n\n\n<p>El hombre se tranquiliza.<\/p>\n\n\n\n<p>-Como le dec\u00eda, mi abuelo, ten\u00eda una deuda con el suyo.<\/p>\n\n\n\n<p>-Se ha equivocado, \u00bfqu\u00e9 co\u00f1o de deuda?<\/p>\n\n\n\n<p>-Si me dejara terminar, se podr\u00eda enterar.<\/p>\n\n\n\n<p>-Termine de una vez.<\/p>\n\n\n\n<p>-Bien, como intentaba decirle, su abuelo y el m\u00edo lucharon juntos\u2026<\/p>\n\n\n\n<p>-Ahora una de romanos, &#8211; sonr\u00ede -, siga, siga\u2026<\/p>\n\n\n\n<p>-Y su abuelo salv\u00f3 la vida del m\u00edo.<\/p>\n\n\n\n<p>-Venga ya\u2026 \u00bfCu\u00e1ndo fue eso?<\/p>\n\n\n\n<p>-Hoy, hace exactamente, veinte a\u00f1os.<\/p>\n\n\n\n<p>La mujer lo mira.<\/p>\n\n\n\n<p>-No me jodas\u2026<\/p>\n\n\n\n<p>-Ni pagando, se\u00f1orita, &#8211; sonr\u00ede el largo.<\/p>\n\n\n\n<p>-Que cerdo\u2026 &#8211; se va a levantar, pero una mano de hierro la sujeta.<\/p>\n\n\n\n<p>-Terminemos de una vez, tengo m\u00e1s ganas de dejarla que usted de no verme.<\/p>\n\n\n\n<p>-No creo.<\/p>\n\n\n\n<p>-No apostemos, se\u00f1orita, lo \u00faltimo, &#8211; V\u00edctor lo silabea en un tono de asco que no deja duda.<\/p>\n\n\n\n<p>La mujer se sienta, pide una cola, el tipo que se acerca mira con cara agresiva a V\u00edctor, que no le presta la m\u00e1s m\u00ednima atenci\u00f3n.<\/p>\n\n\n\n<p>-Como le comentaba, eso cre\u00f3 una deuda de mi familia hacia la suya, de hecho; por lo que debo de cerci\u00f3rame que nada falta a la familia de Don Francisco Arredondo Fern\u00e1ndez, sargento de infanter\u00eda.<\/p>\n\n\n\n<p>-Vaya historia.<\/p>\n\n\n\n<p>Lo mira con cara de asco, al fin una sonrisa con sorna.<\/p>\n\n\n\n<p>&#8211; \u00bfTengo algo que creerme?<\/p>\n\n\n\n<p>-Todo, yo nunca miento.<\/p>\n\n\n\n<p>La muchacha sonr\u00ede.<\/p>\n\n\n\n<p>-Se\u00f1orita no s\u00e9 en qu\u00e9 mundo se ha criado, pero en el m\u00edo, la mentira no es una opci\u00f3n.<\/p>\n\n\n\n<p>Vuelve a sonre\u00edr.<\/p>\n\n\n\n<p>-Vaya milonga que me has contado, \u00bfpara ligar hace falta tanta historia?<\/p>\n\n\n\n<p>-Se\u00f1orita, no me acercar\u00eda a usted, ni, aunque estuviera liada en billetes de quinientos euros.<\/p>\n\n\n\n<p>-Hijo de puta.<\/p>\n\n\n\n<p>-No se\u00f1orita, conozco a mi madre, no es buena gente, pero no se vende por dinero.<\/p>\n\n\n\n<p>Silencio.<\/p>\n\n\n\n<p>-No s\u00e9 nada de lo que me cuenta.<\/p>\n\n\n\n<p>&#8211; \u00bfPuede llamar a su padre?<\/p>\n\n\n\n<p>Nieves saca el tel\u00e9fono, su pu\u00f1etero padre\u2026<\/p>\n\n\n\n<p>Marca el n\u00famero, y lo pone en manos libres.<\/p>\n\n\n\n<p>-Si\u2026<\/p>\n\n\n\n<p>-Padre, estoy en manos libres con un tipo raro.<\/p>\n\n\n\n<p>&#8211; \u00bfTipo raro?<\/p>\n\n\n\n<p>Nieves mira a V\u00edctor.<\/p>\n\n\n\n<p>-Buenos d\u00edas, soy V\u00edctor Hugo Elizalde De Casta\u00f1eda, \u00bfDon Francisco Arredondo?<\/p>\n\n\n\n<p>-S\u00ed, \u00bfqu\u00e9 quiere?<\/p>\n\n\n\n<p>-Soy el nieto del General Elizalde.<\/p>\n\n\n\n<p>Silencio.<\/p>\n\n\n\n<p>-S\u00ed, \u00bfqu\u00e9 co\u00f1o quiere?<\/p>\n\n\n\n<p>-Cerciorarme de que viven bien.<\/p>\n\n\n\n<p>&#8211; \u00bfAhora?, no fueron ni al entierro de mi padre.<\/p>\n\n\n\n<p>-Caballero, mi abuelo estaba en cama, convaleciente de las heridas, mi padre muriendo de c\u00e1ncer, y yo ten\u00eda cinco a\u00f1os.<\/p>\n\n\n\n<p>Silencio.<\/p>\n\n\n\n<p>-Todos los a\u00f1os con mi abuelo, al que recoger\u00e9 cuando termine de hablar con su hija, iremos a la tumba de su padre, y colocaremos una corona, cosa que hacemos todos los a\u00f1os sin faltar uno solo.<\/p>\n\n\n\n<p>Silencio.<\/p>\n\n\n\n<p>-Durante veinte a\u00f1os, hemos intentado asegurar su estabilidad econ\u00f3mica, como bien sabe, pues usted mismo retira las cantidades que estima oportunas, y no nos hemos puesto en contacto con su familia, porque lo ha impedido cada vez que lo hemos intentado.<\/p>\n\n\n\n<p>Silencio.<\/p>\n\n\n\n<p>-Padre, \u00bfes cierto?<\/p>\n\n\n\n<p>Silencio.<\/p>\n\n\n\n<p>-S\u00ed, si es cierto. Lo del entierro de mi padre, lo desconoc\u00eda, aparecieron muchos militares, pero por el que muri\u00f3, no.<\/p>\n\n\n\n<p>&#8211; \u00bfSabe cu\u00e1ntas veces intent\u00f3 mi abuelo, contactar con ustedes?<\/p>\n\n\n\n<p>-En ese tiempo me march\u00e9 a Alemania.<\/p>\n\n\n\n<p>-Hasta all\u00ed fue mi abuelo.<\/p>\n\n\n\n<p>-Nieves, fue cuando muri\u00f3 Mam\u00e1, una historia de locura.<\/p>\n\n\n\n<p>-Entonces, padre, \u00bflo que cuenta el jamelgo este es cierto?<\/p>\n\n\n\n<p>-S\u00ed, Nieves, si, lo que habla el nieto del Coronel es cierto, tu abuelo le salv\u00f3 la vida al suyo.<\/p>\n\n\n\n<p>V\u00edctor asiente.<\/p>\n\n\n\n<p>&#8211; \u00bfAhora qu\u00e9?, &#8211; pregunta Nieves -, \u00bfMe vas a llevar contigo y hacerme una mujer honrada?, &#8211; r\u00ede casi en una carcajada.<\/p>\n\n\n\n<p>-Si as\u00ed lo desea, as\u00ed ser\u00e1.<\/p>\n\n\n\n<p>La chica lo mira de arriba abajo.<\/p>\n\n\n\n<p>&#8211; \u00bfTu eres gilipollas?<\/p>\n\n\n\n<p>-No se\u00f1orita, soy alf\u00e9rez del Grupo de Operaciones Especiales.<\/p>\n\n\n\n<p>&#8211; \u00bfDe la GOE?<\/p>\n\n\n\n<p>-S\u00ed, se\u00f1orita.<\/p>\n\n\n\n<p>&#8211; \u00bfY qu\u00e9?<\/p>\n\n\n\n<p>-Nada.<\/p>\n\n\n\n<p>&#8211; \u00bfTe vas a casar conmigo?, &#8211; sigue la broma Nieves.<\/p>\n\n\n\n<p>-Si se\u00f1orita, si es su voluntad.<\/p>\n\n\n\n<p>-Anda, que no eres\u2026 &#8211; lo mira y sonr\u00ede -, que tonto.<\/p>\n\n\n\n<p>V\u00edctor hace tiempo que ha colocado la cara de piedra, la de las guardias, la de los improperios de los mandos, la del tiempo de castigo, la que parece que no le importa nada, pendiente de todo, pero sin mover un solo m\u00fasculo.<\/p>\n\n\n\n<p>&#8211; \u00bfY ahora?, &#8211; continua la muchacha que lo mira sonriendo.<\/p>\n\n\n\n<p>-Recoger\u00e9 a mi abuelo, iremos a la tumba del suyo, a presentar nuestros respetos, y si as\u00ed lo desea, puede acompa\u00f1arnos.<\/p>\n\n\n\n<p>Nieves lo mira, parece un recortable de soldadito, sonr\u00ede, y decide seguirle el juego.<\/p>\n\n\n\n<p>-Vale.<\/p>\n\n\n\n<p>El muchacho se levanta, mira el reloj.<\/p>\n\n\n\n<p>-Se\u00f1orita, dentro de una hora y media, exactamente, pasaremos a recogerla.<\/p>\n\n\n\n<p>Inclina la cabeza y se marcha, lo que ten\u00eda que hacer, se ha hecho, lo que deb\u00eda de decir, se ha dicho, piensa unos segundos, y cree que es todo lo que ten\u00eda que hacer, no mira atr\u00e1s.<\/p>\n\n\n\n<p>Nieves lo observa, \u201cvaya imb\u00e9cil\u201d, piensa, \u00bfqui\u00e9n se cree que es?<\/p>\n\n\n\n<p><strong>Cap\u00edtulo II<\/strong><\/p>\n\n\n\n<p>&#8211; \u00bfC\u00f3mo es?, V\u00edctor.<\/p>\n\n\n\n<p>&#8211; \u00bfTe cuento la verdad, o te cuento un cuento?, abuelo.<\/p>\n\n\n\n<p>-La verdad, no me seas insolente.<\/p>\n\n\n\n<p>-Basta, burda, sin educaci\u00f3n, fea, sucia y con la boca de un camionero.<\/p>\n\n\n\n<p>-Como su abuelo, &#8211; sonr\u00ede el General -, putos Arredondo, siempre se lo dec\u00eda, entra en la escuela de oficiales, \u00bfsabes lo que me respond\u00eda?<\/p>\n\n\n\n<p>V\u00edctor niega con la cabeza.<\/p>\n\n\n\n<p>-Coronel, oficiales hay muchos, sargentos Arredondo, solo yo, hijo de puta, &#8211; sonr\u00ede su abuelo y mira a trav\u00e9s de la ventana, V\u00edctor se da cuenta de que se ha perdido en alg\u00fan lugar.<\/p>\n\n\n\n<p><strong>Cap\u00edtulo III<\/strong><\/p>\n\n\n\n<p>Es Coronel en una tierra perdida, los han cazado, los veh\u00edculos arden alrededor de la casucha, solo quedan Arredondo y \u00e9l, es de noche, han hecho da\u00f1o, y por eso les dan tregua, pero no quedan municiones casi, la pierna le est\u00e1 matando, el costado m\u00e1s.<\/p>\n\n\n\n<p>-Coronel, que tiene m\u00e1s sangre, no me sea nenaza.<\/p>\n\n\n\n<p>-Tus muertos, Arredondo.<\/p>\n\n\n\n<p>Arredondo sonr\u00ede, es feo de narices, pero un toro, lleva dos balazos en el cuerpo y metralla como para romper un detector de metales, pero el pu\u00f1etero sonr\u00ede.<\/p>\n\n\n\n<p>-Dos cargadores, mi Coronel, y las pistolas.<\/p>\n\n\n\n<p>&#8211; \u00bfSolo eso?, Arredondo.<\/p>\n\n\n\n<p>-Y cuatro cojones espa\u00f1oles, &#8211; y saca el enorme cuchillo de combate, lo mira, tiene sangre por todos lados, como el mismo, no saldr\u00e1 de all\u00ed, seguro.<\/p>\n\n\n\n<p>Mira a las estrellas, la noche es preciosa, ahora que no se oye nada, ser\u00eda un lugar magn\u00edfico, si no se ocultara tras la sangre de los hombres que mueren all\u00ed.<\/p>\n\n\n\n<p>-Mi Coronel, \u00bfha visto a mi nieta?<\/p>\n\n\n\n<p>-No, Arredondo.<\/p>\n\n\n\n<p>El sargento saca una foto, y la alumbra con la linterna, es una ni\u00f1a gordita y preciosa.<\/p>\n\n\n\n<p>-Gracias a dios no ha salido como t\u00fa, sargento.<\/p>\n\n\n\n<p>-Me he preguntado si a mi hijo le han puesto los cuernos, es una moner\u00eda, y mi hijo tan feo como yo.<\/p>\n\n\n\n<p>-S\u00e1came la cartera del bolsillo, &#8211; uno de los brazos no le funciona.<\/p>\n\n\n\n<p>Arredondo con un esfuerzo logra sacarla.<\/p>\n\n\n\n<p>-\u00c1brela, mira la foto.<\/p>\n\n\n\n<p>Arredondo mira, es un ni\u00f1o, muy guapo.<\/p>\n\n\n\n<p>-Coronel, vaya nabo, y vaya cojones, &#8211; sonr\u00ede el sargento.<\/p>\n\n\n\n<p>-Es un Elizalde, no tenemos cerebro, pero cojones, como t\u00fa, &#8211; y tose, escupe sangre, no lo sabe, pero est\u00e1 medio reventado por dentro.<\/p>\n\n\n\n<p>Arredondo sonr\u00ede.<\/p>\n\n\n\n<p>-Sargento.<\/p>\n\n\n\n<p>-S\u00ed, mi Coronel.<\/p>\n\n\n\n<p>-J\u00farame que, si sales de esta y yo no salgo, cuidar\u00e1s de mi nieto, mejor, que se casen, son descendientes de soldados espa\u00f1oles, algo, &#8211; y sonr\u00ede -, que cada vez se da menos.<\/p>\n\n\n\n<p>-Yo\u2026<\/p>\n\n\n\n<p>-Mi hijo, el capit\u00e1n Elizalde, se muere de c\u00e1ncer de p\u00e1ncreas, de todas las maneras, salga o no salga, morir\u00e1.<\/p>\n\n\n\n<p>&#8211; \u00bfY la madre?<\/p>\n\n\n\n<p>&#8211; \u00bfLa austriaca?, con sus putos muertos, &#8211; Arredondo se sorprende, el Coronel no es persona de decirlos -, est\u00e1 solo, ni su abuela que en paz descanse.<\/p>\n\n\n\n<p>Arredondo mira la foto.<\/p>\n\n\n\n<p>-As\u00ed ser\u00e1, mi Coronel, por mis muertos, lo de que se casen\u2026 bueno, que as\u00ed sea.<\/p>\n\n\n\n<p>-Yo, si salgo, &#8211; Elizalde sonr\u00ede, escupe sangre -, cosa que no creo, cuidar\u00e9 de tu nieta, ser\u00e1 mi nuera, nada le faltar\u00e1.<\/p>\n\n\n\n<p>Se oyen disparos.<\/p>\n\n\n\n<p>-Mi Coronel, los moros que se han levantado con cojones.<\/p>\n\n\n\n<p>\u00c9l sonr\u00ede, queda poco, agarra con fuerza la pistola, el \u00faltimo en la cabeza, un Coronel es una alegr\u00eda para ellos, no les dar\u00e1 el gusto.<\/p>\n\n\n\n<p>Oye el silbido, sabe que es un RPG, un cohete, est\u00e1n muertos, Arredondo tambi\u00e9n lo oye, y de un salto se echa sobre \u00e9l, protegi\u00e9ndolo con su cuerpo, la explosi\u00f3n es enorme, la luz se pierde, y solo percibe el tenue zumbido de sus o\u00eddos, despu\u00e9s\u2026 nada.<\/p>\n\n\n\n<p>Rescate, un mes en coma, y el viejo Coronel que sale de aquella tragedia, Arredondo no, cuando despierta, nadie le contesta, busca en la casa, en el pueblo de ellos, nada, los Arredondo se han perdido, han ido al extranjero, y busca, pero no encuentra, y nada se dispersa, todo continua en espera, pues su palabra es su palabra.<\/p>\n\n\n\n<p><strong>Cap\u00edtulo IV<\/strong><\/p>\n\n\n\n<p>Nieves oye el telefonillo, mira por la ventana, un enorme coche negro, y un guapo muchacho con uniforme militar que sale de \u00e9l, no es un guapo militar, es el gilipollas de antes, mejor encuadernado, pero un mierda por dentro.<\/p>\n\n\n\n<p>Se ha puesto de caramelo, hac\u00eda a\u00f1os que no visitaba la tumba de su abuelo, le apetece, y tambi\u00e9n conocer la historia del viejo sargento, que no sabe por qu\u00e9, nadie le ha contado.<\/p>\n\n\n\n<p>Cuando baja, V\u00edctor la mira sorprendido de la bondad de la higiene y de la pulcritud en la vestimenta, parece otra, no es guapa, pero si tiene belleza de mujer, es un conjunto aparente, pero se acuerda de la que le falt\u00f3 poco tiempo antes, y la cara se colapsa en un rictus de asco, le abre la puerta, y deja que entre en el coche, lo hace sin mirarlo, el tambi\u00e9n mira al frente, no adonde ella est\u00e1.<\/p>\n\n\n\n<p>Cierra la puerta y se coloca al lado de Jorge, el ayuda del abuelo.<\/p>\n\n\n\n<p>El coche arranca.<\/p>\n\n\n\n<p>&#8211; \u00bfTu eres la nieta de Arredondo?<\/p>\n\n\n\n<p>-Supongo, Don\u2026<\/p>\n\n\n\n<p>-Ll\u00e1mame General, &#8211; Nieves lo mira, es como el nieto, pero con arrugas, los ojos miran lo mismo, la cara de piedra es igual, si, son familia.<\/p>\n\n\n\n<p>-Tu, zopenco, &#8211; golpea el asiento del nieto con su bast\u00f3n.<\/p>\n\n\n\n<p>-S\u00ed, abuelo.<\/p>\n\n\n\n<p>-Me hab\u00edas asegurado que era fea como una mona.<\/p>\n\n\n\n<p>-S\u00ed, abuelo, me ratifico en ello.<\/p>\n\n\n\n<p>El General mira a la muchacha, los ojos le echan chispas.<\/p>\n\n\n\n<p>-No le hagas caso, &#8211; le sonr\u00ede el general -, es mi nieto, pero es gilipollas.<\/p>\n\n\n\n<p>-Ya me hab\u00eda dado cuenta, &#8211; contesta Nieves.<\/p>\n\n\n\n<p><strong>Cap\u00edtulo V<\/strong><\/p>\n\n\n\n<p>Jorge saca una corona, el abuelo deja el bast\u00f3n en manos de su ayuda, V\u00edctor lo sujeta, tieso como un palo, con la corona en la mano, la coloca sobre una tumba, despu\u00e9s saluda, han quitado la del a\u00f1o pasado, nadie ha visitado la solitaria tumba.<\/p>\n\n\n\n<p>Silencio, el General saluda, y como todos los a\u00f1os, se queda quieto delante de la tumba, como si el tiempo no corriera, despu\u00e9s Jorge saca una botella de co\u00f1ac, la bebida preferida del sargento y del Coronel, y bebe, se sienta en el frio m\u00e1rmol.<\/p>\n\n\n\n<p>-Este era tu abuelo, Paco Arredondo, mi sargento, ten\u00eda los huevos que no pod\u00eda cerrar las piernas.<\/p>\n\n\n\n<p>La muchacha lo mira extra\u00f1ada, es un mundo irreal, \u00bfej\u00e9rcito, soldados, honor?, \u00bfqu\u00e9 co\u00f1o es eso?<\/p>\n\n\n\n<p>-Si\u00e9ntate que te cuente, ni\u00f1a, te explicar\u00e9 qui\u00e9n era el tipo que est\u00e1 aqu\u00ed dentro, esper\u00e1ndome, para que nos bebamos una botella de co\u00f1ac entre los dos.<\/p>\n\n\n\n<p>Nieves lo hace, el d\u00eda es magn\u00edfico, har\u00e1 calor, pero la sombra de los cipreses, y la soledad del cementerio, parecen llevarla a otro lugar, y el general, f\u00e1cilmente lo consigue.<\/p>\n\n\n\n<p><strong>Cap\u00edtulo VI<\/strong><\/p>\n\n\n\n<p>&#8211; \u00bfLe prometi\u00f3 que me casar\u00eda con su nieto?<\/p>\n\n\n\n<p>-Prometimos, ni\u00f1a, prometimos, eres mi futura nieta.<\/p>\n\n\n\n<p>Nieves sonr\u00ede, mira al soldado de uniforme y vuelve a sonre\u00edr.<\/p>\n\n\n\n<p>-Ni loca, primero que no estoy interesada en casarme, segundo que las promesas de mi abuelo, son de \u00e9l, no m\u00edas, y tercero, que tengo novio.<\/p>\n\n\n\n<p>El General toca el frio m\u00e1rmol.<\/p>\n\n\n\n<p>-Ves, Arredondo, tiene los cojones prietos como t\u00fa, vamos a tener unos biznietos que ser\u00e1n de exposici\u00f3n, &#8211; y el viejo sonr\u00ede.<\/p>\n\n\n\n<p>El viejo le coge la mano.<\/p>\n\n\n\n<p>&#8211; \u00bfEres enfermera?<\/p>\n\n\n\n<p>-Si \u2026 General.<\/p>\n\n\n\n<p>El viejo asiente.<\/p>\n\n\n\n<p>-Bien, tambi\u00e9n s\u00e9 que no tienes novio, lo dejasteis, \u00bfhace cu\u00e1nto?, &#8211; y mira a su nieto.<\/p>\n\n\n\n<p>-Ciento treinta y seis d\u00edas, abuelo.<\/p>\n\n\n\n<p>-Eres mayor que \u00e9l, que adem\u00e1s no ha tenido novia, y lo rondan de todos los colores, pero \u00e9l solo se dedica a lo suyo, acaba de aprobar el curso de GOE, tiene ya el grado de Teniente, y est\u00e1 adscrito de momento aqu\u00ed, a la plana mayor regimental, un gran futuro le espera, y a la mujer que est\u00e9 con \u00e9l.<\/p>\n\n\n\n<p>Nieves mira a los ojos al General.<\/p>\n\n\n\n<p>-S\u00ed, feo no es, gilipollas, seguro, pero, adem\u00e1s, \u00bfqui\u00e9n le ha dicho que yo quiero venderme por dinero?, \u00bfle digo en qu\u00e9 lugar se mete a su nieto?<\/p>\n\n\n\n<p>-V\u00edctor, \u00bfestar\u00edas dispuesto a casarte con esta chica?<\/p>\n\n\n\n<p>-S\u00ed, abuelo, con cualquiera, &#8211; y resalta la palabra -, es una deuda de honor de la familia, y se pagan, al ciento por ciento.<\/p>\n\n\n\n<p>Mira a la chica.<\/p>\n\n\n\n<p>-Ves, \u00bfen qu\u00e9 lugar vas a encontrar algo mejor que esto?<\/p>\n\n\n\n<p>-En cualquier agujero, General, en cualquier sitio.<\/p>\n\n\n\n<p>-La juventud, &#8211; suspira el viejo -, en ese caso, solo me queda pedirte que, por el recuerdo de tu abuelo, hagas algo por m\u00ed.<\/p>\n\n\n\n<p>&#8211; \u00bfEl qu\u00e9?, General.<\/p>\n\n\n\n<p>-Quiero que salg\u00e1is, diez veces, solo eso, diez cenas o similares, no te preocupes, el gilipollas del Teniente paga.<\/p>\n\n\n\n<p>-No. &#8211; Nieves lo mira a los ojos.<\/p>\n\n\n\n<p>El General coge la mano de la muchacha y la coloca sobre el m\u00e1rmol.<\/p>\n\n\n\n<p>-D\u00edselo a tu abuelo.<\/p>\n\n\n\n<p>La muchacha intenta retirar la mano, pero el viejo la sujeta, es imposible que pueda moverla, el viejo sonr\u00ede, es un hijo de puta.<\/p>\n\n\n\n<p>-De acuerdo, &#8211; consigue soltarse -, de acuerdo, por mi abuelo.<\/p>\n\n\n\n<p>-Muchas gracias, &#8211; le sonr\u00ede el viejo, y Nieves observa como el nieto no ha movido un solo m\u00fasculo.<\/p>\n\n\n\n<p><\/p>\n\n\n\n<p>Se acab\u00f3 la presentaci\u00f3n, queda mucho m\u00e1s, como en cualquier libro, pero este es especial&#8230; y como siempre, Amazon.<\/p>\n\n\n\n<figure class=\"wp-block-embed is-type-rich is-provider-amazon wp-block-embed-amazon\"><div class=\"wp-block-embed__wrapper\">\n<iframe title=\"De Principios y Finales\" type=\"text\/html\" width=\"950\" height=\"550\" frameborder=\"0\" allowfullscreen style=\"max-width:100%\" data-src=\"https:\/\/leer.amazon.es\/kp\/card?preview=inline&#038;linkCode=kpd&#038;ref_=k4w_oembed_NyqsEJa1AyguYL&#038;asin=B09D9WH7R6&#038;tag=kpembed-20\" src=\"data:image\/svg+xml;base64,PHN2ZyB3aWR0aD0iMSIgaGVpZ2h0PSIxIiB4bWxucz0iaHR0cDovL3d3dy53My5vcmcvMjAwMC9zdmciPjwvc3ZnPg==\" class=\"lazyload\" data-load-mode=\"1\"><\/iframe>\n<\/div><\/figure>\n","protected":false},"excerpt":{"rendered":"<p>Promesas hechas cuando la vida pende de un hilo. El que sobreviva, har\u00e1 que su descendiente se case con el del otro. Promesas de militares. Serias como la muerte.Personas a quienes les toca cumplirlas\u2026 Vidas que se pierden en el desag\u00fce del d\u00eda a d\u00eda. Promesas rotas, viejos amores, soldados, muerte, vida, destrucci\u00f3n y renacer &hellip; <\/p>\n<p class=\"link-more\"><a href=\"https:\/\/pedrocasiano.es\/?page_id=991\" class=\"more-link\">Leer m\u00e1s<span class=\"screen-reader-text\"> \u00abDe Principios y Finales\u00bb<\/span><\/a><\/p>\n","protected":false},"author":1,"featured_media":0,"parent":0,"menu_order":0,"comment_status":"closed","ping_status":"closed","template":"","meta":{"inspiro_hide_title":false,"footnotes":""},"class_list":["post-991","page","type-page","status-publish","hentry"],"featured_media_urls":[],"_links":{"self":[{"href":"https:\/\/pedrocasiano.es\/index.php?rest_route=\/wp\/v2\/pages\/991","targetHints":{"allow":["GET"]}}],"collection":[{"href":"https:\/\/pedrocasiano.es\/index.php?rest_route=\/wp\/v2\/pages"}],"about":[{"href":"https:\/\/pedrocasiano.es\/index.php?rest_route=\/wp\/v2\/types\/page"}],"author":[{"embeddable":true,"href":"https:\/\/pedrocasiano.es\/index.php?rest_route=\/wp\/v2\/users\/1"}],"replies":[{"embeddable":true,"href":"https:\/\/pedrocasiano.es\/index.php?rest_route=%2Fwp%2Fv2%2Fcomments&post=991"}],"version-history":[{"count":6,"href":"https:\/\/pedrocasiano.es\/index.php?rest_route=\/wp\/v2\/pages\/991\/revisions"}],"predecessor-version":[{"id":5908,"href":"https:\/\/pedrocasiano.es\/index.php?rest_route=\/wp\/v2\/pages\/991\/revisions\/5908"}],"wp:attachment":[{"href":"https:\/\/pedrocasiano.es\/index.php?rest_route=%2Fwp%2Fv2%2Fmedia&parent=991"}],"curies":[{"name":"wp","href":"https:\/\/api.w.org\/{rel}","templated":true}]}}