{"id":988,"date":"2024-02-16T12:42:42","date_gmt":"2024-02-16T12:42:42","guid":{"rendered":"https:\/\/pedrocasiano.es\/?page_id=988"},"modified":"2024-07-08T18:13:02","modified_gmt":"2024-07-08T18:13:02","slug":"canciones-de-amor-inacabadas","status":"publish","type":"page","link":"https:\/\/pedrocasiano.es\/?page_id=988","title":{"rendered":"Canciones de Amor Inacabadas"},"content":{"rendered":"\n<div class=\"wp-block-media-text is-stacked-on-mobile is-vertically-aligned-top\"><figure class=\"wp-block-media-text__media\"><img decoding=\"async\" width=\"533\" height=\"800\" data-src=\"https:\/\/pedrocasiano.es\/wp-content\/uploads\/2024\/03\/Publicacion2peque.jpg\" alt=\"\" class=\"wp-image-5905 size-full lazyload\" src=\"data:image\/svg+xml;base64,PHN2ZyB3aWR0aD0iMSIgaGVpZ2h0PSIxIiB4bWxucz0iaHR0cDovL3d3dy53My5vcmcvMjAwMC9zdmciPjwvc3ZnPg==\" style=\"--smush-placeholder-width: 533px; --smush-placeholder-aspect-ratio: 533\/800;\" \/><\/figure><div class=\"wp-block-media-text__content\">\n<p>El per\u00edodo m\u00e1s turbulento del siglo veinte, seres atrapados en los grandes mataderos de las continuas guerras, destinos que marcan el futuro, que obligan a que los que son movidos por \u00e9l, se encuentren abandonados de todos, de todo, en lugares donde no existen ni buenos ni malos, solo personas que hacen lo que tienen que hacer para sobrevivir, aunque no merezca la pena seguir con vida.<\/p>\n\n\n\n<p><br>El instinto de supervivencia, el valor rayano en la locura, amores que matan, que mueren , que nunca acaban, que son m\u00e1s fuertes que la vida, que la muerte, o tan d\u00e9biles como la nieve en un t\u00f3rrido verano.<\/p>\n\n\n\n<p><br>No importa el nombre, no importa el pa\u00eds, solo la desesperaci\u00f3n, la muerte de lo amado, y el descubrimiento de que al final, todo continua, que se abre una puerta, y que se cierra otra, y consigue que los corazones sean duros, que no perdonen, que sean tan inflexibles que consigan que la felicidad nunca sea completa, que las canciones de amor, nunca lleguen a su final.<\/p>\n<\/div><\/div>\n\n\n\n<figure class=\"wp-block-embed alignright is-type-rich is-provider-amazon wp-block-embed-amazon\"><div class=\"wp-block-embed__wrapper\">\n<iframe title=\"Canciones de Amor Inacabadas\" type=\"text\/html\" width=\"950\" height=\"550\" frameborder=\"0\" allowfullscreen style=\"max-width:100%\" data-src=\"https:\/\/leer.amazon.es\/kp\/card?preview=inline&#038;linkCode=kpd&#038;ref_=k4w_oembed_L6M2xyOFNUjHWk&#038;asin=B09CGJMZ4M&#038;tag=kpembed-20\" src=\"data:image\/svg+xml;base64,PHN2ZyB3aWR0aD0iMSIgaGVpZ2h0PSIxIiB4bWxucz0iaHR0cDovL3d3dy53My5vcmcvMjAwMC9zdmciPjwvc3ZnPg==\" class=\"lazyload\" data-load-mode=\"1\"><\/iframe>\n<\/div><\/figure>\n","protected":false},"excerpt":{"rendered":"<p>El per\u00edodo m\u00e1s turbulento del siglo veinte, seres atrapados en los grandes mataderos de las continuas guerras, destinos que marcan el futuro, que obligan a que los que son movidos por \u00e9l, se encuentren abandonados de todos, de todo, en lugares donde no existen ni buenos ni malos, solo personas que hacen lo que tienen &hellip; <\/p>\n<p class=\"link-more\"><a href=\"https:\/\/pedrocasiano.es\/?page_id=988\" class=\"more-link\">Leer m\u00e1s<span class=\"screen-reader-text\"> \u00abCanciones de Amor Inacabadas\u00bb<\/span><\/a><\/p>\n","protected":false},"author":1,"featured_media":0,"parent":0,"menu_order":0,"comment_status":"closed","ping_status":"closed","template":"","meta":{"inspiro_hide_title":false,"footnotes":""},"class_list":["post-988","page","type-page","status-publish","hentry"],"featured_media_urls":[],"_links":{"self":[{"href":"https:\/\/pedrocasiano.es\/index.php?rest_route=\/wp\/v2\/pages\/988","targetHints":{"allow":["GET"]}}],"collection":[{"href":"https:\/\/pedrocasiano.es\/index.php?rest_route=\/wp\/v2\/pages"}],"about":[{"href":"https:\/\/pedrocasiano.es\/index.php?rest_route=\/wp\/v2\/types\/page"}],"author":[{"embeddable":true,"href":"https:\/\/pedrocasiano.es\/index.php?rest_route=\/wp\/v2\/users\/1"}],"replies":[{"embeddable":true,"href":"https:\/\/pedrocasiano.es\/index.php?rest_route=%2Fwp%2Fv2%2Fcomments&post=988"}],"version-history":[{"count":5,"href":"https:\/\/pedrocasiano.es\/index.php?rest_route=\/wp\/v2\/pages\/988\/revisions"}],"predecessor-version":[{"id":8241,"href":"https:\/\/pedrocasiano.es\/index.php?rest_route=\/wp\/v2\/pages\/988\/revisions\/8241"}],"wp:attachment":[{"href":"https:\/\/pedrocasiano.es\/index.php?rest_route=%2Fwp%2Fv2%2Fmedia&parent=988"}],"curies":[{"name":"wp","href":"https:\/\/api.w.org\/{rel}","templated":true}]}}