{"id":985,"date":"2024-02-16T12:41:22","date_gmt":"2024-02-16T12:41:22","guid":{"rendered":"https:\/\/pedrocasiano.es\/?page_id=985"},"modified":"2024-07-08T18:12:16","modified_gmt":"2024-07-08T18:12:16","slug":"extrana-pareja","status":"publish","type":"page","link":"https:\/\/pedrocasiano.es\/?page_id=985","title":{"rendered":"Extra\u00f1a Pareja"},"content":{"rendered":"\n<div class=\"wp-block-media-text is-stacked-on-mobile is-vertically-aligned-top\"><figure class=\"wp-block-media-text__media\"><img decoding=\"async\" width=\"533\" height=\"800\" data-src=\"https:\/\/pedrocasiano.es\/wp-content\/uploads\/2024\/03\/Publicacion5Eng.jpg\" alt=\"\" class=\"wp-image-6075 size-full lazyload\" src=\"data:image\/svg+xml;base64,PHN2ZyB3aWR0aD0iMSIgaGVpZ2h0PSIxIiB4bWxucz0iaHR0cDovL3d3dy53My5vcmcvMjAwMC9zdmciPjwvc3ZnPg==\" style=\"--smush-placeholder-width: 533px; --smush-placeholder-aspect-ratio: 533\/800;\" \/><\/figure><div class=\"wp-block-media-text__content\">\n<p>El destino es un mal amigo, es lo que piensa el protagonista, metido en el lio m\u00e1s grande que ha conocido.<\/p>\n\n\n\n<p><br>Es la frase que le viene a la cabeza, \u201cninguna buena acci\u00f3n queda si su merecido castigo\u201d, y eso es lo que le sucede.<br>Trabajador, honrado, buena gente, un simple hecho, hacer bien las cosas, lo lleva los dominios de la polic\u00eda m\u00e1s vieja, dura y salvaje de la ciudad.<\/p>\n\n\n\n<p><br>La vida imposible, todo su entorno patas arriba, conocer\u00e1 el mundo que se esconde tras el atrezo que vemos todos los d\u00edas.<\/p>\n\n\n\n<p><br>\u00bfQu\u00e9 suceder\u00e1?, \u00e9l no lo sabe, solo quiere escapar, pero, \u00bfC\u00f3mo?<\/p>\n<\/div><\/div>\n\n\n\n<figure class=\"wp-block-embed alignright is-type-rich is-provider-amazon wp-block-embed-amazon\"><div class=\"wp-block-embed__wrapper\">\n<iframe title=\"Una Extra\u00f1a Pareja\" type=\"text\/html\" width=\"950\" height=\"550\" frameborder=\"0\" allowfullscreen style=\"max-width:100%\" data-src=\"https:\/\/leer.amazon.es\/kp\/card?preview=inline&#038;linkCode=kpd&#038;ref_=k4w_oembed_Ikx3TMvRbsiZQ5&#038;asin=B09CTNHXB3&#038;tag=kpembed-20\" src=\"data:image\/svg+xml;base64,PHN2ZyB3aWR0aD0iMSIgaGVpZ2h0PSIxIiB4bWxucz0iaHR0cDovL3d3dy53My5vcmcvMjAwMC9zdmciPjwvc3ZnPg==\" class=\"lazyload\" data-load-mode=\"1\"><\/iframe>\n<\/div><\/figure>\n","protected":false},"excerpt":{"rendered":"<p>El destino es un mal amigo, es lo que piensa el protagonista, metido en el lio m\u00e1s grande que ha conocido. Es la frase que le viene a la cabeza, \u201cninguna buena acci\u00f3n queda si su merecido castigo\u201d, y eso es lo que le sucede.Trabajador, honrado, buena gente, un simple hecho, hacer bien las cosas, &hellip; <\/p>\n<p class=\"link-more\"><a href=\"https:\/\/pedrocasiano.es\/?page_id=985\" class=\"more-link\">Leer m\u00e1s<span class=\"screen-reader-text\"> \u00abExtra\u00f1a Pareja\u00bb<\/span><\/a><\/p>\n","protected":false},"author":1,"featured_media":0,"parent":0,"menu_order":0,"comment_status":"closed","ping_status":"closed","template":"","meta":{"inspiro_hide_title":false,"footnotes":""},"class_list":["post-985","page","type-page","status-publish","hentry"],"featured_media_urls":[],"_links":{"self":[{"href":"https:\/\/pedrocasiano.es\/index.php?rest_route=\/wp\/v2\/pages\/985","targetHints":{"allow":["GET"]}}],"collection":[{"href":"https:\/\/pedrocasiano.es\/index.php?rest_route=\/wp\/v2\/pages"}],"about":[{"href":"https:\/\/pedrocasiano.es\/index.php?rest_route=\/wp\/v2\/types\/page"}],"author":[{"embeddable":true,"href":"https:\/\/pedrocasiano.es\/index.php?rest_route=\/wp\/v2\/users\/1"}],"replies":[{"embeddable":true,"href":"https:\/\/pedrocasiano.es\/index.php?rest_route=%2Fwp%2Fv2%2Fcomments&post=985"}],"version-history":[{"count":6,"href":"https:\/\/pedrocasiano.es\/index.php?rest_route=\/wp\/v2\/pages\/985\/revisions"}],"predecessor-version":[{"id":8240,"href":"https:\/\/pedrocasiano.es\/index.php?rest_route=\/wp\/v2\/pages\/985\/revisions\/8240"}],"wp:attachment":[{"href":"https:\/\/pedrocasiano.es\/index.php?rest_route=%2Fwp%2Fv2%2Fmedia&parent=985"}],"curies":[{"name":"wp","href":"https:\/\/api.w.org\/{rel}","templated":true}]}}