{"id":9824,"date":"2024-09-05T08:14:54","date_gmt":"2024-09-05T08:14:54","guid":{"rendered":"https:\/\/pedrocasiano.es\/?page_id=9824"},"modified":"2025-06-12T05:30:40","modified_gmt":"2025-06-12T03:30:40","slug":"relatos","status":"publish","type":"page","link":"https:\/\/pedrocasiano.es\/?page_id=9824","title":{"rendered":"Relatos"},"content":{"rendered":"\n<div class=\"wp-block-cover alignwide is-light has-custom-content-position is-position-top-left\" style=\"min-height:1441px;aspect-ratio:unset;\"><img decoding=\"async\" width=\"627\" height=\"1024\" class=\"wp-block-cover__image-background wp-image-3565 lazyload\" alt=\"\" data-src=\"https:\/\/pedrocasiano.es\/wp-content\/uploads\/2024\/02\/ai-generated-8339177.jpg\" data-object-fit=\"cover\" src=\"data:image\/svg+xml;base64,PHN2ZyB3aWR0aD0iMSIgaGVpZ2h0PSIxIiB4bWxucz0iaHR0cDovL3d3dy53My5vcmcvMjAwMC9zdmciPjwvc3ZnPg==\" style=\"--smush-placeholder-width: 627px; --smush-placeholder-aspect-ratio: 627\/1024;\" \/><span aria-hidden=\"true\" class=\"wp-block-cover__background has-background-dim\"><\/span><div class=\"wp-block-cover__inner-container has-global-padding is-layout-constrained wp-block-cover-is-layout-constrained\">\n<p>Hist\u00f3ricos<\/p>\n\n\n\n<ul class=\"wp-block-list\">\n<li><a href=\"https:\/\/pedrocasiano.es\/?page_id=2474\" target=\"_blank\" rel=\"noreferrer noopener\">Hist\u00f3ricos. Primera Parte<\/a><\/li>\n\n\n\n<li><a href=\"https:\/\/pedrocasiano.es\/?page_id=2478\" target=\"_blank\" rel=\"noreferrer noopener\">Hist\u00f3ricos. Segunda Parte<\/a><\/li>\n\n\n\n<li><a href=\"https:\/\/pedrocasiano.es\/?page_id=4582\" target=\"_blank\" rel=\"noreferrer noopener\">Hist\u00f3ricos, Tercera Parte<\/a><\/li>\n<\/ul>\n\n\n\n<p>S\u00e1tiras<\/p>\n\n\n\n<ul class=\"wp-block-list\">\n<li><a href=\"https:\/\/pedrocasiano.es\/?page_id=2082\" target=\"_blank\" rel=\"noreferrer noopener\">S\u00e1tiras<\/a><\/li>\n<\/ul>\n\n\n\n<p>Sue\u00f1os<\/p>\n\n\n\n<ul class=\"wp-block-list\">\n<li><a href=\"https:\/\/pedrocasiano.es\/?page_id=5622\" target=\"_blank\" rel=\"noreferrer noopener\">Sue\u00f1os. Primera Parte<\/a><\/li>\n\n\n\n<li><a href=\"https:\/\/pedrocasiano.es\/?page_id=5634\" target=\"_blank\" rel=\"noreferrer noopener\">Sue\u00f1os. Segunda Parte<\/a><\/li>\n<\/ul>\n\n\n\n<p>Cuentos<\/p>\n\n\n\n<ul class=\"wp-block-list\">\n<li><a href=\"https:\/\/pedrocasiano.es\/?page_id=2511\" target=\"_blank\" rel=\"noreferrer noopener\">Cuentos. Primera Parte<\/a><\/li>\n\n\n\n<li><a href=\"https:\/\/pedrocasiano.es\/?page_id=2517\" target=\"_blank\" rel=\"noreferrer noopener\">Cuentos. Segunda Parte<\/a><\/li>\n\n\n\n<li><a href=\"https:\/\/pedrocasiano.es\/?p=5659\" target=\"_blank\" rel=\"noreferrer noopener\">Cuentos. Tercera parte<\/a><\/li>\n<\/ul>\n\n\n\n<p>Pol\u00edticos<\/p>\n\n\n\n<ul class=\"wp-block-list\">\n<li><a href=\"https:\/\/pedrocasiano.es\/?page_id=5640\" target=\"_blank\" rel=\"noreferrer noopener\">Pol\u00edticos. Primera Parte<\/a><\/li>\n\n\n\n<li><a href=\"https:\/\/pedrocasiano.es\/?page_id=5643\" target=\"_blank\" rel=\"noreferrer noopener\">Pol\u00edticos. Segunda Parte<\/a><\/li>\n<\/ul>\n\n\n\n<p>Viajes<\/p>\n\n\n\n<ul class=\"wp-block-list\">\n<li><a href=\"https:\/\/pedrocasiano.es\/?page_id=4603\" target=\"_blank\" rel=\"noreferrer noopener\">Viajes<\/a><\/li>\n<\/ul>\n\n\n\n<p>Leyendas y Cosas de C\u00f3rdoba<\/p>\n\n\n\n<ul class=\"wp-block-list\">\n<li><a href=\"https:\/\/pedrocasiano.es\/?page_id=3925\" target=\"_blank\" rel=\"noreferrer noopener\">Leyendas y Cosas de C\u00f3rdoba. Primera Parte<\/a><\/li>\n\n\n\n<li><a href=\"https:\/\/pedrocasiano.es\/?page_id=3929\" target=\"_blank\" rel=\"noreferrer noopener\">Leyendas y Cosas de C\u00f3rdoba. Segunda Parte<\/a><\/li>\n\n\n\n<li><a href=\"https:\/\/pedrocasiano.es\/?page_id=4221\" target=\"_blank\" rel=\"noreferrer noopener\">Leyendas y Cosas de C\u00f3rdoba. Tercera Parte<\/a><\/li>\n\n\n\n<li><a href=\"https:\/\/pedrocasiano.es\/?page_id=2739\" data-type=\"page\" data-id=\"2739\" target=\"_blank\" rel=\"noreferrer noopener\">Leyendas y Cosas de C\u00f3rdoba. Cuarta Parte<\/a><\/li>\n\n\n\n<li><a href=\"https:\/\/pedrocasiano.es\/?page_id=2429\" data-type=\"page\" data-id=\"2429\" target=\"_blank\" rel=\"noreferrer noopener\">Leyendas y Cosas de C\u00f3rdoba. Quinta Parte<\/a><\/li>\n<\/ul>\n\n\n\n<p><\/p>\n\n\n\n<p><strong>Todos los Derechos Reservados<\/strong><\/p>\n\n\n\n<p class=\"has-text-align-center\">\u201cEstas novelas, publicaciones y dem\u00e1s, son obras de ficci\u00f3n. Los nombres, personajes, lugares e incidentes son producto de la imaginaci\u00f3n del autor o son utilizados de manera ficticia. Cualquier parecido con personas, vivas o muertas, o sucesos reales e<strong>s pura coincidencia.\u201d<\/strong><\/p>\n<\/div><\/div>\n","protected":false},"excerpt":{"rendered":"","protected":false},"author":1,"featured_media":0,"parent":0,"menu_order":0,"comment_status":"closed","ping_status":"closed","template":"","meta":{"inspiro_hide_title":false,"footnotes":""},"class_list":["post-9824","page","type-page","status-publish","hentry"],"featured_media_urls":[],"_links":{"self":[{"href":"https:\/\/pedrocasiano.es\/index.php?rest_route=\/wp\/v2\/pages\/9824","targetHints":{"allow":["GET"]}}],"collection":[{"href":"https:\/\/pedrocasiano.es\/index.php?rest_route=\/wp\/v2\/pages"}],"about":[{"href":"https:\/\/pedrocasiano.es\/index.php?rest_route=\/wp\/v2\/types\/page"}],"author":[{"embeddable":true,"href":"https:\/\/pedrocasiano.es\/index.php?rest_route=\/wp\/v2\/users\/1"}],"replies":[{"embeddable":true,"href":"https:\/\/pedrocasiano.es\/index.php?rest_route=%2Fwp%2Fv2%2Fcomments&post=9824"}],"version-history":[{"count":6,"href":"https:\/\/pedrocasiano.es\/index.php?rest_route=\/wp\/v2\/pages\/9824\/revisions"}],"predecessor-version":[{"id":13862,"href":"https:\/\/pedrocasiano.es\/index.php?rest_route=\/wp\/v2\/pages\/9824\/revisions\/13862"}],"wp:attachment":[{"href":"https:\/\/pedrocasiano.es\/index.php?rest_route=%2Fwp%2Fv2%2Fmedia&parent=9824"}],"curies":[{"name":"wp","href":"https:\/\/api.w.org\/{rel}","templated":true}]}}