{"id":982,"date":"2024-02-16T12:40:34","date_gmt":"2024-02-16T12:40:34","guid":{"rendered":"https:\/\/pedrocasiano.es\/?page_id=982"},"modified":"2024-07-08T18:11:17","modified_gmt":"2024-07-08T18:11:17","slug":"retazos-de-vida-ella","status":"publish","type":"page","link":"https:\/\/pedrocasiano.es\/?page_id=982","title":{"rendered":"Retazos de Vida. Ella"},"content":{"rendered":"\n<div class=\"wp-block-media-text is-stacked-on-mobile is-vertically-aligned-top\"><figure class=\"wp-block-media-text__media\"><img decoding=\"async\" width=\"533\" height=\"800\" data-src=\"https:\/\/pedrocasiano.es\/wp-content\/uploads\/2024\/03\/Retazos-de-Vida.-Ella_5peque.jpg\" alt=\"\" class=\"wp-image-5901 size-full lazyload\" src=\"data:image\/svg+xml;base64,PHN2ZyB3aWR0aD0iMSIgaGVpZ2h0PSIxIiB4bWxucz0iaHR0cDovL3d3dy53My5vcmcvMjAwMC9zdmciPjwvc3ZnPg==\" style=\"--smush-placeholder-width: 533px; --smush-placeholder-aspect-ratio: 533\/800;\" \/><\/figure><div class=\"wp-block-media-text__content\">\n<p>La vida tiene un sentido del humor dif\u00edcil de entender, y por supuesto el pasado es un bromista tan serio como la muerte.<\/p>\n\n\n\n<p><br>Creemos que el pasado no nos limita, podemos hacer lo que queramos, cuando queramos y con quien queramos, eso es cierto, pero solo falta un peque\u00f1o detalle, nos limita, es como un juego en el que cuando empezamos tenemos toda la baraja a nuestra disposici\u00f3n, y vamos tirando carta a carta, si no las guardamos, mala mano la que nos queda que jugar.<\/p>\n\n\n\n<p><br>El camino de la vida est\u00e1 formado de par\u00e1metros extra\u00f1os, una ruleta que no es circular, y que nos ense\u00f1a como en un escaparate, lo que nos gustar\u00eda tener, y que cuando estamos a punto de conseguir, nos lo arrebata de un zarpazo.<\/p>\n\n\n\n<p><br>Es la b\u00fasqueda de Ella, la elegida, pero en la b\u00fasqueda se requiere, como en los cuentos de hadas de determinadas virtudes, \u00bfQui\u00e9n las posee?, \u00bfQui\u00e9n es la merecedora?&#8230;<\/p>\n<\/div><\/div>\n\n\n\n<figure class=\"wp-block-embed alignright is-type-rich is-provider-amazon wp-block-embed-amazon\"><div class=\"wp-block-embed__wrapper\">\n<iframe title=\"Retazos de Vida. Ella\" type=\"text\/html\" width=\"950\" height=\"550\" frameborder=\"0\" allowfullscreen style=\"max-width:100%\" data-src=\"https:\/\/leer.amazon.es\/kp\/card?preview=inline&#038;linkCode=kpd&#038;ref_=k4w_oembed_KoVqTzOY3ddi6S&#038;asin=B09CRNQ715&#038;tag=kpembed-20\" src=\"data:image\/svg+xml;base64,PHN2ZyB3aWR0aD0iMSIgaGVpZ2h0PSIxIiB4bWxucz0iaHR0cDovL3d3dy53My5vcmcvMjAwMC9zdmciPjwvc3ZnPg==\" class=\"lazyload\" data-load-mode=\"1\"><\/iframe>\n<\/div><\/figure>\n","protected":false},"excerpt":{"rendered":"<p>La vida tiene un sentido del humor dif\u00edcil de entender, y por supuesto el pasado es un bromista tan serio como la muerte. Creemos que el pasado no nos limita, podemos hacer lo que queramos, cuando queramos y con quien queramos, eso es cierto, pero solo falta un peque\u00f1o detalle, nos limita, es como un &hellip; <\/p>\n<p class=\"link-more\"><a href=\"https:\/\/pedrocasiano.es\/?page_id=982\" class=\"more-link\">Leer m\u00e1s<span class=\"screen-reader-text\"> \u00abRetazos de Vida. Ella\u00bb<\/span><\/a><\/p>\n","protected":false},"author":1,"featured_media":0,"parent":0,"menu_order":0,"comment_status":"closed","ping_status":"closed","template":"","meta":{"inspiro_hide_title":false,"footnotes":""},"class_list":["post-982","page","type-page","status-publish","hentry"],"featured_media_urls":[],"_links":{"self":[{"href":"https:\/\/pedrocasiano.es\/index.php?rest_route=\/wp\/v2\/pages\/982","targetHints":{"allow":["GET"]}}],"collection":[{"href":"https:\/\/pedrocasiano.es\/index.php?rest_route=\/wp\/v2\/pages"}],"about":[{"href":"https:\/\/pedrocasiano.es\/index.php?rest_route=\/wp\/v2\/types\/page"}],"author":[{"embeddable":true,"href":"https:\/\/pedrocasiano.es\/index.php?rest_route=\/wp\/v2\/users\/1"}],"replies":[{"embeddable":true,"href":"https:\/\/pedrocasiano.es\/index.php?rest_route=%2Fwp%2Fv2%2Fcomments&post=982"}],"version-history":[{"count":7,"href":"https:\/\/pedrocasiano.es\/index.php?rest_route=\/wp\/v2\/pages\/982\/revisions"}],"predecessor-version":[{"id":8239,"href":"https:\/\/pedrocasiano.es\/index.php?rest_route=\/wp\/v2\/pages\/982\/revisions\/8239"}],"wp:attachment":[{"href":"https:\/\/pedrocasiano.es\/index.php?rest_route=%2Fwp%2Fv2%2Fmedia&parent=982"}],"curies":[{"name":"wp","href":"https:\/\/api.w.org\/{rel}","templated":true}]}}