{"id":978,"date":"2024-02-16T12:39:33","date_gmt":"2024-02-16T12:39:33","guid":{"rendered":"https:\/\/pedrocasiano.es\/?page_id=978"},"modified":"2024-07-08T18:10:31","modified_gmt":"2024-07-08T18:10:31","slug":"cruce-de-vidas","status":"publish","type":"page","link":"https:\/\/pedrocasiano.es\/?page_id=978","title":{"rendered":"Cruce de Vidas"},"content":{"rendered":"\n<div class=\"wp-block-media-text is-stacked-on-mobile is-vertically-aligned-top\"><figure class=\"wp-block-media-text__media\"><img decoding=\"async\" width=\"533\" height=\"800\" data-src=\"https:\/\/pedrocasiano.es\/wp-content\/uploads\/2024\/03\/Cauce-de-Vidas_1eng.jpg\" alt=\"\" class=\"wp-image-6073 size-full lazyload\" src=\"data:image\/svg+xml;base64,PHN2ZyB3aWR0aD0iMSIgaGVpZ2h0PSIxIiB4bWxucz0iaHR0cDovL3d3dy53My5vcmcvMjAwMC9zdmciPjwvc3ZnPg==\" style=\"--smush-placeholder-width: 533px; --smush-placeholder-aspect-ratio: 533\/800;\" \/><\/figure><div class=\"wp-block-media-text__content\">\n<p>Cuando todo crees tenerlo en la vida, cuando parece que nada es inamovible, cambia y lo hade de una forma impensable, la vida acaba, se transforma, muta\u2026.<\/p>\n\n\n\n<p><br>Las lecciones imposibles de la vida, \u00bfa d\u00f3nde nos lleva?, a lugares imposibles; cuando la vida parece ser s\u00f3lida, sin cambios, algo, quiz\u00e1s un peque\u00f1o, o no tan peque\u00f1o cambio, hace que vire de la forma m\u00e1s sorprendente.<\/p>\n\n\n\n<p><br>Nuestro personaje, cuando cree que todo est\u00e1 terminado, que la vida est\u00e1 concluyendo en s\u00ed misma, con los par\u00e1metros definidos, algo, una extra\u00f1a sorpresa, produce efectos de caos, la vida cambia, nada de lo que aprecia escrito es ahora real, todo es distinto, la vida ha cambiado, ha trastocado a las figuras que conformaban su universo, algunas permanecen inc\u00f3lumes, pero la mayor\u00eda desaparecen, y otras que no exist\u00edan, se engrandecen hasta\u2026 \u00bfpodr\u00e1n suplir los huecos que han dejado las que han desaparecido?<\/p>\n\n\n\n<p><br>Esa es la pregunta, la respuesta en las p\u00e1ginas tras de estas palabras, \u00bfmerecer\u00e1 la penas?, desc\u00fabranlo\u2026<\/p>\n<\/div><\/div>\n\n\n\n<figure class=\"wp-block-embed alignright is-type-rich is-provider-amazon wp-block-embed-amazon\"><div class=\"wp-block-embed__wrapper\">\n<iframe title=\"Cauce de Vidas\" type=\"text\/html\" width=\"950\" height=\"550\" frameborder=\"0\" allowfullscreen style=\"max-width:100%\" data-src=\"https:\/\/leer.amazon.es\/kp\/card?preview=inline&#038;linkCode=kpd&#038;ref_=k4w_oembed_jwNsuhu1b0fcuy&#038;asin=B09CTGMNZB&#038;tag=kpembed-20\" src=\"data:image\/svg+xml;base64,PHN2ZyB3aWR0aD0iMSIgaGVpZ2h0PSIxIiB4bWxucz0iaHR0cDovL3d3dy53My5vcmcvMjAwMC9zdmciPjwvc3ZnPg==\" class=\"lazyload\" data-load-mode=\"1\"><\/iframe>\n<\/div><\/figure>\n","protected":false},"excerpt":{"rendered":"<p>Cuando todo crees tenerlo en la vida, cuando parece que nada es inamovible, cambia y lo hade de una forma impensable, la vida acaba, se transforma, muta\u2026. Las lecciones imposibles de la vida, \u00bfa d\u00f3nde nos lleva?, a lugares imposibles; cuando la vida parece ser s\u00f3lida, sin cambios, algo, quiz\u00e1s un peque\u00f1o, o no tan &hellip; <\/p>\n<p class=\"link-more\"><a href=\"https:\/\/pedrocasiano.es\/?page_id=978\" class=\"more-link\">Leer m\u00e1s<span class=\"screen-reader-text\"> \u00abCruce de Vidas\u00bb<\/span><\/a><\/p>\n","protected":false},"author":1,"featured_media":0,"parent":0,"menu_order":0,"comment_status":"closed","ping_status":"closed","template":"","meta":{"inspiro_hide_title":false,"footnotes":""},"class_list":["post-978","page","type-page","status-publish","hentry"],"featured_media_urls":[],"_links":{"self":[{"href":"https:\/\/pedrocasiano.es\/index.php?rest_route=\/wp\/v2\/pages\/978","targetHints":{"allow":["GET"]}}],"collection":[{"href":"https:\/\/pedrocasiano.es\/index.php?rest_route=\/wp\/v2\/pages"}],"about":[{"href":"https:\/\/pedrocasiano.es\/index.php?rest_route=\/wp\/v2\/types\/page"}],"author":[{"embeddable":true,"href":"https:\/\/pedrocasiano.es\/index.php?rest_route=\/wp\/v2\/users\/1"}],"replies":[{"embeddable":true,"href":"https:\/\/pedrocasiano.es\/index.php?rest_route=%2Fwp%2Fv2%2Fcomments&post=978"}],"version-history":[{"count":7,"href":"https:\/\/pedrocasiano.es\/index.php?rest_route=\/wp\/v2\/pages\/978\/revisions"}],"predecessor-version":[{"id":8238,"href":"https:\/\/pedrocasiano.es\/index.php?rest_route=\/wp\/v2\/pages\/978\/revisions\/8238"}],"wp:attachment":[{"href":"https:\/\/pedrocasiano.es\/index.php?rest_route=%2Fwp%2Fv2%2Fmedia&parent=978"}],"curies":[{"name":"wp","href":"https:\/\/api.w.org\/{rel}","templated":true}]}}