{"id":975,"date":"2024-02-16T12:38:58","date_gmt":"2024-02-16T12:38:58","guid":{"rendered":"https:\/\/pedrocasiano.es\/?page_id=975"},"modified":"2024-07-08T18:09:27","modified_gmt":"2024-07-08T18:09:27","slug":"un-hogar-en-el-infierno","status":"publish","type":"page","link":"https:\/\/pedrocasiano.es\/?page_id=975","title":{"rendered":"Un Hogar en el Infierno"},"content":{"rendered":"\n<div class=\"wp-block-media-text is-stacked-on-mobile is-vertically-aligned-top\"><figure class=\"wp-block-media-text__media\"><img decoding=\"async\" width=\"533\" height=\"800\" data-src=\"https:\/\/pedrocasiano.es\/wp-content\/uploads\/2024\/03\/hogar1eng.jpg\" alt=\"\" class=\"wp-image-6071 size-full lazyload\" src=\"data:image\/svg+xml;base64,PHN2ZyB3aWR0aD0iMSIgaGVpZ2h0PSIxIiB4bWxucz0iaHR0cDovL3d3dy53My5vcmcvMjAwMC9zdmciPjwvc3ZnPg==\" style=\"--smush-placeholder-width: 533px; --smush-placeholder-aspect-ratio: 533\/800;\" \/><\/figure><div class=\"wp-block-media-text__content\">\n<p>Tierras lejanas, tan distantes, tan diferentes que no parecen de este mundo.<\/p>\n\n\n\n<p><br>Soledad en los confines contrarios de tu tierra.<\/p>\n\n\n\n<p><br>Corea, pero peor que la del Norte, en la que callado puedes sobrevivir, sino en la del Sur, donde el \u00fanico dios es el dinero, y nadie vale nada, quiz\u00e1s muerto si, si est\u00e1s fresco\u2026<\/p>\n\n\n\n<p><br>Mezcolanzas terribles, cambiar el alma para sobrevivir.<\/p>\n\n\n\n<p><br>Sin apego a nada, sin principios, para poder sobrevivir.<\/p>\n\n\n\n<p><br>El sexo como una arma m\u00e1s, fundirlo para seguir, para continuar, y la inexorable muerte se adue\u00f1a de todo en los Barrios de Inchon, en Se\u00fal, en cualquier lugar de la terrible Corea del sur.<\/p>\n\n\n\n<p><br>Mujeres extra\u00f1as, sexo distinto, continencia asi\u00e1tica frente al ardor latino, la parquedad y el exceso, la abundancia frente a la desidia, al olvido del placer, conseguido solo por aquello que est\u00e1 prohibido, que es\u2026<\/p>\n\n\n\n<p><br>Al final, solo el m\u00e1s salvaje vence, el que pierde el alma triunfa, el diablo llena de azufre las calles de salvajes barrios.<br>\u00bfQuieres venir a vivir en Korea?&#8230;<\/p>\n\n\n\n<p><br>El libro contiene escenas muy duras y explicitas.<\/p>\n<\/div><\/div>\n\n\n\n<figure class=\"wp-block-embed alignright is-type-rich is-provider-amazon wp-block-embed-amazon\"><div class=\"wp-block-embed__wrapper\">\n<iframe title=\"Un Hogar en el Infierno\" type=\"text\/html\" width=\"950\" height=\"550\" frameborder=\"0\" allowfullscreen style=\"max-width:100%\" data-src=\"https:\/\/leer.amazon.es\/kp\/card?preview=inline&#038;linkCode=kpd&#038;ref_=k4w_oembed_L0OfJuztBqjVuq&#038;asin=B09CRY37HH&#038;tag=kpembed-20\" src=\"data:image\/svg+xml;base64,PHN2ZyB3aWR0aD0iMSIgaGVpZ2h0PSIxIiB4bWxucz0iaHR0cDovL3d3dy53My5vcmcvMjAwMC9zdmciPjwvc3ZnPg==\" class=\"lazyload\" data-load-mode=\"1\"><\/iframe>\n<\/div><\/figure>\n","protected":false},"excerpt":{"rendered":"<p>Tierras lejanas, tan distantes, tan diferentes que no parecen de este mundo. Soledad en los confines contrarios de tu tierra. Corea, pero peor que la del Norte, en la que callado puedes sobrevivir, sino en la del Sur, donde el \u00fanico dios es el dinero, y nadie vale nada, quiz\u00e1s muerto si, si est\u00e1s fresco\u2026 &hellip; <\/p>\n<p class=\"link-more\"><a href=\"https:\/\/pedrocasiano.es\/?page_id=975\" class=\"more-link\">Leer m\u00e1s<span class=\"screen-reader-text\"> \u00abUn Hogar en el Infierno\u00bb<\/span><\/a><\/p>\n","protected":false},"author":1,"featured_media":0,"parent":0,"menu_order":0,"comment_status":"closed","ping_status":"closed","template":"","meta":{"inspiro_hide_title":false,"footnotes":""},"class_list":["post-975","page","type-page","status-publish","hentry"],"featured_media_urls":[],"_links":{"self":[{"href":"https:\/\/pedrocasiano.es\/index.php?rest_route=\/wp\/v2\/pages\/975","targetHints":{"allow":["GET"]}}],"collection":[{"href":"https:\/\/pedrocasiano.es\/index.php?rest_route=\/wp\/v2\/pages"}],"about":[{"href":"https:\/\/pedrocasiano.es\/index.php?rest_route=\/wp\/v2\/types\/page"}],"author":[{"embeddable":true,"href":"https:\/\/pedrocasiano.es\/index.php?rest_route=\/wp\/v2\/users\/1"}],"replies":[{"embeddable":true,"href":"https:\/\/pedrocasiano.es\/index.php?rest_route=%2Fwp%2Fv2%2Fcomments&post=975"}],"version-history":[{"count":8,"href":"https:\/\/pedrocasiano.es\/index.php?rest_route=\/wp\/v2\/pages\/975\/revisions"}],"predecessor-version":[{"id":8237,"href":"https:\/\/pedrocasiano.es\/index.php?rest_route=\/wp\/v2\/pages\/975\/revisions\/8237"}],"wp:attachment":[{"href":"https:\/\/pedrocasiano.es\/index.php?rest_route=%2Fwp%2Fv2%2Fmedia&parent=975"}],"curies":[{"name":"wp","href":"https:\/\/api.w.org\/{rel}","templated":true}]}}