{"id":9730,"date":"2024-09-04T08:40:31","date_gmt":"2024-09-04T08:40:31","guid":{"rendered":"https:\/\/pedrocasiano.es\/?page_id=9730"},"modified":"2026-04-02T10:31:57","modified_gmt":"2026-04-02T08:31:57","slug":"letra-l","status":"publish","type":"page","link":"https:\/\/pedrocasiano.es\/?page_id=9730","title":{"rendered":"Letras H a M"},"content":{"rendered":"\n<div class=\"wp-block-cover alignfull is-light has-custom-content-position is-position-top-left\"><img decoding=\"async\" width=\"1200\" height=\"797\" class=\"wp-block-cover__image-background wp-image-9732 lazyload\" alt=\"\" data-src=\"https:\/\/pedrocasiano.es\/wp-content\/uploads\/2024\/09\/DSC_0607peque.jpg\" data-object-fit=\"cover\" src=\"data:image\/svg+xml;base64,PHN2ZyB3aWR0aD0iMSIgaGVpZ2h0PSIxIiB4bWxucz0iaHR0cDovL3d3dy53My5vcmcvMjAwMC9zdmciPjwvc3ZnPg==\" style=\"--smush-placeholder-width: 1200px; --smush-placeholder-aspect-ratio: 1200\/797;\" \/><span aria-hidden=\"true\" class=\"wp-block-cover__background has-background-dim\" style=\"background-color:#7e99b0\"><\/span><div class=\"wp-block-cover__inner-container has-global-padding is-layout-constrained wp-block-cover-is-layout-constrained\">\n<p>Letra H<\/p>\n\n\n\n<ul class=\"wp-block-list\">\n<li><a href=\"https:\/\/pedrocasiano.es\/?page_id=9640\" data-type=\"page\" data-id=\"9640\" target=\"_blank\" rel=\"noreferrer noopener\">Letra H<\/a><\/li>\n<\/ul>\n\n\n\n<p>Letra I<\/p>\n\n\n\n<ul class=\"wp-block-list\">\n<li><a href=\"https:\/\/pedrocasiano.es\/?page_id=9698\" data-type=\"page\" data-id=\"9698\" target=\"_blank\" rel=\"noreferrer noopener\">Letra I<\/a><\/li>\n<\/ul>\n\n\n\n<p>Letra J<\/p>\n\n\n\n<ul class=\"wp-block-list\">\n<li><a href=\"https:\/\/pedrocasiano.es\/?page_id=9719\" data-type=\"page\" data-id=\"9719\" target=\"_blank\" rel=\"noreferrer noopener\">Letra J<\/a><\/li>\n<\/ul>\n\n\n\n<p>Letra L<\/p>\n\n\n\n<ul class=\"wp-block-list\">\n<li><a href=\"https:\/\/pedrocasiano.es\/?page_id=9735\" data-type=\"page\" data-id=\"9735\" target=\"_blank\" rel=\"noreferrer noopener\">Letra L<\/a><\/li>\n<\/ul>\n\n\n\n<p>Letra M<\/p>\n\n\n\n<ul class=\"wp-block-list\">\n<li><a href=\"https:\/\/pedrocasiano.es\/?page_id=9740\" data-type=\"page\" data-id=\"9740\" target=\"_blank\" rel=\"noreferrer noopener\">Letra M. Primera Parte<\/a><\/li>\n\n\n\n<li><a href=\"https:\/\/pedrocasiano.es\/?page_id=10184\" data-type=\"page\" data-id=\"10184\" target=\"_blank\" rel=\"noreferrer noopener\">Letra M. Segunda Parte<\/a><\/li>\n<\/ul>\n\n\n\n<p><strong>Todos los Derechos Reservados<\/strong><\/p>\n\n\n\n<p class=\"has-text-align-center\"><strong>\u201cEstas novelas, publicaciones y dem\u00e1s, son obras de ficci\u00f3n. Los nombres, personajes, lugares e incidentes son producto de la imaginaci\u00f3n del autor o son utilizados de manera ficticia. Cualquier parecido con personas, vivas o muertas, o sucesos reales es pura coincidencia.\u201d<\/strong><\/p>\n<\/div><\/div>\n","protected":false},"excerpt":{"rendered":"","protected":false},"author":1,"featured_media":0,"parent":0,"menu_order":0,"comment_status":"closed","ping_status":"closed","template":"","meta":{"inspiro_hide_title":false,"footnotes":""},"class_list":["post-9730","page","type-page","status-publish","hentry"],"featured_media_urls":[],"_links":{"self":[{"href":"https:\/\/pedrocasiano.es\/index.php?rest_route=\/wp\/v2\/pages\/9730","targetHints":{"allow":["GET"]}}],"collection":[{"href":"https:\/\/pedrocasiano.es\/index.php?rest_route=\/wp\/v2\/pages"}],"about":[{"href":"https:\/\/pedrocasiano.es\/index.php?rest_route=\/wp\/v2\/types\/page"}],"author":[{"embeddable":true,"href":"https:\/\/pedrocasiano.es\/index.php?rest_route=\/wp\/v2\/users\/1"}],"replies":[{"embeddable":true,"href":"https:\/\/pedrocasiano.es\/index.php?rest_route=%2Fwp%2Fv2%2Fcomments&post=9730"}],"version-history":[{"count":8,"href":"https:\/\/pedrocasiano.es\/index.php?rest_route=\/wp\/v2\/pages\/9730\/revisions"}],"predecessor-version":[{"id":16657,"href":"https:\/\/pedrocasiano.es\/index.php?rest_route=\/wp\/v2\/pages\/9730\/revisions\/16657"}],"wp:attachment":[{"href":"https:\/\/pedrocasiano.es\/index.php?rest_route=%2Fwp%2Fv2%2Fmedia&parent=9730"}],"curies":[{"name":"wp","href":"https:\/\/api.w.org\/{rel}","templated":true}]}}