{"id":972,"date":"2024-02-16T12:37:16","date_gmt":"2024-02-16T12:37:16","guid":{"rendered":"https:\/\/pedrocasiano.es\/?page_id=972"},"modified":"2024-07-08T18:09:03","modified_gmt":"2024-07-08T18:09:03","slug":"la-soledad-del-diablo","status":"publish","type":"page","link":"https:\/\/pedrocasiano.es\/?page_id=972","title":{"rendered":"La Soledad del Diablo"},"content":{"rendered":"\n<p><\/p>\n\n\n\n<div class=\"wp-block-media-text is-stacked-on-mobile is-vertically-aligned-top\"><figure class=\"wp-block-media-text__media\"><img decoding=\"async\" width=\"533\" height=\"800\" data-src=\"https:\/\/pedrocasiano.es\/wp-content\/uploads\/2024\/03\/Soledad1peque.jpg\" alt=\"\" class=\"wp-image-5895 size-full lazyload\" src=\"data:image\/svg+xml;base64,PHN2ZyB3aWR0aD0iMSIgaGVpZ2h0PSIxIiB4bWxucz0iaHR0cDovL3d3dy53My5vcmcvMjAwMC9zdmciPjwvc3ZnPg==\" style=\"--smush-placeholder-width: 533px; --smush-placeholder-aspect-ratio: 533\/800;\" \/><\/figure><div class=\"wp-block-media-text__content\">\n<p>Subir en el escalaf\u00f3n social, llegar a lo m\u00e1s alto, salir del agujero en el que est\u00e1s y encontrar tu lugar en el sol.<\/p>\n\n\n\n<p><br>Esa es la esperanza, pero cuando llega, \u00bfa costa de que ha sido?, miras hacia atr\u00e1s, eres el diablo, el mismo diablo, has destruido todo, has hecho lo que cre\u00edas impensable, nadas en dinero, lo tienes todo, \u00bfTodo?<\/p>\n\n\n\n<p><br>Sexo, dinero, poder, pero al final vac\u00edo, solo vac\u00edo.<\/p>\n\n\n\n<p><br>Lujuria, sexo desenfrenado, la locura de cuerpos perfectos, amantes que destruir, desenfreno\u2026<\/p>\n\n\n\n<p><br>Huyes hacia ning\u00fan lugar y te pierdes en el camino, quieres m\u00e1s, pierdes m\u00e1s, aunque ganes todo.<\/p>\n\n\n\n<p><br>Es la soledad de los poderosos, de aquellos que lo han conseguido todo.<\/p>\n\n\n\n<p><br>\u00bfHa merecido la pena?<\/p>\n\n\n\n<p><br>Quiz\u00e1s s\u00ed, quiz\u00e1s no\u2026<\/p>\n<\/div><\/div>\n\n\n\n<figure class=\"wp-block-embed alignright is-type-rich is-provider-amazon wp-block-embed-amazon\"><div class=\"wp-block-embed__wrapper\">\n<iframe title=\"La Soledad del Diablo\" type=\"text\/html\" width=\"950\" height=\"550\" frameborder=\"0\" allowfullscreen style=\"max-width:100%\" data-src=\"https:\/\/leer.amazon.es\/kp\/card?preview=inline&#038;linkCode=kpd&#038;ref_=k4w_oembed_sGgrNRQVNxihsX&#038;asin=B09CVBDR3T&#038;tag=kpembed-20\" src=\"data:image\/svg+xml;base64,PHN2ZyB3aWR0aD0iMSIgaGVpZ2h0PSIxIiB4bWxucz0iaHR0cDovL3d3dy53My5vcmcvMjAwMC9zdmciPjwvc3ZnPg==\" class=\"lazyload\" data-load-mode=\"1\"><\/iframe>\n<\/div><\/figure>\n","protected":false},"excerpt":{"rendered":"<p>Subir en el escalaf\u00f3n social, llegar a lo m\u00e1s alto, salir del agujero en el que est\u00e1s y encontrar tu lugar en el sol. Esa es la esperanza, pero cuando llega, \u00bfa costa de que ha sido?, miras hacia atr\u00e1s, eres el diablo, el mismo diablo, has destruido todo, has hecho lo que cre\u00edas impensable, &hellip; <\/p>\n<p class=\"link-more\"><a href=\"https:\/\/pedrocasiano.es\/?page_id=972\" class=\"more-link\">Leer m\u00e1s<span class=\"screen-reader-text\"> \u00abLa Soledad del Diablo\u00bb<\/span><\/a><\/p>\n","protected":false},"author":1,"featured_media":0,"parent":0,"menu_order":0,"comment_status":"closed","ping_status":"closed","template":"","meta":{"inspiro_hide_title":false,"footnotes":""},"class_list":["post-972","page","type-page","status-publish","hentry"],"featured_media_urls":[],"_links":{"self":[{"href":"https:\/\/pedrocasiano.es\/index.php?rest_route=\/wp\/v2\/pages\/972","targetHints":{"allow":["GET"]}}],"collection":[{"href":"https:\/\/pedrocasiano.es\/index.php?rest_route=\/wp\/v2\/pages"}],"about":[{"href":"https:\/\/pedrocasiano.es\/index.php?rest_route=\/wp\/v2\/types\/page"}],"author":[{"embeddable":true,"href":"https:\/\/pedrocasiano.es\/index.php?rest_route=\/wp\/v2\/users\/1"}],"replies":[{"embeddable":true,"href":"https:\/\/pedrocasiano.es\/index.php?rest_route=%2Fwp%2Fv2%2Fcomments&post=972"}],"version-history":[{"count":5,"href":"https:\/\/pedrocasiano.es\/index.php?rest_route=\/wp\/v2\/pages\/972\/revisions"}],"predecessor-version":[{"id":8236,"href":"https:\/\/pedrocasiano.es\/index.php?rest_route=\/wp\/v2\/pages\/972\/revisions\/8236"}],"wp:attachment":[{"href":"https:\/\/pedrocasiano.es\/index.php?rest_route=%2Fwp%2Fv2%2Fmedia&parent=972"}],"curies":[{"name":"wp","href":"https:\/\/api.w.org\/{rel}","templated":true}]}}