{"id":9658,"date":"2024-09-04T05:45:12","date_gmt":"2024-09-04T05:45:12","guid":{"rendered":"https:\/\/pedrocasiano.es\/?page_id=9658"},"modified":"2026-04-02T10:11:01","modified_gmt":"2026-04-02T08:11:01","slug":"colores-tibios-etapa-i","status":"publish","type":"page","link":"https:\/\/pedrocasiano.es\/?page_id=9658","title":{"rendered":"Colores Tibios. Etapa I"},"content":{"rendered":"\n<div class=\"wp-block-cover alignwide is-light\" style=\"min-height:579px;aspect-ratio:unset;\"><img decoding=\"async\" width=\"1400\" height=\"785\" class=\"wp-block-cover__image-background wp-image-6164 lazyload\" alt=\"\" data-src=\"https:\/\/pedrocasiano.es\/wp-content\/uploads\/2024\/03\/ai-generated-8342424peque-1.jpg\" data-object-fit=\"cover\" src=\"data:image\/svg+xml;base64,PHN2ZyB3aWR0aD0iMSIgaGVpZ2h0PSIxIiB4bWxucz0iaHR0cDovL3d3dy53My5vcmcvMjAwMC9zdmciPjwvc3ZnPg==\" style=\"--smush-placeholder-width: 1400px; --smush-placeholder-aspect-ratio: 1400\/785;\" \/><span aria-hidden=\"true\" class=\"wp-block-cover__background has-background-dim\"><\/span><div class=\"wp-block-cover__inner-container has-global-padding is-layout-constrained wp-block-cover-is-layout-constrained\">\n<ul class=\"wp-block-list\">\n<li><a href=\"https:\/\/pedrocasiano.es\/?page_id=922\" target=\"_blank\" rel=\"noreferrer noopener\">Ojos So\u00f1adores<\/a><\/li>\n\n\n\n<li><a href=\"https:\/\/pedrocasiano.es\/?page_id=925\" target=\"_blank\" rel=\"noreferrer noopener\">El Mar, una Mujer<\/a><\/li>\n\n\n\n<li><a href=\"https:\/\/pedrocasiano.es\/?page_id=928\" target=\"_blank\" rel=\"noreferrer noopener\">Nostalgia<\/a><\/li>\n\n\n\n<li><a href=\"https:\/\/pedrocasiano.es\/?page_id=931\" target=\"_blank\" rel=\"noreferrer noopener\">Te Veo en la Esquina<\/a><\/li>\n\n\n\n<li><a href=\"https:\/\/pedrocasiano.es\/?page_id=934\" target=\"_blank\" rel=\"noreferrer noopener\">Han Pasado A\u00f1os<\/a><\/li>\n\n\n\n<li><a href=\"https:\/\/pedrocasiano.es\/?page_id=937\" target=\"_blank\" rel=\"noreferrer noopener\">Bajo la lluvia<\/a><\/li>\n\n\n\n<li><a href=\"https:\/\/pedrocasiano.es\/?page_id=940\" target=\"_blank\" rel=\"noreferrer noopener\">Bajo el Sol de Est\u00edo<\/a><\/li>\n\n\n\n<li><a href=\"https:\/\/pedrocasiano.es\/?page_id=943\" target=\"_blank\" rel=\"noreferrer noopener\">El mar<\/a><\/li>\n\n\n\n<li><a href=\"https:\/\/pedrocasiano.es\/?page_id=1036\" target=\"_blank\" rel=\"noreferrer noopener\">Esa mirada<\/a><\/li>\n\n\n\n<li><a href=\"https:\/\/pedrocasiano.es\/?page_id=1039\" target=\"_blank\" rel=\"noreferrer noopener\">\u00bfVolveremos a Pasear en Primavera? <\/a><\/li>\n\n\n\n<li><a href=\"https:\/\/pedrocasiano.es\/?page_id=1042\" target=\"_blank\" rel=\"noreferrer noopener\">Al Sol del Verano<\/a><\/li>\n\n\n\n<li><a href=\"https:\/\/pedrocasiano.es\/?page_id=1045\" target=\"_blank\" rel=\"noreferrer noopener\">Morena, arrastra tu larga falda<\/a><\/li>\n\n\n\n<li><a href=\"https:\/\/pedrocasiano.es\/?page_id=1048\" target=\"_blank\" rel=\"noreferrer noopener\">Paseo de verano<\/a><\/li>\n\n\n\n<li><a href=\"https:\/\/pedrocasiano.es\/?page_id=1051\" target=\"_blank\" rel=\"noreferrer noopener\">Revelaciones Ap\u00f3crifas<\/a><\/li>\n\n\n\n<li><a href=\"https:\/\/pedrocasiano.es\/?page_id=1054\" target=\"_blank\" rel=\"noreferrer noopener\">Tras de la Cortina<\/a><\/li>\n\n\n\n<li><a href=\"https:\/\/pedrocasiano.es\/?page_id=1057\" target=\"_blank\" rel=\"noreferrer noopener\">Tu Mirada Perdida en el Infinito<\/a><\/li>\n\n\n\n<li><a href=\"https:\/\/pedrocasiano.es\/?page_id=1059\" target=\"_blank\" rel=\"noreferrer noopener\">Me Gustar\u00eda Secarte<\/a><\/li>\n\n\n\n<li><a href=\"https:\/\/pedrocasiano.es\/?page_id=1062\" target=\"_blank\" rel=\"noreferrer noopener\">En los Picos de los Cuervos<\/a><\/li>\n\n\n\n<li><a href=\"https:\/\/pedrocasiano.es\/?page_id=1065\" target=\"_blank\" rel=\"noreferrer noopener\">Mujer, Gratia Plena<\/a><\/li>\n\n\n\n<li><a href=\"https:\/\/pedrocasiano.es\/?page_id=2148\" target=\"_blank\" rel=\"noreferrer noopener\">Paseo de Verano<\/a><\/li>\n\n\n\n<li><a href=\"https:\/\/pedrocasiano.es\/?page_id=2151\" target=\"_blank\" rel=\"noreferrer noopener\">Inocencia, Belleza Oculta<\/a><\/li>\n\n\n\n<li><a href=\"https:\/\/pedrocasiano.es\/?page_id=2154\" target=\"_blank\" rel=\"noreferrer noopener\">A\u00f1oranza<\/a><\/li>\n\n\n\n<li><a href=\"https:\/\/pedrocasiano.es\/?page_id=2401\" target=\"_blank\" rel=\"noreferrer noopener\">La Primera Flor<\/a><\/li>\n\n\n\n<li><a href=\"https:\/\/pedrocasiano.es\/?page_id=2404\" target=\"_blank\" rel=\"noreferrer noopener\">La Gitanilla se Abri\u00f3<\/a><\/li>\n\n\n\n<li><a href=\"https:\/\/pedrocasiano.es\/?page_id=2161\" target=\"_blank\" rel=\"noreferrer noopener\">Al Son de las Olas<\/a><\/li>\n\n\n\n<li><a href=\"https:\/\/pedrocasiano.es\/?page_id=2534\" target=\"_blank\" rel=\"noreferrer noopener\">El Arco de tus Piernas<\/a><\/li>\n\n\n\n<li><a href=\"https:\/\/pedrocasiano.es\/?page_id=2538\" target=\"_blank\" rel=\"noreferrer noopener\">Entre las Flores<\/a><\/li>\n\n\n\n<li><a href=\"https:\/\/pedrocasiano.es\/?page_id=2541\" target=\"_blank\" rel=\"noreferrer noopener\">Sue\u00f1as que So\u00f1aste un D\u00eda<\/a><\/li>\n\n\n\n<li><a href=\"https:\/\/pedrocasiano.es\/?page_id=2544\" target=\"_blank\" rel=\"noreferrer noopener\">D\u00e9jame Mujer Libar<\/a><\/li>\n\n\n\n<li><a href=\"https:\/\/pedrocasiano.es\/?page_id=2547\" target=\"_blank\" rel=\"noreferrer noopener\">El Aire de la Tormenta<\/a><\/li>\n<\/ul>\n\n\n\n<p><strong>Todos los Derechos Reservados<\/strong><\/p>\n\n\n\n<p><strong>\u201cEstas novelas, publicaciones y dem\u00e1s, son obras de ficci\u00f3n. Los nombres, personajes, lugares e incidentes son producto de la imaginaci\u00f3n del autor o son utilizados de manera ficticia. Cualquier parecido con personas, vivas o muertas, o sucesos reales es pura coincidencia.\u201d<\/strong><\/p>\n<\/div><\/div>\n","protected":false},"excerpt":{"rendered":"","protected":false},"author":1,"featured_media":0,"parent":0,"menu_order":0,"comment_status":"closed","ping_status":"closed","template":"","meta":{"inspiro_hide_title":false,"footnotes":""},"class_list":["post-9658","page","type-page","status-publish","hentry"],"featured_media_urls":[],"_links":{"self":[{"href":"https:\/\/pedrocasiano.es\/index.php?rest_route=\/wp\/v2\/pages\/9658","targetHints":{"allow":["GET"]}}],"collection":[{"href":"https:\/\/pedrocasiano.es\/index.php?rest_route=\/wp\/v2\/pages"}],"about":[{"href":"https:\/\/pedrocasiano.es\/index.php?rest_route=\/wp\/v2\/types\/page"}],"author":[{"embeddable":true,"href":"https:\/\/pedrocasiano.es\/index.php?rest_route=\/wp\/v2\/users\/1"}],"replies":[{"embeddable":true,"href":"https:\/\/pedrocasiano.es\/index.php?rest_route=%2Fwp%2Fv2%2Fcomments&post=9658"}],"version-history":[{"count":2,"href":"https:\/\/pedrocasiano.es\/index.php?rest_route=\/wp\/v2\/pages\/9658\/revisions"}],"predecessor-version":[{"id":16612,"href":"https:\/\/pedrocasiano.es\/index.php?rest_route=\/wp\/v2\/pages\/9658\/revisions\/16612"}],"wp:attachment":[{"href":"https:\/\/pedrocasiano.es\/index.php?rest_route=%2Fwp%2Fv2%2Fmedia&parent=9658"}],"curies":[{"name":"wp","href":"https:\/\/api.w.org\/{rel}","templated":true}]}}