{"id":937,"date":"2024-02-16T10:17:28","date_gmt":"2024-02-16T10:17:28","guid":{"rendered":"https:\/\/pedrocasiano.es\/?page_id=937"},"modified":"2024-02-16T10:52:42","modified_gmt":"2024-02-16T10:52:42","slug":"bajo-la-lluvia","status":"publish","type":"page","link":"https:\/\/pedrocasiano.es\/?page_id=937","title":{"rendered":"Bajo la lluvia"},"content":{"rendered":"\n<div class=\"wp-block-media-text is-stacked-on-mobile is-vertically-aligned-top\"><figure class=\"wp-block-media-text__media\"><img decoding=\"async\" width=\"248\" height=\"310\" data-src=\"https:\/\/pedrocasiano.es\/wp-content\/uploads\/2024\/02\/image-13.jpeg\" alt=\"No hay ninguna descripci\u00f3n de la foto disponible.\" class=\"wp-image-938 size-full lazyload\" src=\"data:image\/svg+xml;base64,PHN2ZyB3aWR0aD0iMSIgaGVpZ2h0PSIxIiB4bWxucz0iaHR0cDovL3d3dy53My5vcmcvMjAwMC9zdmciPjwvc3ZnPg==\" style=\"--smush-placeholder-width: 248px; --smush-placeholder-aspect-ratio: 248\/310;\" \/><\/figure><div class=\"wp-block-media-text__content\">\n<p>Bajo la lluvia<\/p>\n\n\n\n<p>Me esperas, bajo ella<\/p>\n\n\n\n<p>Sumida tu mirada<\/p>\n\n\n\n<p>En el brillo de las l\u00e1grimas<\/p>\n\n\n\n<p>De \u00e1ngeles ca\u00eddos<\/p>\n\n\n\n<p>Me <a><\/a>esperas<\/p>\n\n\n\n<p>Con la esperanza<\/p>\n\n\n\n<p>Del que nada duda<\/p>\n\n\n\n<p>Nada teme<\/p>\n\n\n\n<p>Nada le turba la mente<\/p>\n\n\n\n<p>Y dudo<\/p>\n\n\n\n<p>En la penumbra<\/p>\n\n\n\n<p>Viendo tus piernas desnudas<\/p>\n\n\n\n<p>Terminar en la punta de tus tacones<\/p>\n\n\n\n<p>Y dudo<\/p>\n\n\n\n<p>Enciendo un cigarro h\u00famedo<\/p>\n\n\n\n<p>Y dudo, mientras las venas amarillas<\/p>\n\n\n\n<p>sobre el blanco papel se muestran<\/p>\n\n\n\n<p>Te veo agachar la cabeza,<\/p>\n\n\n\n<p>y caer tu pelo negro sobre tus rodillas<\/p>\n\n\n\n<p>Y dudo, y lloro<\/p>\n\n\n\n<p>\u00bfQu\u00e9 hago?<\/p>\n\n\n\n<p>\u00bfLe digo que no la quiero?<\/p>\n\n\n\n<p>Aunque por ella en las noches muero<\/p>\n\n\n\n<p>\u00bfLe digo que solo seremos amigos?<\/p>\n\n\n\n<p>Cuando guardo la sombra de su cuerpo en el c\u00e1liz de mis pensamientos.<\/p>\n\n\n\n<p>Agacho la cabeza, y te miro<\/p>\n\n\n\n<p>A trav\u00e9s del tu traslucido paraguas<\/p>\n\n\n\n<p>Que difumina con la lluvia<\/p>\n\n\n\n<p>La belleza de tu semblante<\/p>\n\n\n\n<p>Y me despierta el humo de mi cigarro<\/p>\n\n\n\n<p>Y dudo,<\/p>\n\n\n\n<p>Porque te quiero hasta la muerte<\/p>\n\n\n\n<p>Pero no puedo morir<\/p>\n\n\n\n<p>Estoy aqu\u00ed, embelesado<\/p>\n\n\n\n<p>Para decirte que me voy de tu lado<\/p>\n\n\n\n<p>Que lo que te repet\u00eda<\/p>\n\n\n\n<p>Era solo mentira, d\u00eda a d\u00eda,<\/p>\n\n\n\n<p>Y se me escapa una l\u00e1grima<\/p>\n\n\n\n<p>Que no es de lluvia<\/p>\n\n\n\n<p>Es la de quien no ha llorado<\/p>\n\n\n\n<p>Desde que alcanza el recuerdo<\/p>\n\n\n\n<p>Y te miro, de nuevo, otra vez<\/p>\n\n\n\n<p>Y creo que voy a morir<\/p>\n\n\n\n<p>Cuando de nuevo,<\/p>\n\n\n\n<p>Como si me vieras<\/p>\n\n\n\n<p>Mueves la melena<\/p>\n\n\n\n<p>Y el coraz\u00f3n se me para<\/p>\n\n\n\n<p>Siento sin ver tu mirada<\/p>\n\n\n\n<p>Pero apago el cigarro<\/p>\n\n\n\n<p>Contra la desnuda pared<\/p>\n\n\n\n<p>Y por primera vez,<\/p>\n\n\n\n<p>siento miedo<\/p>\n\n\n\n<p>Te miro, \u00faltima vez,<\/p>\n\n\n\n<p>Y cobarde,<\/p>\n\n\n\n<p>me marcho con mi miedo.<\/p>\n<\/div><\/div>\n","protected":false},"excerpt":{"rendered":"<p>Bajo la lluvia Me esperas, bajo ella Sumida tu mirada En el brillo de las l\u00e1grimas De \u00e1ngeles ca\u00eddos Me esperas Con la esperanza Del que nada duda Nada teme Nada le turba la mente Y dudo En la penumbra Viendo tus piernas desnudas Terminar en la punta de tus tacones Y dudo Enciendo un &hellip; <\/p>\n<p class=\"link-more\"><a href=\"https:\/\/pedrocasiano.es\/?page_id=937\" class=\"more-link\">Leer m\u00e1s<span class=\"screen-reader-text\"> \u00abBajo la lluvia\u00bb<\/span><\/a><\/p>\n","protected":false},"author":1,"featured_media":0,"parent":0,"menu_order":0,"comment_status":"closed","ping_status":"closed","template":"","meta":{"inspiro_hide_title":false,"footnotes":""},"class_list":["post-937","page","type-page","status-publish","hentry"],"featured_media_urls":[],"_links":{"self":[{"href":"https:\/\/pedrocasiano.es\/index.php?rest_route=\/wp\/v2\/pages\/937","targetHints":{"allow":["GET"]}}],"collection":[{"href":"https:\/\/pedrocasiano.es\/index.php?rest_route=\/wp\/v2\/pages"}],"about":[{"href":"https:\/\/pedrocasiano.es\/index.php?rest_route=\/wp\/v2\/types\/page"}],"author":[{"embeddable":true,"href":"https:\/\/pedrocasiano.es\/index.php?rest_route=\/wp\/v2\/users\/1"}],"replies":[{"embeddable":true,"href":"https:\/\/pedrocasiano.es\/index.php?rest_route=%2Fwp%2Fv2%2Fcomments&post=937"}],"version-history":[{"count":3,"href":"https:\/\/pedrocasiano.es\/index.php?rest_route=\/wp\/v2\/pages\/937\/revisions"}],"predecessor-version":[{"id":10159,"href":"https:\/\/pedrocasiano.es\/index.php?rest_route=\/wp\/v2\/pages\/937\/revisions\/10159"}],"wp:attachment":[{"href":"https:\/\/pedrocasiano.es\/index.php?rest_route=%2Fwp%2Fv2%2Fmedia&parent=937"}],"curies":[{"name":"wp","href":"https:\/\/api.w.org\/{rel}","templated":true}]}}