{"id":934,"date":"2024-02-16T10:15:53","date_gmt":"2024-02-16T10:15:53","guid":{"rendered":"https:\/\/pedrocasiano.es\/?page_id=934"},"modified":"2024-09-07T15:43:11","modified_gmt":"2024-09-07T15:43:11","slug":"han-pasado-anos-querida","status":"publish","type":"page","link":"https:\/\/pedrocasiano.es\/?page_id=934","title":{"rendered":"Han Pasado A\u00f1os, Querida"},"content":{"rendered":"\n<p><\/p>\n\n\n\n<div class=\"wp-block-media-text is-stacked-on-mobile is-vertically-aligned-top\"><figure class=\"wp-block-media-text__media\"><img decoding=\"async\" width=\"461\" height=\"933\" data-src=\"https:\/\/pedrocasiano.es\/wp-content\/uploads\/2024\/02\/image-12.jpeg\" alt=\"No hay ninguna descripci\u00f3n de la foto disponible.\" class=\"wp-image-935 size-full lazyload\" src=\"data:image\/svg+xml;base64,PHN2ZyB3aWR0aD0iMSIgaGVpZ2h0PSIxIiB4bWxucz0iaHR0cDovL3d3dy53My5vcmcvMjAwMC9zdmciPjwvc3ZnPg==\" style=\"--smush-placeholder-width: 461px; --smush-placeholder-aspect-ratio: 461\/933;\" \/><\/figure><div class=\"wp-block-media-text__content\">\n<p>Han pasado a\u00f1os, querida<\/p>\n\n\n\n<p>A\u00f1os de nuestra vida<\/p>\n\n\n\n<p>A m\u00ed, me han marcado<\/p>\n\n\n\n<p>A ti te han amado<\/p>\n\n\n\n<p>Y te veo en el jard\u00edn<\/p>\n\n\n\n<p><a><\/a>Recogiendo los rosales<\/p>\n\n\n\n<p>Y pienso en la suerte<\/p>\n\n\n\n<p>De todos los atardeceres juntos,<\/p>\n\n\n\n<p>De las noches abrazados<\/p>\n\n\n\n<p>Y de los amaneceres<\/p>\n\n\n\n<p>\u00a1Esos amaneceres exhaustos!<\/p>\n\n\n\n<p>Cuando las ojeras, el cansancio<\/p>\n\n\n\n<p>Solo provocaban una sonrisa<\/p>\n\n\n\n<p>Hoy, pasado el tiempo<\/p>\n\n\n\n<p>El amor calmado<\/p>\n\n\n\n<p>Del cuerpo cansado<\/p>\n\n\n\n<p>Ya necesita otro tempo,<\/p>\n\n\n\n<p>No m\u00e1s fuerte, no m\u00e1s lento<\/p>\n\n\n\n<p>Solo distinto,<\/p>\n\n\n\n<p>Pero cuando te miro<\/p>\n\n\n\n<p>Cuerpo cansado,<\/p>\n\n\n\n<p>De los a\u00f1os vividos,<\/p>\n\n\n\n<p>Aun veo tu cara, cuando<\/p>\n\n\n\n<p>De ella, la sonrisa no escapaba<\/p>\n\n\n\n<p>El futuro era incierto y maravilloso<\/p>\n\n\n\n<p>Y ahora, solo queda,<\/p>\n\n\n\n<p>Te lo digo<\/p>\n\n\n\n<p>Todo queda<\/p>\n\n\n\n<p>Eres la misma<\/p>\n\n\n\n<p>Que am\u00e9 con desenfreno<\/p>\n\n\n\n<p>Que amo con locura<\/p>\n\n\n\n<p>Y que morir\u00e9<\/p>\n\n\n\n<p>con tu semblante<\/p>\n\n\n\n<p>en mi mente<\/p>\n\n\n\n<p>amor m\u00edo.<\/p>\n<\/div><\/div>\n","protected":false},"excerpt":{"rendered":"<p>Han pasado a\u00f1os, querida A\u00f1os de nuestra vida A m\u00ed, me han marcado A ti te han amado Y te veo en el jard\u00edn Recogiendo los rosales Y pienso en la suerte De todos los atardeceres juntos, De las noches abrazados Y de los amaneceres \u00a1Esos amaneceres exhaustos! Cuando las ojeras, el cansancio Solo provocaban &hellip; <\/p>\n<p class=\"link-more\"><a href=\"https:\/\/pedrocasiano.es\/?page_id=934\" class=\"more-link\">Leer m\u00e1s<span class=\"screen-reader-text\"> \u00abHan Pasado A\u00f1os, Querida\u00bb<\/span><\/a><\/p>\n","protected":false},"author":1,"featured_media":0,"parent":0,"menu_order":0,"comment_status":"closed","ping_status":"closed","template":"","meta":{"inspiro_hide_title":false,"footnotes":""},"class_list":["post-934","page","type-page","status-publish","hentry"],"featured_media_urls":[],"_links":{"self":[{"href":"https:\/\/pedrocasiano.es\/index.php?rest_route=\/wp\/v2\/pages\/934","targetHints":{"allow":["GET"]}}],"collection":[{"href":"https:\/\/pedrocasiano.es\/index.php?rest_route=\/wp\/v2\/pages"}],"about":[{"href":"https:\/\/pedrocasiano.es\/index.php?rest_route=\/wp\/v2\/types\/page"}],"author":[{"embeddable":true,"href":"https:\/\/pedrocasiano.es\/index.php?rest_route=\/wp\/v2\/users\/1"}],"replies":[{"embeddable":true,"href":"https:\/\/pedrocasiano.es\/index.php?rest_route=%2Fwp%2Fv2%2Fcomments&post=934"}],"version-history":[{"count":4,"href":"https:\/\/pedrocasiano.es\/index.php?rest_route=\/wp\/v2\/pages\/934\/revisions"}],"predecessor-version":[{"id":10396,"href":"https:\/\/pedrocasiano.es\/index.php?rest_route=\/wp\/v2\/pages\/934\/revisions\/10396"}],"wp:attachment":[{"href":"https:\/\/pedrocasiano.es\/index.php?rest_route=%2Fwp%2Fv2%2Fmedia&parent=934"}],"curies":[{"name":"wp","href":"https:\/\/api.w.org\/{rel}","templated":true}]}}