{"id":931,"date":"2024-02-16T10:14:35","date_gmt":"2024-02-16T10:14:35","guid":{"rendered":"https:\/\/pedrocasiano.es\/?page_id=931"},"modified":"2024-09-07T15:42:53","modified_gmt":"2024-09-07T15:42:53","slug":"te-veo-en-la-esquina","status":"publish","type":"page","link":"https:\/\/pedrocasiano.es\/?page_id=931","title":{"rendered":"Te Veo en la Esquina"},"content":{"rendered":"\n<div class=\"wp-block-media-text is-stacked-on-mobile is-vertically-aligned-top\"><figure class=\"wp-block-media-text__media\"><img decoding=\"async\" width=\"429\" height=\"652\" data-src=\"https:\/\/pedrocasiano.es\/wp-content\/uploads\/2024\/02\/image-11.jpeg\" alt=\"No hay ninguna descripci\u00f3n de la foto disponible.\" class=\"wp-image-932 size-full lazyload\" src=\"data:image\/svg+xml;base64,PHN2ZyB3aWR0aD0iMSIgaGVpZ2h0PSIxIiB4bWxucz0iaHR0cDovL3d3dy53My5vcmcvMjAwMC9zdmciPjwvc3ZnPg==\" style=\"--smush-placeholder-width: 429px; --smush-placeholder-aspect-ratio: 429\/652;\" \/><\/figure><div class=\"wp-block-media-text__content\">\n<p>Te veo en la esquina<\/p>\n\n\n\n<p>Mientras te espero<\/p>\n\n\n\n<p>Esperando dejarte<\/p>\n\n\n\n<p>Aunque no quiero<\/p>\n\n\n\n<p>Te amo m\u00e1s que a la vida<\/p>\n\n\n\n<p>M\u00e1s <a><\/a>que a todo<\/p>\n\n\n\n<p>M\u00e1s que al futuro, m\u00e1s que al pasado<\/p>\n\n\n\n<p>Pero no puedo darte nada,<\/p>\n\n\n\n<p>T\u00fa has nacido de plata<\/p>\n\n\n\n<p>Yo apenas si me quito la herrumbre,<\/p>\n\n\n\n<p>Tu eres tranquila y amable<\/p>\n\n\n\n<p>Yo salvaje y rudo<\/p>\n\n\n\n<p>Amas la tranquilidad<\/p>\n\n\n\n<p>Yo el desaf\u00edo, y la lucha<\/p>\n\n\n\n<p>\u00bfQu\u00e9 vida te dar\u00eda?<\/p>\n\n\n\n<p>Nada tengo, solo la fuerza incontrolable<\/p>\n\n\n\n<p>Del que no conoce el miedo<\/p>\n\n\n\n<p>Del que no le importa la dureza de la senda<\/p>\n\n\n\n<p>Ni del enemigo la estatura<\/p>\n\n\n\n<p>Soy el que est\u00e1 loco,<\/p>\n\n\n\n<p>El que se\u00f1alan con miedo<\/p>\n\n\n\n<p>El animal del que todos temen<\/p>\n\n\n\n<p>Que no teme desaf\u00edo,<\/p>\n\n\n\n<p>Que no teme a nada<\/p>\n\n\n\n<p>Solo a que tener que dejarte<\/p>\n\n\n\n<p>Y tiemblo como una hoja<\/p>\n\n\n\n<p>Sabiendo, que mi amor<\/p>\n\n\n\n<p>Lo mejor es que me olvides<\/p>\n\n\n\n<p>\u00bfQu\u00e9 te puedo dar?<\/p>\n\n\n\n<p>Mis libros, mi poes\u00eda,<\/p>\n\n\n\n<p>Mis problemas d\u00eda a d\u00eda<\/p>\n\n\n\n<p>T\u00fa tambi\u00e9n tendr\u00e1s que quedar de pie<\/p>\n\n\n\n<p>Sin agachar, sin ponerte de rodillas<\/p>\n\n\n\n<p>Y hay que pagar un precio,<\/p>\n\n\n\n<p>Que no quiero que sea el tuyo<\/p>\n\n\n\n<p>Y maldigo mil veces,<\/p>\n\n\n\n<p>El no poder evitar ser orgulloso y altanero<\/p>\n\n\n\n<p>Por ti querr\u00eda y quiero<\/p>\n\n\n\n<p>Ser tranquilo, de los de sonrisa esquiva<\/p>\n\n\n\n<p>De los de decir mentira,<\/p>\n\n\n\n<p>Pero mi amor, no puedo.<\/p>\n\n\n\n<p>Te acercas con tu sonrisa<\/p>\n\n\n\n<p>Mi coraz\u00f3n me da un vuelco<\/p>\n\n\n\n<p>\u00bfD\u00f3nde est\u00e1 el que a nada tiene miedo?<\/p>\n\n\n\n<p>Me miras con tus ojos verdes<\/p>\n\n\n\n<p>Las esmeraldas ca\u00eddas del cielo<\/p>\n\n\n\n<p>Tus labios dibujados por un pintor de \u00e1ngeles<\/p>\n\n\n\n<p>Y tu semblante, bello como el m\u00e1s bello continente<\/p>\n\n\n\n<p>Y antes de que pueda decir nada,<\/p>\n\n\n\n<p>Me miras con cara triste,<\/p>\n\n\n\n<p>Esa que sabes que me mata<\/p>\n\n\n\n<p>Agachas la cabeza y<\/p>\n\n\n\n<p>Casi en un susurro me dices<\/p>\n\n\n\n<p>\u201cEstoy embarazada\u201d<\/p>\n\n\n\n<p>Y se acabaron las dudas,<\/p>\n\n\n\n<p>Y se acabaron los miedos,<\/p>\n\n\n\n<p>La abrazas para romperla<\/p>\n\n\n\n<p>Tienes camada le\u00f3n,<\/p>\n\n\n\n<p>Tienes con ella un sue\u00f1o<\/p>\n\n\n\n<p>\u00bfQu\u00e9 har\u00e1s luchador?<\/p>\n\n\n\n<p>Agachas por primera vez la cabeza<\/p>\n\n\n\n<p>La besas y sonr\u00edes.<\/p>\n\n\n\n<p>Que bella es esta mierda de vida<\/p>\n\n\n\n<p>Y miras las esmeraldas en sus ojos<\/p>\n\n\n\n<p>Y su dibujada sonrisa<\/p>\n\n\n\n<p>Y sabes que ella es feliz<\/p>\n\n\n\n<p>Bendita sea su alma<\/p>\n\n\n\n<p>Y perdonas a la vida<\/p>\n\n\n\n<p>Quiz\u00e1s tambi\u00e9n a cualquiera<\/p>\n\n\n\n<p>Pues ella est\u00e1 en el mundo<\/p>\n\n\n\n<p>Y con ella,<\/p>\n\n\n\n<p>Lo que en sus entra\u00f1as lleva.<\/p>\n<\/div><\/div>\n","protected":false},"excerpt":{"rendered":"<p>Te veo en la esquina Mientras te espero Esperando dejarte Aunque no quiero Te amo m\u00e1s que a la vida M\u00e1s que a todo M\u00e1s que al futuro, m\u00e1s que al pasado Pero no puedo darte nada, T\u00fa has nacido de plata Yo apenas si me quito la herrumbre, Tu eres tranquila y amable Yo &hellip; <\/p>\n<p class=\"link-more\"><a href=\"https:\/\/pedrocasiano.es\/?page_id=931\" class=\"more-link\">Leer m\u00e1s<span class=\"screen-reader-text\"> \u00abTe Veo en la Esquina\u00bb<\/span><\/a><\/p>\n","protected":false},"author":1,"featured_media":0,"parent":0,"menu_order":0,"comment_status":"closed","ping_status":"closed","template":"","meta":{"inspiro_hide_title":false,"footnotes":""},"class_list":["post-931","page","type-page","status-publish","hentry"],"featured_media_urls":[],"_links":{"self":[{"href":"https:\/\/pedrocasiano.es\/index.php?rest_route=\/wp\/v2\/pages\/931","targetHints":{"allow":["GET"]}}],"collection":[{"href":"https:\/\/pedrocasiano.es\/index.php?rest_route=\/wp\/v2\/pages"}],"about":[{"href":"https:\/\/pedrocasiano.es\/index.php?rest_route=\/wp\/v2\/types\/page"}],"author":[{"embeddable":true,"href":"https:\/\/pedrocasiano.es\/index.php?rest_route=\/wp\/v2\/users\/1"}],"replies":[{"embeddable":true,"href":"https:\/\/pedrocasiano.es\/index.php?rest_route=%2Fwp%2Fv2%2Fcomments&post=931"}],"version-history":[{"count":4,"href":"https:\/\/pedrocasiano.es\/index.php?rest_route=\/wp\/v2\/pages\/931\/revisions"}],"predecessor-version":[{"id":10786,"href":"https:\/\/pedrocasiano.es\/index.php?rest_route=\/wp\/v2\/pages\/931\/revisions\/10786"}],"wp:attachment":[{"href":"https:\/\/pedrocasiano.es\/index.php?rest_route=%2Fwp%2Fv2%2Fmedia&parent=931"}],"curies":[{"name":"wp","href":"https:\/\/api.w.org\/{rel}","templated":true}]}}