{"id":925,"date":"2024-02-16T10:10:24","date_gmt":"2024-02-16T10:10:24","guid":{"rendered":"https:\/\/pedrocasiano.es\/?page_id=925"},"modified":"2024-02-16T10:51:29","modified_gmt":"2024-02-16T10:51:29","slug":"el-mar-una-mujer","status":"publish","type":"page","link":"https:\/\/pedrocasiano.es\/?page_id=925","title":{"rendered":"El Mar, una Mujer"},"content":{"rendered":"\n<div class=\"wp-block-media-text is-stacked-on-mobile is-vertically-aligned-top\"><figure class=\"wp-block-media-text__media\"><img decoding=\"async\" width=\"600\" height=\"821\" data-src=\"https:\/\/pedrocasiano.es\/wp-content\/uploads\/2024\/02\/image-2.jpeg\" alt=\"No hay ninguna descripci\u00f3n de la foto disponible.\" class=\"wp-image-926 size-full lazyload\" src=\"data:image\/svg+xml;base64,PHN2ZyB3aWR0aD0iMSIgaGVpZ2h0PSIxIiB4bWxucz0iaHR0cDovL3d3dy53My5vcmcvMjAwMC9zdmciPjwvc3ZnPg==\" style=\"--smush-placeholder-width: 600px; --smush-placeholder-aspect-ratio: 600\/821;\" \/><\/figure><div class=\"wp-block-media-text__content\">\n<p>El mar, una mujer<\/p>\n\n\n\n<p>Y tras de ella<\/p>\n\n\n\n<p>El atardecer<\/p>\n\n\n\n<p>Y los barcos que en lejan\u00eda<\/p>\n\n\n\n<p>Sus sirenas hacen sonar<\/p>\n\n\n\n<p>Y la <a><\/a>algarab\u00eda<\/p>\n\n\n\n<p>De gaviotas que bailan sin cesar<\/p>\n\n\n\n<p>Cuerpo de arena y brisa marina<\/p>\n\n\n\n<p>Cabello de rizos de mar<\/p>\n\n\n\n<p>Invitaci\u00f3n a la vida<\/p>\n\n\n\n<p>La maravilla que deseo amar<\/p>\n\n\n\n<p>Sol que se esconde tras la monta\u00f1a de arena<\/p>\n\n\n\n<p>Dunas de movimiento lento<\/p>\n\n\n\n<p>Que se enjaezan in\u00fatiles<\/p>\n\n\n\n<p>Para competir con tu belleza<\/p>\n\n\n\n<p>Dos faros de luz estrecha iluminan la tarde<\/p>\n\n\n\n<p>Henchidos por mis labios que los besan<\/p>\n\n\n\n<p>Y tu talle de piedra marina, arde<\/p>\n\n\n\n<p>Y en tu cola partida<\/p>\n\n\n\n<p>Me pierdo, que quedo dormido<\/p>\n\n\n\n<p>Al movimiento de la humedad<\/p>\n\n\n\n<p>Del c\u00e1lido latido<\/p>\n\n\n\n<p>De tu estrechez divina<\/p>\n\n\n\n<p>Y vengo y me voy<\/p>\n\n\n\n<p>Aunque no quiero<\/p>\n\n\n\n<p>Y te tengo y estoy<\/p>\n\n\n\n<p>Y viviendo, muero<\/p>\n\n\n\n<p>Del simple pensamiento<\/p>\n\n\n\n<p>De que esto termine<\/p>\n\n\n\n<p>De que solo sea este momento<\/p>\n\n\n\n<p>Y miro las candelas<\/p>\n\n\n\n<p>Bajo tus cejas<\/p>\n\n\n\n<p>Tus libertades rojas<\/p>\n\n\n\n<p>Que esconden sonrisa y n\u00e1car<\/p>\n\n\n\n<p>Y me dejo caer, que no es un sue\u00f1o<\/p>\n\n\n\n<p>Y en ti me vuelvo a dejar vagar<\/p>\n\n\n\n<p>Perdido en tu eterno camino<\/p>\n\n\n\n<p>En tus vac\u00edos que lleno<\/p>\n\n\n\n<p>En tus caminos perdidos<\/p>\n\n\n\n<p>Y sue\u00f1o que vivo ahora<\/p>\n\n\n\n<p>Que ahora vivo en tu sue\u00f1o<\/p>\n\n\n\n<p>Y me arremeto en la cama<\/p>\n\n\n\n<p>Con tus oquedades dentro<\/p>\n\n\n\n<p>Y a pesar de que s\u00e9 que te fuiste<\/p>\n\n\n\n<p>Tus oquedades, que creo vac\u00edas<\/p>\n\n\n\n<p>Tus oquedades, lleno.<\/p>\n\n\n\n<p>PCGC Siete de Abril de 2.021<\/p>\n\n\n\n<p>Tercer a\u00f1o de Soledades<\/p>\n\n\n\n<p>Pintura de Sergio Mart\u00ednez Cifuentes<\/p>\n<\/div><\/div>\n","protected":false},"excerpt":{"rendered":"<p>El mar, una mujer Y tras de ella El atardecer Y los barcos que en lejan\u00eda Sus sirenas hacen sonar Y la algarab\u00eda De gaviotas que bailan sin cesar Cuerpo de arena y brisa marina Cabello de rizos de mar Invitaci\u00f3n a la vida La maravilla que deseo amar Sol que se esconde tras la &hellip; <\/p>\n<p class=\"link-more\"><a href=\"https:\/\/pedrocasiano.es\/?page_id=925\" class=\"more-link\">Leer m\u00e1s<span class=\"screen-reader-text\"> \u00abEl Mar, una Mujer\u00bb<\/span><\/a><\/p>\n","protected":false},"author":1,"featured_media":0,"parent":0,"menu_order":0,"comment_status":"closed","ping_status":"closed","template":"","meta":{"inspiro_hide_title":false,"footnotes":""},"class_list":["post-925","page","type-page","status-publish","hentry"],"featured_media_urls":[],"_links":{"self":[{"href":"https:\/\/pedrocasiano.es\/index.php?rest_route=\/wp\/v2\/pages\/925","targetHints":{"allow":["GET"]}}],"collection":[{"href":"https:\/\/pedrocasiano.es\/index.php?rest_route=\/wp\/v2\/pages"}],"about":[{"href":"https:\/\/pedrocasiano.es\/index.php?rest_route=\/wp\/v2\/types\/page"}],"author":[{"embeddable":true,"href":"https:\/\/pedrocasiano.es\/index.php?rest_route=\/wp\/v2\/users\/1"}],"replies":[{"embeddable":true,"href":"https:\/\/pedrocasiano.es\/index.php?rest_route=%2Fwp%2Fv2%2Fcomments&post=925"}],"version-history":[{"count":3,"href":"https:\/\/pedrocasiano.es\/index.php?rest_route=\/wp\/v2\/pages\/925\/revisions"}],"predecessor-version":[{"id":10331,"href":"https:\/\/pedrocasiano.es\/index.php?rest_route=\/wp\/v2\/pages\/925\/revisions\/10331"}],"wp:attachment":[{"href":"https:\/\/pedrocasiano.es\/index.php?rest_route=%2Fwp%2Fv2%2Fmedia&parent=925"}],"curies":[{"name":"wp","href":"https:\/\/api.w.org\/{rel}","templated":true}]}}