{"id":922,"date":"2024-02-16T10:09:02","date_gmt":"2024-02-16T10:09:02","guid":{"rendered":"https:\/\/pedrocasiano.es\/?page_id=922"},"modified":"2024-09-07T15:42:02","modified_gmt":"2024-09-07T15:42:02","slug":"ojos-sonadores","status":"publish","type":"page","link":"https:\/\/pedrocasiano.es\/?page_id=922","title":{"rendered":"Ojos So\u00f1adores"},"content":{"rendered":"\n<div class=\"wp-block-media-text is-stacked-on-mobile is-vertically-aligned-top\"><figure class=\"wp-block-media-text__media\"><img decoding=\"async\" width=\"564\" height=\"798\" data-src=\"https:\/\/pedrocasiano.es\/wp-content\/uploads\/2024\/02\/image.jpeg\" alt=\"No hay ninguna descripci\u00f3n de la foto disponible.\" class=\"wp-image-923 size-full lazyload\" src=\"data:image\/svg+xml;base64,PHN2ZyB3aWR0aD0iMSIgaGVpZ2h0PSIxIiB4bWxucz0iaHR0cDovL3d3dy53My5vcmcvMjAwMC9zdmciPjwvc3ZnPg==\" style=\"--smush-placeholder-width: 564px; --smush-placeholder-aspect-ratio: 564\/798;\" \/><\/figure><div class=\"wp-block-media-text__content\">\n<p>Ojos so\u00f1adores<\/p>\n\n\n\n<p>L\u00e1nguida mirada<\/p>\n\n\n\n<p>Perdida en el mar<\/p>\n\n\n\n<p>De tus ojos claros<\/p>\n\n\n\n<p>\u00bfQu\u00e9 sue\u00f1as belleza?<\/p>\n\n\n\n<p>No <a><\/a>me lo digas<\/p>\n\n\n\n<p>No seas cruel<\/p>\n\n\n\n<p>Porque quiz\u00e1s, mi amada<\/p>\n\n\n\n<p>Yo no est\u00e9 en ellos<\/p>\n\n\n\n<p>Y mi alma llore<\/p>\n\n\n\n<p>En la l\u00e1nguida mirada<\/p>\n\n\n\n<p>De mi sirena<\/p>\n\n\n\n<p>De los ojos claros<\/p>\n<\/div><\/div>\n","protected":false},"excerpt":{"rendered":"<p>Ojos so\u00f1adores L\u00e1nguida mirada Perdida en el mar De tus ojos claros \u00bfQu\u00e9 sue\u00f1as belleza? No me lo digas No seas cruel Porque quiz\u00e1s, mi amada Yo no est\u00e9 en ellos Y mi alma llore En la l\u00e1nguida mirada De mi sirena De los ojos claros<\/p>\n","protected":false},"author":1,"featured_media":0,"parent":0,"menu_order":0,"comment_status":"closed","ping_status":"closed","template":"","meta":{"inspiro_hide_title":false,"footnotes":""},"class_list":["post-922","page","type-page","status-publish","hentry"],"featured_media_urls":[],"_links":{"self":[{"href":"https:\/\/pedrocasiano.es\/index.php?rest_route=\/wp\/v2\/pages\/922","targetHints":{"allow":["GET"]}}],"collection":[{"href":"https:\/\/pedrocasiano.es\/index.php?rest_route=\/wp\/v2\/pages"}],"about":[{"href":"https:\/\/pedrocasiano.es\/index.php?rest_route=\/wp\/v2\/types\/page"}],"author":[{"embeddable":true,"href":"https:\/\/pedrocasiano.es\/index.php?rest_route=\/wp\/v2\/users\/1"}],"replies":[{"embeddable":true,"href":"https:\/\/pedrocasiano.es\/index.php?rest_route=%2Fwp%2Fv2%2Fcomments&post=922"}],"version-history":[{"count":3,"href":"https:\/\/pedrocasiano.es\/index.php?rest_route=\/wp\/v2\/pages\/922\/revisions"}],"predecessor-version":[{"id":10632,"href":"https:\/\/pedrocasiano.es\/index.php?rest_route=\/wp\/v2\/pages\/922\/revisions\/10632"}],"wp:attachment":[{"href":"https:\/\/pedrocasiano.es\/index.php?rest_route=%2Fwp%2Fv2%2Fmedia&parent=922"}],"curies":[{"name":"wp","href":"https:\/\/api.w.org\/{rel}","templated":true}]}}