{"id":9145,"date":"2024-08-21T07:49:46","date_gmt":"2024-08-21T07:49:46","guid":{"rendered":"https:\/\/pedrocasiano.es\/?page_id=9145"},"modified":"2026-04-02T10:14:30","modified_gmt":"2026-04-02T08:14:30","slug":"azul-iii","status":"publish","type":"page","link":"https:\/\/pedrocasiano.es\/?page_id=9145","title":{"rendered":"Azul III"},"content":{"rendered":"\n<div class=\"wp-block-cover alignfull is-light has-custom-content-position is-position-top-left\" style=\"min-height:875px;aspect-ratio:unset;\"><img decoding=\"async\" width=\"1024\" height=\"578\" class=\"wp-block-cover__image-background wp-image-9146 lazyload\" alt=\"\" data-src=\"https:\/\/pedrocasiano.es\/wp-content\/uploads\/2024\/08\/ai-generated-8612879peque.jpg\" data-object-fit=\"cover\" src=\"data:image\/svg+xml;base64,PHN2ZyB3aWR0aD0iMSIgaGVpZ2h0PSIxIiB4bWxucz0iaHR0cDovL3d3dy53My5vcmcvMjAwMC9zdmciPjwvc3ZnPg==\" style=\"--smush-placeholder-width: 1024px; --smush-placeholder-aspect-ratio: 1024\/578;\" \/><span aria-hidden=\"true\" class=\"wp-block-cover__background has-background-dim\" style=\"background-color:#a18d87\"><\/span><div class=\"wp-block-cover__inner-container has-global-padding is-layout-constrained wp-block-cover-is-layout-constrained\">\n<ul class=\"wp-block-list\">\n<li><a href=\"https:\/\/pedrocasiano.es\/?p=9111\" data-type=\"post\" data-id=\"9111\" target=\"_blank\" rel=\"noreferrer noopener\">Rincones Olvidados<\/a><\/li>\n\n\n\n<li><a href=\"https:\/\/pedrocasiano.es\/?p=9114\" data-type=\"post\" data-id=\"9114\" target=\"_blank\" rel=\"noreferrer noopener\">De Nuevo Escribir<\/a><\/li>\n\n\n\n<li><a href=\"https:\/\/pedrocasiano.es\/?p=9222\" data-type=\"post\" data-id=\"9222\" target=\"_blank\" rel=\"noreferrer noopener\">Algunas Veces<\/a><\/li>\n\n\n\n<li><a href=\"https:\/\/pedrocasiano.es\/?p=9225\" data-type=\"post\" data-id=\"9225\" target=\"_blank\" rel=\"noreferrer noopener\">Cr\u00f3nica de los Atardeceres Vac\u00edos<\/a><\/li>\n\n\n\n<li><a href=\"https:\/\/pedrocasiano.es\/?p=9228\" data-type=\"post\" data-id=\"9228\" target=\"_blank\" rel=\"noreferrer noopener\">Albores de Esperanza<\/a><\/li>\n\n\n\n<li><a href=\"https:\/\/pedrocasiano.es\/?p=9231\" data-type=\"post\" data-id=\"9231\" target=\"_blank\" rel=\"noreferrer noopener\">Calor, m\u00e1s Calor<\/a><\/li>\n\n\n\n<li><a href=\"https:\/\/pedrocasiano.es\/?p=9234\" data-type=\"post\" data-id=\"9234\" target=\"_blank\" rel=\"noreferrer noopener\">La Noche, de Nuevo la Noche<\/a><\/li>\n\n\n\n<li><a href=\"https:\/\/pedrocasiano.es\/?p=9514\" data-type=\"post\" data-id=\"9514\" target=\"_blank\" rel=\"noreferrer noopener\">Calor, Siempre el Calor<\/a><\/li>\n\n\n\n<li><a href=\"https:\/\/pedrocasiano.es\/?p=9222\" data-type=\"post\" data-id=\"9222\" target=\"_blank\" rel=\"noreferrer noopener\">Algunas Veces<\/a><\/li>\n\n\n\n<li><a href=\"https:\/\/pedrocasiano.es\/?p=9520\" data-type=\"post\" data-id=\"9520\" target=\"_blank\" rel=\"noreferrer noopener\">D\u00edas de Hueso<\/a><\/li>\n\n\n\n<li><a href=\"https:\/\/pedrocasiano.es\/?p=9523\" data-type=\"post\" data-id=\"9523\" target=\"_blank\" rel=\"noreferrer noopener\">La Pasi\u00f3n<\/a><\/li>\n\n\n\n<li><a href=\"https:\/\/pedrocasiano.es\/?p=9532\" data-type=\"post\" data-id=\"9532\" target=\"_blank\" rel=\"noreferrer noopener\">El Verano, Calor Inquieto<\/a><\/li>\n\n\n\n<li><a href=\"https:\/\/pedrocasiano.es\/?p=9849\" data-type=\"post\" data-id=\"9849\" target=\"_blank\" rel=\"noreferrer noopener\">Tu Piel<\/a><\/li>\n\n\n\n<li><a href=\"https:\/\/pedrocasiano.es\/?p=10406\" data-type=\"post\" data-id=\"10406\" target=\"_blank\" rel=\"noreferrer noopener\">Hoy el Mundo se pierde a si Mismo<\/a><\/li>\n\n\n\n<li><a href=\"https:\/\/pedrocasiano.es\/?p=11099\" data-type=\"post\" data-id=\"11099\" target=\"_blank\" rel=\"noreferrer noopener\">El Ladrido De Los Perros<\/a><\/li>\n\n\n\n<li><a href=\"https:\/\/pedrocasiano.es\/?p=11107\" data-type=\"post\" data-id=\"11107\" target=\"_blank\" rel=\"noreferrer noopener\">Cuando La Ciudad Duerme<\/a><\/li>\n\n\n\n<li><a href=\"https:\/\/pedrocasiano.es\/?p=9766\" data-type=\"post\" data-id=\"9766\" target=\"_blank\" rel=\"noreferrer noopener\">Mu\u00f1ecas Rotas<\/a><\/li>\n\n\n\n<li><a href=\"https:\/\/pedrocasiano.es\/?p=9769\" data-type=\"post\" data-id=\"9769\" target=\"_blank\" rel=\"noreferrer noopener\">D\u00edas de Mar Azul<\/a><\/li>\n\n\n\n<li><a href=\"https:\/\/pedrocasiano.es\/?p=9852\" data-type=\"post\" data-id=\"9852\" target=\"_blank\" rel=\"noreferrer noopener\">C\u00e1nticos de Madrugada<\/a><\/li>\n<\/ul>\n\n\n\n<p><\/p>\n\n\n\n<p><strong>Todos los Derechos Reservados<\/strong><\/p>\n\n\n\n<p><strong>\u201cEstas novelas, publicaciones y dem\u00e1s, son obras de ficci\u00f3n. Los nombres, personajes, lugares e incidentes son producto de la imaginaci\u00f3n del autor o son utilizados de manera ficticia. Cualquier parecido con personas, vivas o muertas, o sucesos reales es pura coincidencia.\u201d<\/strong><\/p>\n<\/div><\/div>\n","protected":false},"excerpt":{"rendered":"","protected":false},"author":1,"featured_media":0,"parent":0,"menu_order":0,"comment_status":"closed","ping_status":"closed","template":"","meta":{"inspiro_hide_title":false,"footnotes":""},"class_list":["post-9145","page","type-page","status-publish","hentry"],"featured_media_urls":[],"_links":{"self":[{"href":"https:\/\/pedrocasiano.es\/index.php?rest_route=\/wp\/v2\/pages\/9145","targetHints":{"allow":["GET"]}}],"collection":[{"href":"https:\/\/pedrocasiano.es\/index.php?rest_route=\/wp\/v2\/pages"}],"about":[{"href":"https:\/\/pedrocasiano.es\/index.php?rest_route=\/wp\/v2\/types\/page"}],"author":[{"embeddable":true,"href":"https:\/\/pedrocasiano.es\/index.php?rest_route=\/wp\/v2\/users\/1"}],"replies":[{"embeddable":true,"href":"https:\/\/pedrocasiano.es\/index.php?rest_route=%2Fwp%2Fv2%2Fcomments&post=9145"}],"version-history":[{"count":30,"href":"https:\/\/pedrocasiano.es\/index.php?rest_route=\/wp\/v2\/pages\/9145\/revisions"}],"predecessor-version":[{"id":16621,"href":"https:\/\/pedrocasiano.es\/index.php?rest_route=\/wp\/v2\/pages\/9145\/revisions\/16621"}],"wp:attachment":[{"href":"https:\/\/pedrocasiano.es\/index.php?rest_route=%2Fwp%2Fv2%2Fmedia&parent=9145"}],"curies":[{"name":"wp","href":"https:\/\/api.w.org\/{rel}","templated":true}]}}