{"id":9037,"date":"2024-08-18T06:28:58","date_gmt":"2024-08-18T06:28:58","guid":{"rendered":"https:\/\/pedrocasiano.es\/?page_id=9037"},"modified":"2026-04-23T13:13:55","modified_gmt":"2026-04-23T11:13:55","slug":"pablo-y-rosa-la-profecia","status":"publish","type":"page","link":"https:\/\/pedrocasiano.es\/?page_id=9037","title":{"rendered":"Pablo y Rosa. La Profec\u00eda"},"content":{"rendered":"\n<div class=\"wp-block-cover alignfull has-custom-content-position is-position-top-left\" style=\"min-height:556px;aspect-ratio:unset;\"><img decoding=\"async\" width=\"1024\" height=\"544\" class=\"wp-block-cover__image-background wp-image-9093 lazyload\" alt=\"\" data-src=\"https:\/\/pedrocasiano.es\/wp-content\/uploads\/2024\/08\/ai-generated-8719409largapeque.jpg\" data-object-fit=\"cover\" src=\"data:image\/svg+xml;base64,PHN2ZyB3aWR0aD0iMSIgaGVpZ2h0PSIxIiB4bWxucz0iaHR0cDovL3d3dy53My5vcmcvMjAwMC9zdmciPjwvc3ZnPg==\" style=\"--smush-placeholder-width: 1024px; --smush-placeholder-aspect-ratio: 1024\/544;\" \/><span aria-hidden=\"true\" class=\"wp-block-cover__background has-background-dim\" style=\"background-color:#756c6a\"><\/span><div class=\"wp-block-cover__inner-container has-global-padding is-layout-constrained wp-block-cover-is-layout-constrained\">\n<p>Separada en dos Tomos, muchas p\u00e1ginas.<\/p>\n\n\n\n<ul class=\"wp-block-list\">\n<li><a href=\"https:\/\/pedrocasiano.es\/?p=13474\" data-type=\"post\" data-id=\"13474\" target=\"_blank\" rel=\"noreferrer noopener\">Pablo y Rosa. La Profec\u00eda. Primera Parte. (Completa)<\/a><\/li>\n\n\n\n<li><a href=\"https:\/\/pedrocasiano.es\/?p=13961\" data-type=\"post\" data-id=\"13961\" target=\"_blank\" rel=\"noreferrer noopener\">Pablo y Rosa. La Profec\u00eda. Segunda Parte. (Completa)<\/a><\/li>\n<\/ul>\n\n\n\n<p>Por cap\u00edtulos, como en el Libro<\/p>\n\n\n\n<ul class=\"wp-block-list\">\n<li><a href=\"https:\/\/pedrocasiano.es\/?p=14026\" target=\"_blank\" rel=\"noreferrer noopener\">Pablo y Rosa. Cap\u00edtulo I. El Mercadillo<\/a><\/li>\n\n\n\n<li><a href=\"https:\/\/pedrocasiano.es\/?p=14028\" target=\"_blank\" rel=\"noreferrer noopener\">Pablo y Rosa. Cap\u00edtulo II. Ojos Azules<\/a><\/li>\n\n\n\n<li><a href=\"https:\/\/pedrocasiano.es\/?p=14032\" target=\"_blank\" rel=\"noreferrer noopener\"> Pablo y Rosa. Cap\u00edtulo III. El Viejo Valdivia<\/a><\/li>\n\n\n\n<li><a href=\"https:\/\/pedrocasiano.es\/?p=14036\" target=\"_blank\" rel=\"noreferrer noopener\"> Pablo y Rosa. Cap\u00edtulo IV. La Visita<\/a><\/li>\n\n\n\n<li><a href=\"https:\/\/pedrocasiano.es\/?p=14040\" target=\"_blank\" rel=\"noreferrer noopener\">Pablo y Rosa. Cap\u00edtulo V. Inesperado<\/a><\/li>\n\n\n\n<li><a href=\"https:\/\/pedrocasiano.es\/?p=14156\" target=\"_blank\" rel=\"noreferrer noopener\">Pablo y Rosa. Cap\u00edtulo VI. Un Hu\u00e9sped Inesperado<\/a><\/li>\n\n\n\n<li><a href=\"https:\/\/pedrocasiano.es\/?p=14159\" data-type=\"post\" data-id=\"14159\" target=\"_blank\" rel=\"noreferrer noopener\">Pablo y Rosa. Cap\u00edtulo VII. Primera Misi\u00f3n<\/a><\/li>\n\n\n\n<li><a href=\"https:\/\/pedrocasiano.es\/?p=14162\" data-type=\"post\" data-id=\"14162\" target=\"_blank\" rel=\"noreferrer noopener\">Pablo y Rosa. Cap\u00edtulo VIII. El Callao<\/a><\/li>\n\n\n\n<li><a href=\"https:\/\/pedrocasiano.es\/?p=14166\" data-type=\"post\" data-id=\"14166\" target=\"_blank\" rel=\"noreferrer noopener\">Pablo y Rosa. Cap\u00edtulo IX. Siempre Rosa<\/a><\/li>\n\n\n\n<li><a href=\"https:\/\/pedrocasiano.es\/?p=14169\" data-type=\"post\" data-id=\"14169\" target=\"_blank\" rel=\"noreferrer noopener\">Pablo y Rosa. Cap\u00edtulo X. Siempre Pablo<\/a><\/li>\n\n\n\n<li><a href=\"https:\/\/pedrocasiano.es\/?p=14752\" data-type=\"post\" data-id=\"14752\" target=\"_blank\" rel=\"noreferrer noopener\">Pablo y Rosa. Cap\u00edtulo XI. La Trampa<\/a><\/li>\n\n\n\n<li><a href=\"https:\/\/pedrocasiano.es\/?p=14754\" data-type=\"post\" data-id=\"14754\" target=\"_blank\" rel=\"noreferrer noopener\">Pablo y Rosa. Cap\u00edtulo XII. Caracoles<\/a><\/li>\n\n\n\n<li><a href=\"https:\/\/pedrocasiano.es\/?p=14756\" data-type=\"post\" data-id=\"14756\" target=\"_blank\" rel=\"noreferrer noopener\">Pablo y Rosa. Cap\u00edtulo XIII. Por Fin la Misi\u00f3n<\/a><\/li>\n\n\n\n<li><a href=\"https:\/\/pedrocasiano.es\/?p=14758\" data-type=\"post\" data-id=\"14758\" target=\"_blank\" rel=\"noreferrer noopener\">Pablo y Rosa. Cap\u00edtulo XIV. Secuestradas<\/a><\/li>\n\n\n\n<li><a href=\"https:\/\/pedrocasiano.es\/?p=14760\" data-type=\"post\" data-id=\"14760\" target=\"_blank\" rel=\"noreferrer noopener\">Pablo y Rosa. Cap\u00edtulo XV. La Profec\u00eda<\/a><\/li>\n\n\n\n<li><a href=\"https:\/\/pedrocasiano.es\/?p=14762\" data-type=\"post\" data-id=\"14762\" target=\"_blank\" rel=\"noreferrer noopener\">Pablo y Rosa. Cap\u00edtulo XVI. Empieza la Cacer\u00eda<\/a><\/li>\n\n\n\n<li><a href=\"https:\/\/pedrocasiano.es\/?p=14764\" data-type=\"post\" data-id=\"14764\" target=\"_blank\" rel=\"noreferrer noopener\">Pablo y Rosa. Cap\u00edtulo XVII. La Premonici\u00f3n<\/a><\/li>\n\n\n\n<li><a href=\"https:\/\/pedrocasiano.es\/?p=14766\" data-type=\"post\" data-id=\"14766\" target=\"_blank\" rel=\"noreferrer noopener\">Pablo y Rosa. Cap\u00edtulo XVIII. La Carnicer\u00eda<\/a><\/li>\n\n\n\n<li><a href=\"https:\/\/pedrocasiano.es\/?p=14768\" data-type=\"post\" data-id=\"14768\" target=\"_blank\" rel=\"noreferrer noopener\">Pablo y Rosa. Cap\u00edtulo XIX. Despu\u00e9s del Combate (FIN)<\/a><\/li>\n<\/ul>\n\n\n\n<p><\/p>\n\n\n\n<p><strong>Todos los Derechos Reservados<\/strong><\/p>\n\n\n\n<p class=\"has-text-align-center\"><strong>\u201cEstas novelas, publicaciones y dem\u00e1s, son obras de ficci\u00f3n. Los nombres, personajes, lugares e incidentes son producto de la imaginaci\u00f3n del autor o son utilizados de manera ficticia. Cualquier parecido con personas, vivas o muertas, o sucesos reales es pura coincidencia.\u201d<\/strong><\/p>\n<\/div><\/div>\n\n\n\n<p><\/p>\n","protected":false},"excerpt":{"rendered":"","protected":false},"author":1,"featured_media":0,"parent":0,"menu_order":0,"comment_status":"closed","ping_status":"closed","template":"","meta":{"inspiro_hide_title":false,"footnotes":""},"class_list":["post-9037","page","type-page","status-publish","hentry"],"featured_media_urls":[],"_links":{"self":[{"href":"https:\/\/pedrocasiano.es\/index.php?rest_route=\/wp\/v2\/pages\/9037","targetHints":{"allow":["GET"]}}],"collection":[{"href":"https:\/\/pedrocasiano.es\/index.php?rest_route=\/wp\/v2\/pages"}],"about":[{"href":"https:\/\/pedrocasiano.es\/index.php?rest_route=\/wp\/v2\/types\/page"}],"author":[{"embeddable":true,"href":"https:\/\/pedrocasiano.es\/index.php?rest_route=\/wp\/v2\/users\/1"}],"replies":[{"embeddable":true,"href":"https:\/\/pedrocasiano.es\/index.php?rest_route=%2Fwp%2Fv2%2Fcomments&post=9037"}],"version-history":[{"count":53,"href":"https:\/\/pedrocasiano.es\/index.php?rest_route=\/wp\/v2\/pages\/9037\/revisions"}],"predecessor-version":[{"id":16793,"href":"https:\/\/pedrocasiano.es\/index.php?rest_route=\/wp\/v2\/pages\/9037\/revisions\/16793"}],"wp:attachment":[{"href":"https:\/\/pedrocasiano.es\/index.php?rest_route=%2Fwp%2Fv2%2Fmedia&parent=9037"}],"curies":[{"name":"wp","href":"https:\/\/api.w.org\/{rel}","templated":true}]}}