{"id":8646,"date":"2024-07-30T06:44:25","date_gmt":"2024-07-30T06:44:25","guid":{"rendered":"https:\/\/pedrocasiano.es\/?page_id=8646"},"modified":"2025-10-18T05:07:11","modified_gmt":"2025-10-18T03:07:11","slug":"mis-libros","status":"publish","type":"page","link":"https:\/\/pedrocasiano.es\/?page_id=8646","title":{"rendered":"Mis Libros"},"content":{"rendered":"\n<div class=\"wp-block-cover has-custom-content-position is-position-top-center wp-duotone-unset-2\" style=\"min-height:642px;aspect-ratio:unset;\"><img decoding=\"async\" width=\"1024\" height=\"683\" class=\"wp-block-cover__image-background wp-image-14470 size-full lazyload\" alt=\"\" data-src=\"https:\/\/pedrocasiano.es\/wp-content\/uploads\/2025\/07\/ai-generated-8630058peque.jpg\" data-object-fit=\"cover\" data-srcset=\"https:\/\/pedrocasiano.es\/wp-content\/uploads\/2025\/07\/ai-generated-8630058peque.jpg 1024w, https:\/\/pedrocasiano.es\/wp-content\/uploads\/2025\/07\/ai-generated-8630058peque-600x400.jpg 600w\" data-sizes=\"(max-width: 1024px) 100vw, 1024px\" src=\"data:image\/svg+xml;base64,PHN2ZyB3aWR0aD0iMSIgaGVpZ2h0PSIxIiB4bWxucz0iaHR0cDovL3d3dy53My5vcmcvMjAwMC9zdmciPjwvc3ZnPg==\" style=\"--smush-placeholder-width: 1024px; --smush-placeholder-aspect-ratio: 1024\/683;\" \/><span aria-hidden=\"true\" class=\"wp-block-cover__background has-background-dim\" style=\"background-color:#525965\"><\/span><div class=\"wp-block-cover__inner-container has-global-padding is-layout-constrained wp-block-cover-is-layout-constrained\">\n<ul class=\"wp-block-list\">\n<li><a href=\"https:\/\/pedrocasiano.es\/?page_id=321\" target=\"_blank\" rel=\"noreferrer noopener\">Mis Libros<\/a><\/li>\n\n\n\n<li><a href=\"https:\/\/pedrocasiano.es\/?page_id=9006\" data-type=\"page\" data-id=\"9006\" target=\"_blank\" rel=\"noreferrer noopener\">Libros Para Leer<\/a><\/li>\n<\/ul>\n\n\n\n<p><\/p>\n\n\n\n<p>En Concreto, directos para su lectura:<\/p>\n\n\n\n<ul class=\"wp-block-list\">\n<li><a href=\"https:\/\/pedrocasiano.es\/?page_id=9037\" data-type=\"page\" data-id=\"9037\" target=\"_blank\" rel=\"noreferrer noopener\">Pablo y Rosa. La Profec\u00eda. Completo<\/a><\/li>\n\n\n\n<li><\/li>\n\n\n\n<li><a href=\"https:\/\/pedrocasiano.es\/?page_id=12327\" data-type=\"post\" data-id=\"12010\" target=\"_blank\" rel=\"noreferrer noopener\">Hoy, Novela Completa<\/a><\/li>\n\n\n\n<li><\/li>\n\n\n\n<li><a href=\"https:\/\/pedrocasiano.es\/?page_id=15586\" data-type=\"page\" data-id=\"15586\" target=\"_blank\" rel=\"noreferrer noopener\">El Hombre que Corre. Una historia que se publica&#8230;<\/a><\/li>\n\n\n\n<li><\/li>\n\n\n\n<li><a href=\"https:\/\/pedrocasiano.es\/?page_id=12444\" data-type=\"page\" data-id=\"12444\" target=\"_blank\" rel=\"noreferrer noopener\">El Vuelo de las Garzas<\/a><\/li>\n<\/ul>\n\n\n\n<p><\/p>\n\n\n\n<p><strong>Todos los Derechos Reservados<\/strong><\/p>\n\n\n\n<p class=\"has-text-align-center\"><strong>\u201cEstas novelas, publicaciones y dem\u00e1s, son obras de ficci\u00f3n. Los nombres, personajes, lugares e incidentes son producto de la imaginaci\u00f3n del autor o son utilizados de manera ficticia. Cualquier parecido con personas, vivas o muertas, o sucesos reales es pura coincidencia.\u201d<\/strong><\/p>\n<\/div><\/div>\n","protected":false},"excerpt":{"rendered":"","protected":false},"author":1,"featured_media":0,"parent":0,"menu_order":0,"comment_status":"closed","ping_status":"closed","template":"","meta":{"inspiro_hide_title":false,"footnotes":""},"class_list":["post-8646","page","type-page","status-publish","hentry"],"featured_media_urls":[],"_links":{"self":[{"href":"https:\/\/pedrocasiano.es\/index.php?rest_route=\/wp\/v2\/pages\/8646","targetHints":{"allow":["GET"]}}],"collection":[{"href":"https:\/\/pedrocasiano.es\/index.php?rest_route=\/wp\/v2\/pages"}],"about":[{"href":"https:\/\/pedrocasiano.es\/index.php?rest_route=\/wp\/v2\/types\/page"}],"author":[{"embeddable":true,"href":"https:\/\/pedrocasiano.es\/index.php?rest_route=\/wp\/v2\/users\/1"}],"replies":[{"embeddable":true,"href":"https:\/\/pedrocasiano.es\/index.php?rest_route=%2Fwp%2Fv2%2Fcomments&post=8646"}],"version-history":[{"count":12,"href":"https:\/\/pedrocasiano.es\/index.php?rest_route=\/wp\/v2\/pages\/8646\/revisions"}],"predecessor-version":[{"id":15604,"href":"https:\/\/pedrocasiano.es\/index.php?rest_route=\/wp\/v2\/pages\/8646\/revisions\/15604"}],"wp:attachment":[{"href":"https:\/\/pedrocasiano.es\/index.php?rest_route=%2Fwp%2Fv2%2Fmedia&parent=8646"}],"curies":[{"name":"wp","href":"https:\/\/api.w.org\/{rel}","templated":true}]}}