{"id":83,"date":"2024-02-14T14:46:47","date_gmt":"2024-02-14T14:46:47","guid":{"rendered":"https:\/\/pedrocasiano.es\/?page_id=83"},"modified":"2025-04-25T17:04:30","modified_gmt":"2025-04-25T17:04:30","slug":"la-profecia","status":"publish","type":"page","link":"https:\/\/pedrocasiano.es\/?page_id=83","title":{"rendered":"La Profec\u00eda"},"content":{"rendered":"\n<div class=\"wp-block-media-text is-stacked-on-mobile is-vertically-aligned-top\" style=\"grid-template-columns:33% auto\"><figure class=\"wp-block-media-text__media\"><img decoding=\"async\" width=\"533\" height=\"800\" data-src=\"https:\/\/pedrocasiano.es\/wp-content\/uploads\/2024\/03\/Portada-Pablo-y-Rosa_1_prueba.jpg\" alt=\"\" class=\"wp-image-6025 size-full lazyload\" src=\"data:image\/svg+xml;base64,PHN2ZyB3aWR0aD0iMSIgaGVpZ2h0PSIxIiB4bWxucz0iaHR0cDovL3d3dy53My5vcmcvMjAwMC9zdmciPjwvc3ZnPg==\" style=\"--smush-placeholder-width: 533px; --smush-placeholder-aspect-ratio: 533\/800;\" \/><\/figure><div class=\"wp-block-media-text__content\">\n<p>Dos almas que se encuentran, dos mundos distintos, dos culturas diferentes, el amor, ungidos por una cultura antigua en algo m\u00e1s que seres humanos, cada uno ser\u00e1 el paradigma del otro, su misi\u00f3n \u00fanica, la eterna lucha entre el bien y el mal.<\/p>\n\n\n\n<p>Un mal actual que se esconde entre maletines y sofisticadas tramas, pero que al fin y al cabo, es el mal, y erradicarlo ser\u00e1 la labor de dos seres humanos transcendidos por su misi\u00f3n.<\/p>\n\n\n\n<p>Y el sur los envolver\u00e1, el manto de la belleza, del calor, de la dureza, cris\u00e1lida de una feroz contienda, en la que la \u00fanica salida es la victoria o la muerte, cuando incluso la victoria tiene su peaje.<\/p>\n\n\n\n<p>Bestias surgidas de entre nosotros, de traje, de corbata, conocidos, todos pueden ser alima\u00f1as que algunas veces es necesario eliminar con el concurso de poderes ancestrales que nos hacen realizar portentos siendo solo seres humanos corrientes. Pero la pregunta, es, \u00bfpodemos volver a ser humanos despu\u00e9s de convertirnos en imp\u00edos para vencer al mal?<\/p>\n<\/div><\/div>\n\n\n\n<h2 class=\"wp-block-heading\">Aqu\u00ed est\u00e1n las partes que van siendo publicadas<\/h2>\n\n\n\n<figure class=\"wp-block-embed is-type-wp-embed is-provider-libros-propios wp-block-embed-libros-propios\"><div class=\"wp-block-embed__wrapper\">\n<blockquote class=\"wp-embedded-content\" data-secret=\"oz2vkM503L\"><a href=\"https:\/\/pedrocasiano.es\/?page_id=9037\">Pablo y Rosa. La Profec\u00eda<\/a><\/blockquote><iframe class=\"wp-embedded-content lazyload\" sandbox=\"allow-scripts\" security=\"restricted\" style=\"position: absolute; visibility: hidden;\" title=\"\u00abPablo y Rosa. La Profec\u00eda\u00bb \u2014 Libros Propios\" data-src=\"https:\/\/pedrocasiano.es\/?page_id=9037&#038;embed=true#?secret=wHsCJKwSqr#?secret=oz2vkM503L\" data-secret=\"oz2vkM503L\" width=\"600\" height=\"338\" frameborder=\"0\" marginwidth=\"0\" marginheight=\"0\" scrolling=\"no\" src=\"data:image\/svg+xml;base64,PHN2ZyB3aWR0aD0iMSIgaGVpZ2h0PSIxIiB4bWxucz0iaHR0cDovL3d3dy53My5vcmcvMjAwMC9zdmciPjwvc3ZnPg==\" data-load-mode=\"1\"><\/iframe>\n<\/div><\/figure>\n\n\n\n<hr class=\"wp-block-separator has-alpha-channel-opacity\"\/>\n\n\n\n<p><\/p>\n\n\n\n<h2 class=\"wp-block-heading\">Aqu\u00ed lo ten\u00e9is en Amazon, barato, barato&#8230;, y un escritor contento. Por 2,99 \u20ac<\/h2>\n\n\n\n<figure class=\"wp-block-embed is-type-rich is-provider-amazon wp-block-embed-amazon\"><div class=\"wp-block-embed__wrapper\">\n<iframe title=\"PABLO Y ROSA\" type=\"text\/html\" width=\"950\" height=\"550\" frameborder=\"0\" allowfullscreen style=\"max-width:100%\" data-src=\"https:\/\/leer.amazon.es\/kp\/card?preview=inline&#038;linkCode=kpd&#038;ref_=k4w_oembed_X0sSYEcDicevAZ&#038;asin=1521550182&#038;tag=kpembed-20\" src=\"data:image\/svg+xml;base64,PHN2ZyB3aWR0aD0iMSIgaGVpZ2h0PSIxIiB4bWxucz0iaHR0cDovL3d3dy53My5vcmcvMjAwMC9zdmciPjwvc3ZnPg==\" class=\"lazyload\" data-load-mode=\"1\"><\/iframe>\n<\/div><\/figure>\n","protected":false},"excerpt":{"rendered":"<p>Dos almas que se encuentran, dos mundos distintos, dos culturas diferentes, el amor, ungidos por una cultura antigua en algo m\u00e1s que seres humanos, cada uno ser\u00e1 el paradigma del otro, su misi\u00f3n \u00fanica, la eterna lucha entre el bien y el mal. Un mal actual que se esconde entre maletines y sofisticadas tramas, pero &hellip; <\/p>\n<p class=\"link-more\"><a href=\"https:\/\/pedrocasiano.es\/?page_id=83\" class=\"more-link\">Leer m\u00e1s<span class=\"screen-reader-text\"> \u00abLa Profec\u00eda\u00bb<\/span><\/a><\/p>\n","protected":false},"author":1,"featured_media":0,"parent":0,"menu_order":0,"comment_status":"closed","ping_status":"closed","template":"","meta":{"inspiro_hide_title":false,"footnotes":""},"class_list":["post-83","page","type-page","status-publish","hentry"],"featured_media_urls":[],"_links":{"self":[{"href":"https:\/\/pedrocasiano.es\/index.php?rest_route=\/wp\/v2\/pages\/83","targetHints":{"allow":["GET"]}}],"collection":[{"href":"https:\/\/pedrocasiano.es\/index.php?rest_route=\/wp\/v2\/pages"}],"about":[{"href":"https:\/\/pedrocasiano.es\/index.php?rest_route=\/wp\/v2\/types\/page"}],"author":[{"embeddable":true,"href":"https:\/\/pedrocasiano.es\/index.php?rest_route=\/wp\/v2\/users\/1"}],"replies":[{"embeddable":true,"href":"https:\/\/pedrocasiano.es\/index.php?rest_route=%2Fwp%2Fv2%2Fcomments&post=83"}],"version-history":[{"count":16,"href":"https:\/\/pedrocasiano.es\/index.php?rest_route=\/wp\/v2\/pages\/83\/revisions"}],"predecessor-version":[{"id":13525,"href":"https:\/\/pedrocasiano.es\/index.php?rest_route=\/wp\/v2\/pages\/83\/revisions\/13525"}],"wp:attachment":[{"href":"https:\/\/pedrocasiano.es\/index.php?rest_route=%2Fwp%2Fv2%2Fmedia&parent=83"}],"curies":[{"name":"wp","href":"https:\/\/api.w.org\/{rel}","templated":true}]}}