{"id":7662,"date":"2024-05-28T04:31:47","date_gmt":"2024-05-28T04:31:47","guid":{"rendered":"https:\/\/pedrocasiano.es\/?page_id=7662"},"modified":"2026-04-02T10:12:53","modified_gmt":"2026-04-02T08:12:53","slug":"reflexiones-duodecima-parte","status":"publish","type":"page","link":"https:\/\/pedrocasiano.es\/?page_id=7662","title":{"rendered":"Colores Tibios VI"},"content":{"rendered":"\n<div class=\"wp-block-cover alignfull has-custom-content-position is-position-top-left\" style=\"min-height:826px;aspect-ratio:unset;\"><img decoding=\"async\" width=\"1200\" height=\"600\" class=\"wp-block-cover__image-background wp-image-7663 lazyload\" alt=\"\" data-src=\"https:\/\/pedrocasiano.es\/wp-content\/uploads\/2024\/05\/ai-generated-8101136_1920peque.jpg\" data-object-fit=\"cover\" src=\"data:image\/svg+xml;base64,PHN2ZyB3aWR0aD0iMSIgaGVpZ2h0PSIxIiB4bWxucz0iaHR0cDovL3d3dy53My5vcmcvMjAwMC9zdmciPjwvc3ZnPg==\" style=\"--smush-placeholder-width: 1200px; --smush-placeholder-aspect-ratio: 1200\/600;\" \/><span aria-hidden=\"true\" class=\"wp-block-cover__background has-background-dim\" style=\"background-color:#575757\"><\/span><div class=\"wp-block-cover__inner-container has-global-padding is-layout-constrained wp-block-cover-is-layout-constrained\">\n<ul class=\"wp-block-list\">\n<li><a href=\"https:\/\/pedrocasiano.es\/?page_id=6250\" target=\"_blank\" rel=\"noreferrer noopener\">Miras Al Cielo<\/a><\/li>\n\n\n\n<li><a href=\"https:\/\/pedrocasiano.es\/?page_id=6254\" target=\"_blank\" rel=\"noreferrer noopener\">Nac\u00ed A La Orilla De Un Rio<\/a><\/li>\n\n\n\n<li><a href=\"https:\/\/pedrocasiano.es\/?page_id=6258\" target=\"_blank\" rel=\"noreferrer noopener\">No S\u00e9 Qu\u00e9 Escribir Hoy<\/a><\/li>\n\n\n\n<li><a href=\"https:\/\/pedrocasiano.es\/?page_id=6262\" target=\"_blank\" rel=\"noreferrer noopener\">No Soy Sofisticado<\/a><\/li>\n\n\n\n<li><a href=\"https:\/\/pedrocasiano.es\/?page_id=6267\" target=\"_blank\" rel=\"noreferrer noopener\">Nubes Grises Que Cierran El Cielo<\/a><\/li>\n\n\n\n<li><a href=\"https:\/\/pedrocasiano.es\/?p=6271\" target=\"_blank\" rel=\"noreferrer noopener\">Sue\u00f1a Princesa<\/a><\/li>\n\n\n\n<li><a href=\"https:\/\/pedrocasiano.es\/?p=10471\" data-type=\"post\" data-id=\"10471\" target=\"_blank\" rel=\"noreferrer noopener\">La Primera Flor<\/a><\/li>\n\n\n\n<li><a href=\"https:\/\/pedrocasiano.es\/?p=10490\" data-type=\"post\" data-id=\"10490\" target=\"_blank\" rel=\"noreferrer noopener\">La Vida, Cuando se acaba la Vida<\/a><\/li>\n\n\n\n<li><a href=\"https:\/\/pedrocasiano.es\/?p=10520\" data-type=\"post\" data-id=\"10520\" target=\"_blank\" rel=\"noreferrer noopener\">Levant\u00e9 la Mano cara al Sol<\/a><\/li>\n\n\n\n<li><a href=\"https:\/\/pedrocasiano.es\/?p=10607\" data-type=\"post\" data-id=\"10607\">Noche de<\/a><a href=\"https:\/\/pedrocasiano.es\/?p=10607\" data-type=\"post\" data-id=\"10607\" target=\"_blank\" rel=\"noreferrer noopener\"> Soledad<\/a><\/li>\n\n\n\n<li><a href=\"https:\/\/pedrocasiano.es\/?p=10656\" data-type=\"post\" data-id=\"10656\" target=\"_blank\" rel=\"noreferrer noopener\">Postrera Alma Perdida<\/a><\/li>\n\n\n\n<li><a href=\"https:\/\/pedrocasiano.es\/?p=10670\" data-type=\"post\" data-id=\"10670\" target=\"_blank\" rel=\"noreferrer noopener\">Quiero un lugar al Sol<\/a><\/li>\n\n\n\n<li><a href=\"https:\/\/pedrocasiano.es\/?p=10678\" data-type=\"post\" data-id=\"10678\" target=\"_blank\" rel=\"noreferrer noopener\">Quiero un Peque\u00f1o Cementerio<\/a><\/li>\n\n\n\n<li><a href=\"https:\/\/pedrocasiano.es\/?p=10697\" data-type=\"post\" data-id=\"10697\" target=\"_blank\" rel=\"noreferrer noopener\">No se\u00e1is Esquivos con el Verbo<\/a><\/li>\n\n\n\n<li><a href=\"https:\/\/pedrocasiano.es\/?p=10855\" data-type=\"post\" data-id=\"10855\" target=\"_blank\" rel=\"noreferrer noopener\">He Tenido entre mis Brazos<\/a><\/li>\n\n\n\n<li><a href=\"https:\/\/pedrocasiano.es\/?p=10868\" data-type=\"post\" data-id=\"10868\" target=\"_blank\" rel=\"noreferrer noopener\">De Seguro Pasar\u00e1<\/a><\/li>\n\n\n\n<li><a href=\"https:\/\/pedrocasiano.es\/?p=10928\" data-type=\"post\" data-id=\"10928\" target=\"_blank\" rel=\"noreferrer noopener\">Hoy So\u00f1\u00e9 que So\u00f1aba<\/a><\/li>\n<\/ul>\n\n\n\n<p><strong>Todos los Derechos Reservados<\/strong><\/p>\n\n\n\n<p><strong>\u201cEstas novelas, publicaciones y dem\u00e1s, son obras de ficci\u00f3n. Los nombres, personajes, lugares e incidentes son producto de la imaginaci\u00f3n del autor o son utilizados de manera ficticia. Cualquier parecido con personas, vivas o muertas, o sucesos reales es pura coincidencia.\u201d<\/strong><\/p>\n<\/div><\/div>\n","protected":false},"excerpt":{"rendered":"","protected":false},"author":1,"featured_media":0,"parent":0,"menu_order":0,"comment_status":"closed","ping_status":"closed","template":"","meta":{"inspiro_hide_title":false,"footnotes":""},"class_list":["post-7662","page","type-page","status-publish","hentry"],"featured_media_urls":[],"_links":{"self":[{"href":"https:\/\/pedrocasiano.es\/index.php?rest_route=\/wp\/v2\/pages\/7662","targetHints":{"allow":["GET"]}}],"collection":[{"href":"https:\/\/pedrocasiano.es\/index.php?rest_route=\/wp\/v2\/pages"}],"about":[{"href":"https:\/\/pedrocasiano.es\/index.php?rest_route=\/wp\/v2\/types\/page"}],"author":[{"embeddable":true,"href":"https:\/\/pedrocasiano.es\/index.php?rest_route=\/wp\/v2\/users\/1"}],"replies":[{"embeddable":true,"href":"https:\/\/pedrocasiano.es\/index.php?rest_route=%2Fwp%2Fv2%2Fcomments&post=7662"}],"version-history":[{"count":25,"href":"https:\/\/pedrocasiano.es\/index.php?rest_route=\/wp\/v2\/pages\/7662\/revisions"}],"predecessor-version":[{"id":16617,"href":"https:\/\/pedrocasiano.es\/index.php?rest_route=\/wp\/v2\/pages\/7662\/revisions\/16617"}],"wp:attachment":[{"href":"https:\/\/pedrocasiano.es\/index.php?rest_route=%2Fwp%2Fv2%2Fmedia&parent=7662"}],"curies":[{"name":"wp","href":"https:\/\/api.w.org\/{rel}","templated":true}]}}