{"id":7392,"date":"2024-05-06T17:21:01","date_gmt":"2024-05-06T17:21:01","guid":{"rendered":"https:\/\/pedrocasiano.es\/?page_id=7392"},"modified":"2024-08-26T09:51:13","modified_gmt":"2024-08-26T09:51:13","slug":"letra-c-segunda-parte","status":"publish","type":"page","link":"https:\/\/pedrocasiano.es\/?page_id=7392","title":{"rendered":"Letra C. Segunda Parte"},"content":{"rendered":"\n<div class=\"wp-block-cover is-light\" style=\"min-height:660px;aspect-ratio:unset;\"><span aria-hidden=\"true\" class=\"wp-block-cover__background has-background-dim\" style=\"background-color:#8c9275\"><\/span><img decoding=\"async\" width=\"1024\" height=\"618\" class=\"wp-block-cover__image-background wp-image-9344 lazyload\" alt=\"\" data-src=\"https:\/\/pedrocasiano.es\/wp-content\/uploads\/2024\/08\/DSC_0250peque.jpg\" data-object-fit=\"cover\" src=\"data:image\/svg+xml;base64,PHN2ZyB3aWR0aD0iMSIgaGVpZ2h0PSIxIiB4bWxucz0iaHR0cDovL3d3dy53My5vcmcvMjAwMC9zdmciPjwvc3ZnPg==\" style=\"--smush-placeholder-width: 1024px; --smush-placeholder-aspect-ratio: 1024\/618;\" \/><div class=\"wp-block-cover__inner-container has-global-padding is-layout-constrained wp-block-cover-is-layout-constrained\">\n<ul class=\"wp-block-list\">\n<li><a href=\"https:\/\/pedrocasiano.es\/?p=7680\" target=\"_blank\" rel=\"noreferrer noopener\">Capitulares<\/a><\/li>\n\n\n\n<li><a href=\"https:\/\/pedrocasiano.es\/?p=7694\" target=\"_blank\" rel=\"noreferrer noopener\">Capitulares. Portada de San Pablo<\/a><\/li>\n\n\n\n<li><a href=\"https:\/\/pedrocasiano.es\/?p=7703\" target=\"_blank\" rel=\"noreferrer noopener\">Cara<\/a><\/li>\n\n\n\n<li><a href=\"https:\/\/pedrocasiano.es\/?p=7711\" target=\"_blank\" rel=\"noreferrer noopener\">Carbonell y Morand<\/a><\/li>\n\n\n\n<li><a href=\"https:\/\/pedrocasiano.es\/?p=7721\" target=\"_blank\" rel=\"noreferrer noopener\">C\u00e1rcamo<\/a><\/li>\n\n\n\n<li><a href=\"https:\/\/pedrocasiano.es\/?p=7727\" target=\"_blank\" rel=\"noreferrer noopener\">Cardenal Gonz\u00e1lez<\/a><\/li>\n\n\n\n<li><a href=\"https:\/\/pedrocasiano.es\/?p=7735\" target=\"_blank\" rel=\"noreferrer noopener\">Carlos Arruza<\/a><\/li>\n\n\n\n<li><a href=\"https:\/\/pedrocasiano.es\/?p=7740\" data-type=\"post\" data-id=\"7740\" target=\"_blank\" rel=\"noreferrer noopener\">Carlos Rubio<\/a><\/li>\n\n\n\n<li><a href=\"https:\/\/pedrocasiano.es\/?p=7756\" data-type=\"post\" data-id=\"7756\" target=\"_blank\" rel=\"noreferrer noopener\">Cedaceros<\/a><\/li>\n\n\n\n<li><a href=\"https:\/\/pedrocasiano.es\/?p=7762\" data-type=\"post\" data-id=\"7762\" target=\"_blank\" rel=\"noreferrer noopener\">Cementerio de Nuestra Se\u00f1ora de la Salud<\/a><\/li>\n\n\n\n<li><a href=\"https:\/\/pedrocasiano.es\/?p=7769\" data-type=\"post\" data-id=\"7769\" target=\"_blank\" rel=\"noreferrer noopener\">Cementerio de San Rafael<\/a><\/li>\n\n\n\n<li><a href=\"https:\/\/pedrocasiano.es\/?p=7774\" data-type=\"post\" data-id=\"7774\" target=\"_blank\" rel=\"noreferrer noopener\">Centro de Creaci\u00f3n Contempor\u00e1nea De Andaluc\u00eda<\/a><\/li>\n\n\n\n<li><a href=\"https:\/\/pedrocasiano.es\/?p=7781\" data-type=\"post\" data-id=\"7781\" target=\"_blank\" rel=\"noreferrer noopener\">Cepas<\/a><\/li>\n\n\n\n<li><a href=\"https:\/\/pedrocasiano.es\/?p=7787\" data-type=\"post\" data-id=\"7787\" target=\"_blank\" rel=\"noreferrer noopener\">C\u00e9spedes<\/a><\/li>\n\n\n\n<li><a href=\"https:\/\/pedrocasiano.es\/?p=7795\" data-type=\"post\" data-id=\"7795\" target=\"_blank\" rel=\"noreferrer noopener\">Claudio Marcelo<\/a><\/li>\n\n\n\n<li><a href=\"https:\/\/pedrocasiano.es\/?p=7799\" data-type=\"post\" data-id=\"7799\" target=\"_blank\" rel=\"noreferrer noopener\">Comp\u00e1s de San Francisco<\/a><\/li>\n\n\n\n<li><a href=\"https:\/\/pedrocasiano.es\/?p=7805\" data-type=\"post\" data-id=\"7805\" target=\"_blank\" rel=\"noreferrer noopener\">Comp\u00e1s de San Francisco. Convento de San Pedro El Real<\/a><\/li>\n\n\n\n<li><a href=\"https:\/\/pedrocasiano.es\/?p=7815\" data-type=\"post\" data-id=\"7815\" target=\"_blank\" rel=\"noreferrer noopener\">Comp\u00e1s de San Francisco. Azulejos<\/a><\/li>\n<\/ul>\n<\/div><\/div>\n","protected":false},"excerpt":{"rendered":"","protected":false},"author":1,"featured_media":0,"parent":0,"menu_order":0,"comment_status":"closed","ping_status":"closed","template":"","meta":{"inspiro_hide_title":false,"footnotes":""},"class_list":["post-7392","page","type-page","status-publish","hentry"],"featured_media_urls":[],"_links":{"self":[{"href":"https:\/\/pedrocasiano.es\/index.php?rest_route=\/wp\/v2\/pages\/7392","targetHints":{"allow":["GET"]}}],"collection":[{"href":"https:\/\/pedrocasiano.es\/index.php?rest_route=\/wp\/v2\/pages"}],"about":[{"href":"https:\/\/pedrocasiano.es\/index.php?rest_route=\/wp\/v2\/types\/page"}],"author":[{"embeddable":true,"href":"https:\/\/pedrocasiano.es\/index.php?rest_route=\/wp\/v2\/users\/1"}],"replies":[{"embeddable":true,"href":"https:\/\/pedrocasiano.es\/index.php?rest_route=%2Fwp%2Fv2%2Fcomments&post=7392"}],"version-history":[{"count":21,"href":"https:\/\/pedrocasiano.es\/index.php?rest_route=\/wp\/v2\/pages\/7392\/revisions"}],"predecessor-version":[{"id":9345,"href":"https:\/\/pedrocasiano.es\/index.php?rest_route=\/wp\/v2\/pages\/7392\/revisions\/9345"}],"wp:attachment":[{"href":"https:\/\/pedrocasiano.es\/index.php?rest_route=%2Fwp%2Fv2%2Fmedia&parent=7392"}],"curies":[{"name":"wp","href":"https:\/\/api.w.org\/{rel}","templated":true}]}}