{"id":7386,"date":"2024-05-06T17:16:10","date_gmt":"2024-05-06T17:16:10","guid":{"rendered":"https:\/\/pedrocasiano.es\/?page_id=7386"},"modified":"2024-10-03T04:27:53","modified_gmt":"2024-10-03T04:27:53","slug":"letra-p-cuarta-parte","status":"publish","type":"page","link":"https:\/\/pedrocasiano.es\/?page_id=7386","title":{"rendered":"Letra P. Cuarta Parte"},"content":{"rendered":"\n<div class=\"wp-block-cover is-light has-custom-content-position is-position-top-left\" style=\"min-height:607px;aspect-ratio:unset;\"><span aria-hidden=\"true\" class=\"wp-block-cover__background has-background-dim\" style=\"background-color:#9fa787\"><\/span><img decoding=\"async\" width=\"1024\" height=\"686\" class=\"wp-block-cover__image-background wp-image-9328 lazyload\" alt=\"\" data-src=\"https:\/\/pedrocasiano.es\/wp-content\/uploads\/2024\/08\/DSC_0615peque.jpg\" data-object-fit=\"cover\" src=\"data:image\/svg+xml;base64,PHN2ZyB3aWR0aD0iMSIgaGVpZ2h0PSIxIiB4bWxucz0iaHR0cDovL3d3dy53My5vcmcvMjAwMC9zdmciPjwvc3ZnPg==\" style=\"--smush-placeholder-width: 1024px; --smush-placeholder-aspect-ratio: 1024\/686;\" \/><div class=\"wp-block-cover__inner-container has-global-padding is-layout-constrained wp-block-cover-is-layout-constrained\">\n<ul class=\"wp-block-list\">\n<li><a href=\"https:\/\/pedrocasiano.es\/?p=8197\" data-type=\"post\" data-id=\"8197\" target=\"_blank\" rel=\"noreferrer noopener\">Plaza de Regina<\/a><\/li>\n\n\n\n<li><a href=\"https:\/\/pedrocasiano.es\/?p=8201\" data-type=\"post\" data-id=\"8201\" target=\"_blank\" rel=\"noreferrer noopener\">Plaza de Regina. Convento de Regina Coeli<\/a><\/li>\n\n\n\n<li><a href=\"https:\/\/pedrocasiano.es\/?p=8587\" data-type=\"post\" data-id=\"8587\" target=\"_blank\" rel=\"noreferrer noopener\">Plaza de San Agust\u00edn<\/a><\/li>\n\n\n\n<li><a href=\"https:\/\/pedrocasiano.es\/?p=8713\" data-type=\"post\" data-id=\"8713\" target=\"_blank\" rel=\"noreferrer noopener\">Plaza de San Andr\u00e9s<\/a><\/li>\n\n\n\n<li><a href=\"https:\/\/pedrocasiano.es\/?p=8731\" data-type=\"post\" data-id=\"8731\" target=\"_blank\" rel=\"noreferrer noopener\">Plaza de San Eloy<\/a><\/li>\n\n\n\n<li><a href=\"https:\/\/pedrocasiano.es\/?p=7465\" data-type=\"post\" data-id=\"7465\" target=\"_blank\" rel=\"noreferrer noopener\">Plaza de San Ignacio de Loyola<\/a><\/li>\n\n\n\n<li><a href=\"https:\/\/pedrocasiano.es\/?p=7471\" data-type=\"post\" data-id=\"7471\" target=\"_blank\" rel=\"noreferrer noopener\">Plaza de San Juan<\/a><\/li>\n\n\n\n<li><a href=\"https:\/\/pedrocasiano.es\/?p=7476\" data-type=\"post\" data-id=\"7476\" target=\"_blank\" rel=\"noreferrer noopener\">Plaza de San Juan. Alminar de San Juan<\/a><\/li>\n\n\n\n<li><a href=\"https:\/\/pedrocasiano.es\/?p=7482\" data-type=\"post\" data-id=\"7482\" target=\"_blank\" rel=\"noreferrer noopener\">Plaza de San Juan. Iglesia de San Juan de los Caballeros<\/a><\/li>\n\n\n\n<li><a href=\"https:\/\/pedrocasiano.es\/?p=8754\" data-type=\"post\" data-id=\"8754\" target=\"_blank\" rel=\"noreferrer noopener\">Plaza de San Juan De Letr\u00e1n<\/a><\/li>\n\n\n\n<li><a href=\"https:\/\/pedrocasiano.es\/?p=7487\" data-type=\"post\" data-id=\"7487\" target=\"_blank\" rel=\"noreferrer noopener\">Plaza de Santa Marina<\/a><\/li>\n\n\n\n<li><a href=\"https:\/\/pedrocasiano.es\/?p=8989\" data-type=\"post\" data-id=\"8989\" target=\"_blank\" rel=\"noreferrer noopener\">Plaza de Santa Teresa<\/a><\/li>\n\n\n\n<li><a href=\"https:\/\/pedrocasiano.es\/?p=9896\" data-type=\"post\" data-id=\"9896\" target=\"_blank\" rel=\"noreferrer noopener\">Plaza de Tiber\u00edades<\/a><\/li>\n\n\n\n<li><a href=\"https:\/\/pedrocasiano.es\/?p=7493\" data-type=\"post\" data-id=\"7493\" target=\"_blank\" rel=\"noreferrer noopener\">Plaza de Valdelasgrana<\/a><\/li>\n\n\n\n<li><a href=\"https:\/\/pedrocasiano.es\/?p=7497\" target=\"_blank\" rel=\"noreferrer noopener\">Plaza de Col\u00f3n<\/a><\/li>\n\n\n\n<li><a href=\"https:\/\/pedrocasiano.es\/?p=7516\" data-type=\"post\" data-id=\"7516\" target=\"_blank\" rel=\"noreferrer noopener\">Plaza de Col\u00f3n. Palacio de la Merced<\/a><\/li>\n\n\n\n<li><a href=\"https:\/\/pedrocasiano.es\/?p=7529\" data-type=\"post\" data-id=\"7529\" target=\"_blank\" rel=\"noreferrer noopener\">Plaza de Col\u00f3n. C.D.P. Ferroviario<\/a><\/li>\n\n\n\n<li><a href=\"https:\/\/pedrocasiano.es\/?p=7533\" data-type=\"post\" data-id=\"7533\" target=\"_blank\" rel=\"noreferrer noopener\">Plaza de Col\u00f3n. Centro de Educaci\u00f3n Infantil y Primaria Col\u00f3n<\/a><\/li>\n\n\n\n<li><a href=\"https:\/\/pedrocasiano.es\/?p=7538\" target=\"_blank\" rel=\"noreferrer noopener\">Plaza de Col\u00f3n. El Morabito<\/a><\/li>\n\n\n\n<li><a href=\"https:\/\/pedrocasiano.es\/?p=7541\" data-type=\"post\" data-id=\"7541\" target=\"_blank\" rel=\"noreferrer noopener\">Plaza de Col\u00f3n. Monumento a la Mujer Cordobesa<\/a><\/li>\n<\/ul>\n<\/div><\/div>\n","protected":false},"excerpt":{"rendered":"","protected":false},"author":1,"featured_media":0,"parent":0,"menu_order":0,"comment_status":"closed","ping_status":"closed","template":"","meta":{"inspiro_hide_title":false,"footnotes":""},"class_list":["post-7386","page","type-page","status-publish","hentry"],"featured_media_urls":[],"_links":{"self":[{"href":"https:\/\/pedrocasiano.es\/index.php?rest_route=\/wp\/v2\/pages\/7386","targetHints":{"allow":["GET"]}}],"collection":[{"href":"https:\/\/pedrocasiano.es\/index.php?rest_route=\/wp\/v2\/pages"}],"about":[{"href":"https:\/\/pedrocasiano.es\/index.php?rest_route=\/wp\/v2\/types\/page"}],"author":[{"embeddable":true,"href":"https:\/\/pedrocasiano.es\/index.php?rest_route=\/wp\/v2\/users\/1"}],"replies":[{"embeddable":true,"href":"https:\/\/pedrocasiano.es\/index.php?rest_route=%2Fwp%2Fv2%2Fcomments&post=7386"}],"version-history":[{"count":47,"href":"https:\/\/pedrocasiano.es\/index.php?rest_route=\/wp\/v2\/pages\/7386\/revisions"}],"predecessor-version":[{"id":11491,"href":"https:\/\/pedrocasiano.es\/index.php?rest_route=\/wp\/v2\/pages\/7386\/revisions\/11491"}],"wp:attachment":[{"href":"https:\/\/pedrocasiano.es\/index.php?rest_route=%2Fwp%2Fv2%2Fmedia&parent=7386"}],"curies":[{"name":"wp","href":"https:\/\/api.w.org\/{rel}","templated":true}]}}