{"id":6437,"date":"2024-04-08T08:26:27","date_gmt":"2024-04-08T08:26:27","guid":{"rendered":"https:\/\/pedrocasiano.es\/?page_id=6437"},"modified":"2026-04-02T10:32:24","modified_gmt":"2026-04-02T08:32:24","slug":"letra-p","status":"publish","type":"page","link":"https:\/\/pedrocasiano.es\/?page_id=6437","title":{"rendered":"Letras N a S"},"content":{"rendered":"\n<div class=\"wp-block-cover alignfull\"><img decoding=\"async\" width=\"1024\" height=\"681\" class=\"wp-block-cover__image-background wp-image-9318 lazyload\" alt=\"\" data-src=\"https:\/\/pedrocasiano.es\/wp-content\/uploads\/2024\/08\/DSC_0307-1peque.jpg\" data-object-fit=\"cover\" src=\"data:image\/svg+xml;base64,PHN2ZyB3aWR0aD0iMSIgaGVpZ2h0PSIxIiB4bWxucz0iaHR0cDovL3d3dy53My5vcmcvMjAwMC9zdmciPjwvc3ZnPg==\" style=\"--smush-placeholder-width: 1024px; --smush-placeholder-aspect-ratio: 1024\/681;\" \/><span aria-hidden=\"true\" class=\"wp-block-cover__background has-background-dim\"><\/span><div class=\"wp-block-cover__inner-container is-layout-flow wp-block-cover-is-layout-flow\">\n<ul class=\"wp-block-list\">\n<li><a href=\"https:\/\/pedrocasiano.es\/?page_id=10224\" data-type=\"page\" data-id=\"10224\" target=\"_blank\" rel=\"noreferrer noopener\">Letra N<\/a><\/li>\n\n\n\n<li><a href=\"https:\/\/pedrocasiano.es\/?page_id=10233\" data-type=\"page\" data-id=\"10233\" target=\"_blank\" rel=\"noreferrer noopener\">Letra O<\/a><\/li>\n\n\n\n<li><a href=\"https:\/\/pedrocasiano.es\/?page_id=6440\" data-type=\"page\" data-id=\"6440\" target=\"_blank\" rel=\"noreferrer noopener\">Letra P. Primera Parte<\/a><\/li>\n\n\n\n<li><a href=\"https:\/\/pedrocasiano.es\/?page_id=7082\" data-type=\"page\" data-id=\"7082\" target=\"_blank\" rel=\"noreferrer noopener\">Letra P. Segunda Parte<\/a><\/li>\n\n\n\n<li><a href=\"https:\/\/pedrocasiano.es\/?page_id=7284\" data-type=\"page\" data-id=\"7284\" target=\"_blank\" rel=\"noreferrer noopener\">Letra P. Tercera Parte<\/a><\/li>\n\n\n\n<li><a href=\"https:\/\/pedrocasiano.es\/?page_id=7386\" data-type=\"page\" data-id=\"7386\" target=\"_blank\" rel=\"noreferrer noopener\">Letra P. Cuarta Parte<\/a><\/li>\n\n\n\n<li><a href=\"https:\/\/pedrocasiano.es\/?page_id=11478\" data-type=\"page\" data-id=\"11478\" target=\"_blank\" rel=\"noreferrer noopener\">Letra P. Quinta Parte<\/a><\/li>\n\n\n\n<li><a href=\"https:\/\/pedrocasiano.es\/?page_id=11323\" data-type=\"page\" data-id=\"11323\" target=\"_blank\" rel=\"noreferrer noopener\">Letra P. Quinta Parte(II)<\/a><\/li>\n\n\n\n<li><a href=\"https:\/\/pedrocasiano.es\/?page_id=11486\" data-type=\"page\" data-id=\"11486\" target=\"_blank\" rel=\"noreferrer noopener\">Letra P. Sexta Parte<\/a><\/li>\n\n\n\n<li><a href=\"https:\/\/pedrocasiano.es\/?page_id=7389\" data-type=\"page\" data-id=\"7389\" target=\"_blank\" rel=\"noreferrer noopener\">Letra R. Primera Parte<\/a><\/li>\n\n\n\n<li><a href=\"https:\/\/pedrocasiano.es\/?p=9216\" data-type=\"post\" data-id=\"9216\" target=\"_blank\" rel=\"noreferrer noopener\">Letra R. Segunda Parte<\/a><\/li>\n\n\n\n<li><a href=\"https:\/\/pedrocasiano.es\/?page_id=9536\" data-type=\"page\" data-id=\"9536\" target=\"_blank\" rel=\"noreferrer noopener\">Letra S<\/a><\/li>\n<\/ul>\n\n\n\n<p><strong>Todos los Derechos Reservados<\/strong><\/p>\n\n\n\n<p class=\"has-text-align-center\"><strong>\u201cEstas novelas, publicaciones y dem\u00e1s, son obras de ficci\u00f3n. Los nombres, personajes, lugares e incidentes son producto de la imaginaci\u00f3n del autor o son utilizados de manera ficticia. Cualquier parecido con personas, vivas o muertas, o sucesos reales es pura coincidencia.\u201d<\/strong><\/p>\n\n\n\n<p><\/p>\n<\/div><\/div>\n\n\n\n<ul class=\"wp-block-list\">\n<li><\/li>\n<\/ul>\n","protected":false},"excerpt":{"rendered":"","protected":false},"author":1,"featured_media":0,"parent":0,"menu_order":0,"comment_status":"closed","ping_status":"closed","template":"","meta":{"inspiro_hide_title":false,"footnotes":""},"class_list":["post-6437","page","type-page","status-publish","hentry"],"featured_media_urls":[],"_links":{"self":[{"href":"https:\/\/pedrocasiano.es\/index.php?rest_route=\/wp\/v2\/pages\/6437","targetHints":{"allow":["GET"]}}],"collection":[{"href":"https:\/\/pedrocasiano.es\/index.php?rest_route=\/wp\/v2\/pages"}],"about":[{"href":"https:\/\/pedrocasiano.es\/index.php?rest_route=\/wp\/v2\/types\/page"}],"author":[{"embeddable":true,"href":"https:\/\/pedrocasiano.es\/index.php?rest_route=\/wp\/v2\/users\/1"}],"replies":[{"embeddable":true,"href":"https:\/\/pedrocasiano.es\/index.php?rest_route=%2Fwp%2Fv2%2Fcomments&post=6437"}],"version-history":[{"count":37,"href":"https:\/\/pedrocasiano.es\/index.php?rest_route=\/wp\/v2\/pages\/6437\/revisions"}],"predecessor-version":[{"id":16658,"href":"https:\/\/pedrocasiano.es\/index.php?rest_route=\/wp\/v2\/pages\/6437\/revisions\/16658"}],"wp:attachment":[{"href":"https:\/\/pedrocasiano.es\/index.php?rest_route=%2Fwp%2Fv2%2Fmedia&parent=6437"}],"curies":[{"name":"wp","href":"https:\/\/api.w.org\/{rel}","templated":true}]}}