{"id":6407,"date":"2024-04-08T07:29:53","date_gmt":"2024-04-08T07:29:53","guid":{"rendered":"https:\/\/pedrocasiano.es\/?page_id=6407"},"modified":"2024-08-26T09:34:36","modified_gmt":"2024-08-26T09:34:36","slug":"primera-parte","status":"publish","type":"page","link":"https:\/\/pedrocasiano.es\/?page_id=6407","title":{"rendered":"Letra A. Primera Parte"},"content":{"rendered":"\n<div class=\"wp-block-cover is-light\" style=\"min-height:100vh;aspect-ratio:unset;\"><span aria-hidden=\"true\" class=\"wp-block-cover__background has-background-dim\" style=\"background-color:#abab94\"><\/span><img decoding=\"async\" width=\"1024\" height=\"754\" class=\"wp-block-cover__image-background wp-image-9334 lazyload\" alt=\"\" data-src=\"https:\/\/pedrocasiano.es\/wp-content\/uploads\/2024\/08\/DSC_0759peque.jpg\" data-object-fit=\"cover\" src=\"data:image\/svg+xml;base64,PHN2ZyB3aWR0aD0iMSIgaGVpZ2h0PSIxIiB4bWxucz0iaHR0cDovL3d3dy53My5vcmcvMjAwMC9zdmciPjwvc3ZnPg==\" style=\"--smush-placeholder-width: 1024px; --smush-placeholder-aspect-ratio: 1024\/754;\" \/><div class=\"wp-block-cover__inner-container has-global-padding is-layout-constrained wp-block-cover-is-layout-constrained\">\n<ul class=\"wp-block-list\">\n<li><a href=\"https:\/\/pedrocasiano.es\/?p=6389\" target=\"_blank\" rel=\"noreferrer noopener\">Abejar<\/a><\/li>\n\n\n\n<li><a href=\"https:\/\/pedrocasiano.es\/?p=6413\" data-type=\"post\" data-id=\"6413\" target=\"_blank\" rel=\"noreferrer noopener\">Aceite<\/a><\/li>\n\n\n\n<li><a href=\"https:\/\/pedrocasiano.es\/?p=6418\" target=\"_blank\" rel=\"noreferrer noopener\">Aceituno<\/a><\/li>\n\n\n\n<li><a href=\"https:\/\/pedrocasiano.es\/?p=6621\" target=\"_blank\" rel=\"noreferrer noopener\">Acera de San Juli\u00e1n<\/a><\/li>\n\n\n\n<li><a href=\"https:\/\/pedrocasiano.es\/?p=6625\" target=\"_blank\" rel=\"noreferrer noopener\">Acera Mira al Rio<\/a><\/li>\n\n\n\n<li><a href=\"https:\/\/pedrocasiano.es\/?p=6633\" target=\"_blank\" rel=\"noreferrer noopener\">Agust\u00edn Moreno<\/a><\/li>\n\n\n\n<li><a href=\"https:\/\/pedrocasiano.es\/?p=6644\" target=\"_blank\" rel=\"noreferrer noopener\">Agust\u00edn Moreno. Convento de Santa Cruz<\/a><\/li>\n\n\n\n<li><a href=\"https:\/\/pedrocasiano.es\/?p=6656\" target=\"_blank\" rel=\"noreferrer noopener\">Agust\u00edn Moreno. Iglesia de Santiago<\/a><\/li>\n\n\n\n<li><a href=\"https:\/\/pedrocasiano.es\/?p=6662\" target=\"_blank\" rel=\"noreferrer noopener\">Agust\u00edn Moreno. Casa de los Caballeros de Santiago<\/a><\/li>\n\n\n\n<li><a href=\"https:\/\/pedrocasiano.es\/?p=6669\" target=\"_blank\" rel=\"noreferrer noopener\">Agust\u00edn Moreno. Palacio del Marqu\u00e9s de Benamej\u00ed<\/a><\/li>\n\n\n\n<li><a href=\"https:\/\/pedrocasiano.es\/?p=6673\" data-type=\"link\" data-id=\"https:\/\/pedrocasiano.es\/?p=6673\" target=\"_blank\" rel=\"noreferrer noopener\">Agust\u00edn Moreno. Hospital de los R\u00edos<\/a><\/li>\n\n\n\n<li><a href=\"https:\/\/pedrocasiano.es\/?p=6679\" target=\"_blank\" rel=\"noreferrer noopener\">Alarc\u00f3n L\u00f3pez<\/a><\/li>\n\n\n\n<li><a href=\"https:\/\/pedrocasiano.es\/?p=6694\" target=\"_blank\" rel=\"noreferrer noopener\">Albolafia. Muralla de la Ribera<\/a><\/li>\n\n\n\n<li><a href=\"https:\/\/pedrocasiano.es\/?p=6718\" target=\"_blank\" rel=\"noreferrer noopener\">Albolafia. Molino<\/a><\/li>\n\n\n\n<li><a href=\"https:\/\/pedrocasiano.es\/?p=6724\" target=\"_blank\" rel=\"noreferrer noopener\">Albucasis<\/a><\/li>\n\n\n\n<li><a href=\"https:\/\/pedrocasiano.es\/?p=6731\" target=\"_blank\" rel=\"noreferrer noopener\">Alc\u00e1ntara<\/a><\/li>\n\n\n\n<li><a href=\"https:\/\/pedrocasiano.es\/?p=6753\" target=\"_blank\" rel=\"noreferrer noopener\">Alc\u00e1zar de los Reyes Cristianos<\/a><\/li>\n<\/ul>\n<\/div><\/div>\n","protected":false},"excerpt":{"rendered":"","protected":false},"author":1,"featured_media":0,"parent":0,"menu_order":0,"comment_status":"closed","ping_status":"closed","template":"","meta":{"inspiro_hide_title":false,"footnotes":""},"class_list":["post-6407","page","type-page","status-publish","hentry"],"featured_media_urls":[],"_links":{"self":[{"href":"https:\/\/pedrocasiano.es\/index.php?rest_route=\/wp\/v2\/pages\/6407","targetHints":{"allow":["GET"]}}],"collection":[{"href":"https:\/\/pedrocasiano.es\/index.php?rest_route=\/wp\/v2\/pages"}],"about":[{"href":"https:\/\/pedrocasiano.es\/index.php?rest_route=\/wp\/v2\/types\/page"}],"author":[{"embeddable":true,"href":"https:\/\/pedrocasiano.es\/index.php?rest_route=\/wp\/v2\/users\/1"}],"replies":[{"embeddable":true,"href":"https:\/\/pedrocasiano.es\/index.php?rest_route=%2Fwp%2Fv2%2Fcomments&post=6407"}],"version-history":[{"count":31,"href":"https:\/\/pedrocasiano.es\/index.php?rest_route=\/wp\/v2\/pages\/6407\/revisions"}],"predecessor-version":[{"id":9335,"href":"https:\/\/pedrocasiano.es\/index.php?rest_route=\/wp\/v2\/pages\/6407\/revisions\/9335"}],"wp:attachment":[{"href":"https:\/\/pedrocasiano.es\/index.php?rest_route=%2Fwp%2Fv2%2Fmedia&parent=6407"}],"curies":[{"name":"wp","href":"https:\/\/api.w.org\/{rel}","templated":true}]}}