{"id":6398,"date":"2024-04-08T06:44:33","date_gmt":"2024-04-08T06:44:33","guid":{"rendered":"https:\/\/pedrocasiano.es\/?page_id=6398"},"modified":"2026-03-31T11:25:44","modified_gmt":"2026-03-31T09:25:44","slug":"letra-a","status":"publish","type":"page","link":"https:\/\/pedrocasiano.es\/?page_id=6398","title":{"rendered":"Reflexiones. Octava Parte"},"content":{"rendered":"\n<div class=\"wp-block-cover alignfull is-light has-custom-content-position is-position-top-left\" style=\"min-height:928px;aspect-ratio:unset;\"><img decoding=\"async\" width=\"1024\" height=\"669\" class=\"wp-block-cover__image-background wp-image-11695 lazyload\" alt=\"\" data-src=\"https:\/\/pedrocasiano.es\/wp-content\/uploads\/2024\/11\/golden-hour-portraits-8351546peque.jpg\" data-object-fit=\"cover\" src=\"data:image\/svg+xml;base64,PHN2ZyB3aWR0aD0iMSIgaGVpZ2h0PSIxIiB4bWxucz0iaHR0cDovL3d3dy53My5vcmcvMjAwMC9zdmciPjwvc3ZnPg==\" style=\"--smush-placeholder-width: 1024px; --smush-placeholder-aspect-ratio: 1024\/669;\" \/><span aria-hidden=\"true\" class=\"wp-block-cover__background has-background-dim\" style=\"background-color:#95806a\"><\/span><div class=\"wp-block-cover__inner-container has-global-padding is-layout-constrained wp-block-cover-is-layout-constrained\">\n<ul class=\"wp-block-list\">\n<li><a href=\"https:\/\/pedrocasiano.es\/?p=11697\" data-type=\"post\" data-id=\"11697\" target=\"_blank\" rel=\"noreferrer noopener\">Amanece en Alg\u00fan Lugar<\/a><\/li>\n\n\n\n<li><a href=\"https:\/\/pedrocasiano.es\/?p=11705\" data-type=\"post\" data-id=\"11705\" target=\"_blank\" rel=\"noreferrer noopener\">Ese Dormir\u2026<\/a><\/li>\n\n\n\n<li><a href=\"https:\/\/pedrocasiano.es\/?p=11987\" data-type=\"post\" data-id=\"11987\" target=\"_blank\" rel=\"noreferrer noopener\">Andaluc\u00eda Independiente<\/a><\/li>\n\n\n\n<li><a href=\"https:\/\/pedrocasiano.es\/?p=12180\" data-type=\"post\" data-id=\"12180\" target=\"_blank\" rel=\"noreferrer noopener\">Navidad 2.024. Felices Fiestas<\/a><\/li>\n\n\n\n<li><a href=\"https:\/\/pedrocasiano.es\/?p=12277\" data-type=\"post\" data-id=\"12277\" target=\"_blank\" rel=\"noreferrer noopener\">Feliz A\u00f1o Nuevo 2.025. Espero<\/a><\/li>\n\n\n\n<li><a href=\"https:\/\/pedrocasiano.es\/?p=12319\" data-type=\"post\" data-id=\"12319\" target=\"_blank\" rel=\"noreferrer noopener\">El Regalo<\/a><\/li>\n\n\n\n<li><a href=\"https:\/\/pedrocasiano.es\/?p=13477\" data-type=\"post\" data-id=\"13477\" target=\"_blank\" rel=\"noreferrer noopener\">Sobre la Inteligencia Artificial<\/a><\/li>\n\n\n\n<li><a href=\"https:\/\/pedrocasiano.es\/?p=13785\" data-type=\"post\" data-id=\"13785\" target=\"_blank\" rel=\"noreferrer noopener\">La Otra Gente de la Feria<\/a><\/li>\n\n\n\n<li><a href=\"https:\/\/pedrocasiano.es\/?p=13794\" data-type=\"post\" data-id=\"13794\" target=\"_blank\" rel=\"noreferrer noopener\">Me Acabo de Levantar<\/a><\/li>\n\n\n\n<li><a href=\"https:\/\/pedrocasiano.es\/?p=13798\" data-type=\"post\" data-id=\"13798\" target=\"_blank\" rel=\"noreferrer noopener\">De Nuevo Aqu\u00ed<\/a><\/li>\n\n\n\n<li><a href=\"https:\/\/pedrocasiano.es\/?p=13827\" data-type=\"post\" data-id=\"13827\" target=\"_blank\" rel=\"noreferrer noopener\">Duermo menos que un Reloj At\u00f3mico<\/a><\/li>\n\n\n\n<li><a href=\"https:\/\/pedrocasiano.es\/?p=13857\" data-type=\"post\" data-id=\"13857\" target=\"_blank\" rel=\"noreferrer noopener\">Una de Coreanas<\/a><\/li>\n\n\n\n<li><a href=\"https:\/\/pedrocasiano.es\/?p=15174\" data-type=\"post\" data-id=\"15174\" target=\"_blank\" rel=\"noreferrer noopener\">Otra vez el Largo y C\u00e1lido Verano<\/a><\/li>\n\n\n\n<li><a href=\"https:\/\/pedrocasiano.es\/?p=15446\" data-type=\"post\" data-id=\"15446\" target=\"_blank\" rel=\"noreferrer noopener\">El Verano que se Acaba<\/a><\/li>\n\n\n\n<li><a href=\"https:\/\/pedrocasiano.es\/?p=15450\" data-type=\"post\" data-id=\"15450\" target=\"_blank\" rel=\"noreferrer noopener\">Noche de Insomnio<\/a><\/li>\n\n\n\n<li><a href=\"https:\/\/pedrocasiano.es\/?p=15454\" data-type=\"post\" data-id=\"15454\" target=\"_blank\" rel=\"noreferrer noopener\">Otra Noche m\u00e1s en la Soledad del Insomnio<\/a><\/li>\n\n\n\n<li><a href=\"https:\/\/pedrocasiano.es\/?p=15459\" data-type=\"post\" data-id=\"15459\" target=\"_blank\" rel=\"noreferrer noopener\">\u00daltimo D\u00eda de un Mes de Agosto<\/a><\/li>\n\n\n\n<li><a href=\"https:\/\/pedrocasiano.es\/?p=15464\" data-type=\"post\" data-id=\"15464\" target=\"_blank\" rel=\"noreferrer noopener\">Septiembre Oscuro<\/a><\/li>\n\n\n\n<li><a href=\"https:\/\/pedrocasiano.es\/?p=15468\" data-type=\"post\" data-id=\"15468\" target=\"_blank\" rel=\"noreferrer noopener\">Mi Amigo el Flato<\/a><\/li>\n\n\n\n<li><a href=\"https:\/\/pedrocasiano.es\/?p=15472\" data-type=\"post\" data-id=\"15472\" target=\"_blank\" rel=\"noreferrer noopener\">El Reloj de Pared<\/a><\/li>\n<\/ul>\n\n\n\n<p><strong>Todos los Derechos Reservados<\/strong><\/p>\n\n\n\n<p><strong>\u201cEstas novelas, publicaciones y dem\u00e1s, son obras de ficci\u00f3n. Los nombres, personajes, lugares e incidentes son producto de la imaginaci\u00f3n del autor o son utilizados de manera ficticia. Cualquier parecido con personas, vivas o muertas, o sucesos reales es pura coincidencia.\u201d<\/strong><\/p>\n<\/div><\/div>\n\n\n\n<p><\/p>\n","protected":false},"excerpt":{"rendered":"","protected":false},"author":1,"featured_media":0,"parent":0,"menu_order":0,"comment_status":"closed","ping_status":"closed","template":"","meta":{"inspiro_hide_title":false,"footnotes":""},"class_list":["post-6398","page","type-page","status-publish","hentry"],"featured_media_urls":[],"_links":{"self":[{"href":"https:\/\/pedrocasiano.es\/index.php?rest_route=\/wp\/v2\/pages\/6398","targetHints":{"allow":["GET"]}}],"collection":[{"href":"https:\/\/pedrocasiano.es\/index.php?rest_route=\/wp\/v2\/pages"}],"about":[{"href":"https:\/\/pedrocasiano.es\/index.php?rest_route=\/wp\/v2\/types\/page"}],"author":[{"embeddable":true,"href":"https:\/\/pedrocasiano.es\/index.php?rest_route=\/wp\/v2\/users\/1"}],"replies":[{"embeddable":true,"href":"https:\/\/pedrocasiano.es\/index.php?rest_route=%2Fwp%2Fv2%2Fcomments&post=6398"}],"version-history":[{"count":44,"href":"https:\/\/pedrocasiano.es\/index.php?rest_route=\/wp\/v2\/pages\/6398\/revisions"}],"predecessor-version":[{"id":16524,"href":"https:\/\/pedrocasiano.es\/index.php?rest_route=\/wp\/v2\/pages\/6398\/revisions\/16524"}],"wp:attachment":[{"href":"https:\/\/pedrocasiano.es\/index.php?rest_route=%2Fwp%2Fv2%2Fmedia&parent=6398"}],"curies":[{"name":"wp","href":"https:\/\/api.w.org\/{rel}","templated":true}]}}