{"id":6351,"date":"2024-04-01T07:19:01","date_gmt":"2024-04-01T07:19:01","guid":{"rendered":"https:\/\/pedrocasiano.es\/?page_id=6351"},"modified":"2024-06-03T08:56:39","modified_gmt":"2024-06-03T08:56:39","slug":"verdes-parcelas","status":"publish","type":"page","link":"https:\/\/pedrocasiano.es\/?page_id=6351","title":{"rendered":"Verdes Parcelas"},"content":{"rendered":"\n<div class=\"wp-block-media-text is-stacked-on-mobile is-vertically-aligned-top\"><figure class=\"wp-block-media-text__media\"><img decoding=\"async\" width=\"640\" height=\"359\" data-src=\"https:\/\/pedrocasiano.es\/wp-content\/uploads\/2024\/04\/ai-generated-8291716peque.jpg\" alt=\"\" class=\"wp-image-6352 size-full lazyload\" src=\"data:image\/svg+xml;base64,PHN2ZyB3aWR0aD0iMSIgaGVpZ2h0PSIxIiB4bWxucz0iaHR0cDovL3d3dy53My5vcmcvMjAwMC9zdmciPjwvc3ZnPg==\" style=\"--smush-placeholder-width: 640px; --smush-placeholder-aspect-ratio: 640\/359;\" \/><\/figure><div class=\"wp-block-media-text__content\">\n<p>Verdes parcelas<\/p>\n\n\n\n<p>Entre cemento<\/p>\n\n\n\n<p>Yertas<\/p>\n\n\n\n<p>Oscuras parcelas<\/p>\n\n\n\n<p>De cemento<\/p>\n\n\n\n<p>Yertas<\/p>\n\n\n\n<p>T\u00e9nebres parcelas<\/p>\n\n\n\n<p>Solo tierra<\/p>\n\n\n\n<p>Yertas<\/p>\n\n\n\n<p>Todas<\/p>\n\n\n\n<p>De muertos llenas<\/p>\n\n\n\n<p>Camposantos<\/p>\n\n\n\n<p>Vac\u00edos de dioses<\/p>\n\n\n\n<p>Sin nada que suba al cielo<\/p>\n\n\n\n<p>Por muchas agujas<\/p>\n\n\n\n<p>Que salgan del suelo<\/p>\n\n\n\n<p>Cruces ca\u00eddas<\/p>\n\n\n\n<p>Otras reci\u00e9n subidas<\/p>\n\n\n\n<p>Nada de dicha<\/p>\n\n\n\n<p>Solo desesperaci\u00f3n<\/p>\n\n\n\n<p>Y canticos de despedida<\/p>\n\n\n\n<p>Soledad en silencio<\/p>\n\n\n\n<p>De los campos yertos<\/p>\n\n\n\n<p>Entre barras de hierro<\/p>\n\n\n\n<p>Esculturas con cara<\/p>\n\n\n\n<p>Con cara las sepulturas<\/p>\n\n\n\n<p>Llenas de seres amorfos<\/p>\n\n\n\n<p>De vidas tan miserables<\/p>\n\n\n\n<p>Como las que se esconden<\/p>\n\n\n\n<p>Sin poder ser le\u00eddas<\/p>\n\n\n\n<p>Condes, Marqueses, soldados<\/p>\n\n\n\n<p>Todas del mismo calado<\/p>\n\n\n\n<p>Muerto dentro<\/p>\n\n\n\n<p>Con el tiempo olvidado<\/p>\n\n\n\n<p>Camino del infierno<\/p>\n\n\n\n<p>O del dios que ha creado<\/p>\n\n\n\n<p>Quiz\u00e1s se reencarnen<\/p>\n\n\n\n<p>o quiz\u00e1s solo sean<\/p>\n\n\n\n<p>Prodigio de la naturaleza<\/p>\n\n\n\n<p>Espor\u00e1dicas inteligencias<\/p>\n\n\n\n<p>Que al desmontar las neuronas<\/p>\n\n\n\n<p>Pierden lo que llaman alma<\/p>\n\n\n\n<p>Cuando no es otra cosa<\/p>\n\n\n\n<p>Que la vida que llamamos <\/p>\n\n\n\n<p>La m\u00e1s preciosa.<\/p>\n<\/div><\/div>\n","protected":false},"excerpt":{"rendered":"<p>Verdes parcelas Entre cemento Yertas Oscuras parcelas De cemento Yertas T\u00e9nebres parcelas Solo tierra Yertas Todas De muertos llenas Camposantos Vac\u00edos de dioses Sin nada que suba al cielo Por muchas agujas Que salgan del suelo Cruces ca\u00eddas Otras reci\u00e9n subidas Nada de dicha Solo desesperaci\u00f3n Y canticos de despedida Soledad en silencio De los &hellip; <\/p>\n<p class=\"link-more\"><a href=\"https:\/\/pedrocasiano.es\/?page_id=6351\" class=\"more-link\">Leer m\u00e1s<span class=\"screen-reader-text\"> \u00abVerdes Parcelas\u00bb<\/span><\/a><\/p>\n","protected":false},"author":1,"featured_media":0,"parent":0,"menu_order":0,"comment_status":"closed","ping_status":"closed","template":"","meta":{"inspiro_hide_title":false,"footnotes":""},"class_list":["post-6351","page","type-page","status-publish","hentry"],"featured_media_urls":[],"_links":{"self":[{"href":"https:\/\/pedrocasiano.es\/index.php?rest_route=\/wp\/v2\/pages\/6351","targetHints":{"allow":["GET"]}}],"collection":[{"href":"https:\/\/pedrocasiano.es\/index.php?rest_route=\/wp\/v2\/pages"}],"about":[{"href":"https:\/\/pedrocasiano.es\/index.php?rest_route=\/wp\/v2\/types\/page"}],"author":[{"embeddable":true,"href":"https:\/\/pedrocasiano.es\/index.php?rest_route=\/wp\/v2\/users\/1"}],"replies":[{"embeddable":true,"href":"https:\/\/pedrocasiano.es\/index.php?rest_route=%2Fwp%2Fv2%2Fcomments&post=6351"}],"version-history":[{"count":3,"href":"https:\/\/pedrocasiano.es\/index.php?rest_route=\/wp\/v2\/pages\/6351\/revisions"}],"predecessor-version":[{"id":10831,"href":"https:\/\/pedrocasiano.es\/index.php?rest_route=\/wp\/v2\/pages\/6351\/revisions\/10831"}],"wp:attachment":[{"href":"https:\/\/pedrocasiano.es\/index.php?rest_route=%2Fwp%2Fv2%2Fmedia&parent=6351"}],"curies":[{"name":"wp","href":"https:\/\/api.w.org\/{rel}","templated":true}]}}