{"id":6346,"date":"2024-04-01T07:11:41","date_gmt":"2024-04-01T07:11:41","guid":{"rendered":"https:\/\/pedrocasiano.es\/?page_id=6346"},"modified":"2024-04-01T07:11:42","modified_gmt":"2024-04-01T07:11:42","slug":"solo-veo-perros-ladrando","status":"publish","type":"page","link":"https:\/\/pedrocasiano.es\/?page_id=6346","title":{"rendered":"Solo veo Perros Ladrando"},"content":{"rendered":"\n<div class=\"wp-block-media-text is-stacked-on-mobile is-vertically-aligned-top\" style=\"grid-template-columns:40% auto\"><figure class=\"wp-block-media-text__media\"><img decoding=\"async\" width=\"640\" height=\"427\" data-src=\"https:\/\/pedrocasiano.es\/wp-content\/uploads\/2024\/04\/ai-generated-8617589peque.jpg\" alt=\"\" class=\"wp-image-6347 size-full lazyload\" src=\"data:image\/svg+xml;base64,PHN2ZyB3aWR0aD0iMSIgaGVpZ2h0PSIxIiB4bWxucz0iaHR0cDovL3d3dy53My5vcmcvMjAwMC9zdmciPjwvc3ZnPg==\" style=\"--smush-placeholder-width: 640px; --smush-placeholder-aspect-ratio: 640\/427;\" \/><\/figure><div class=\"wp-block-media-text__content\">\n<p>Solo veo perros ladrando<\/p>\n\n\n\n<p>Los ladridos que llegan al cielo<\/p>\n\n\n\n<p>Mi sonrisa de estulticia<\/p>\n\n\n\n<p>Y la baba que cae por mi comisura<\/p>\n\n\n\n<p>Sue\u00f1os qu\u00edmicos<\/p>\n\n\n\n<p>De d\u00eda, de noche, solo sue\u00f1os<\/p>\n\n\n\n<p>El dolor que viene<\/p>\n\n\n\n<p>Y desaparece<\/p>\n\n\n\n<p>La baba ca\u00edda brota<\/p>\n\n\n\n<p>Y sue\u00f1as en caballos alados<\/p>\n\n\n\n<p>En unicornios masacrados<\/p>\n\n\n\n<p>En historias no escritas<\/p>\n\n\n\n<p>En redimidos condenados<\/p>\n\n\n\n<p>En muertos encadenados<\/p>\n\n\n\n<p>En huesos colgados<\/p>\n\n\n\n<p>De sitios olvidados<\/p>\n\n\n\n<p>Los muertos salen de las tumbas<\/p>\n\n\n\n<p>Te saludan como si nada<\/p>\n\n\n\n<p>Y sonr\u00edes<\/p>\n\n\n\n<p>Y la baba cae<\/p>\n\n\n\n<p>Sue\u00f1os de verano<\/p>\n\n\n\n<p>De invierno<\/p>\n\n\n\n<p>De oto\u00f1o de verano<\/p>\n\n\n\n<p>Y sube la dosis<\/p>\n\n\n\n<p>Los caballos vuelan m\u00e1s altos<\/p>\n\n\n\n<p>Los perros siguen ladrando.<\/p>\n<\/div><\/div>\n","protected":false},"excerpt":{"rendered":"<p>Solo veo perros ladrando Los ladridos que llegan al cielo Mi sonrisa de estulticia Y la baba que cae por mi comisura Sue\u00f1os qu\u00edmicos De d\u00eda, de noche, solo sue\u00f1os El dolor que viene Y desaparece La baba ca\u00edda brota Y sue\u00f1as en caballos alados En unicornios masacrados En historias no escritas En redimidos condenados &hellip; <\/p>\n<p class=\"link-more\"><a href=\"https:\/\/pedrocasiano.es\/?page_id=6346\" class=\"more-link\">Leer m\u00e1s<span class=\"screen-reader-text\"> \u00abSolo veo Perros Ladrando\u00bb<\/span><\/a><\/p>\n","protected":false},"author":1,"featured_media":0,"parent":0,"menu_order":0,"comment_status":"closed","ping_status":"closed","template":"","meta":{"inspiro_hide_title":false,"footnotes":""},"class_list":["post-6346","page","type-page","status-publish","hentry"],"featured_media_urls":[],"_links":{"self":[{"href":"https:\/\/pedrocasiano.es\/index.php?rest_route=\/wp\/v2\/pages\/6346","targetHints":{"allow":["GET"]}}],"collection":[{"href":"https:\/\/pedrocasiano.es\/index.php?rest_route=\/wp\/v2\/pages"}],"about":[{"href":"https:\/\/pedrocasiano.es\/index.php?rest_route=\/wp\/v2\/types\/page"}],"author":[{"embeddable":true,"href":"https:\/\/pedrocasiano.es\/index.php?rest_route=\/wp\/v2\/users\/1"}],"replies":[{"embeddable":true,"href":"https:\/\/pedrocasiano.es\/index.php?rest_route=%2Fwp%2Fv2%2Fcomments&post=6346"}],"version-history":[{"count":1,"href":"https:\/\/pedrocasiano.es\/index.php?rest_route=\/wp\/v2\/pages\/6346\/revisions"}],"predecessor-version":[{"id":6348,"href":"https:\/\/pedrocasiano.es\/index.php?rest_route=\/wp\/v2\/pages\/6346\/revisions\/6348"}],"wp:attachment":[{"href":"https:\/\/pedrocasiano.es\/index.php?rest_route=%2Fwp%2Fv2%2Fmedia&parent=6346"}],"curies":[{"name":"wp","href":"https:\/\/api.w.org\/{rel}","templated":true}]}}