{"id":6328,"date":"2024-03-31T09:49:14","date_gmt":"2024-03-31T09:49:14","guid":{"rendered":"https:\/\/pedrocasiano.es\/?page_id=6328"},"modified":"2024-03-31T09:49:14","modified_gmt":"2024-03-31T09:49:14","slug":"amaria-ser-solidario","status":"publish","type":"page","link":"https:\/\/pedrocasiano.es\/?page_id=6328","title":{"rendered":"Amar\u00eda ser Solidario"},"content":{"rendered":"\n<div class=\"wp-block-media-text is-stacked-on-mobile is-vertically-aligned-top\"><figure class=\"wp-block-media-text__media\"><img decoding=\"async\" width=\"640\" height=\"640\" data-src=\"https:\/\/pedrocasiano.es\/wp-content\/uploads\/2024\/03\/ai-generated-8641851peque.jpg\" alt=\"\" class=\"wp-image-6329 size-full lazyload\" data-srcset=\"https:\/\/pedrocasiano.es\/wp-content\/uploads\/2024\/03\/ai-generated-8641851peque.jpg 640w, https:\/\/pedrocasiano.es\/wp-content\/uploads\/2024\/03\/ai-generated-8641851peque-300x300.jpg 300w, https:\/\/pedrocasiano.es\/wp-content\/uploads\/2024\/03\/ai-generated-8641851peque-150x150.jpg 150w\" data-sizes=\"(max-width: 640px) 100vw, 640px\" src=\"data:image\/svg+xml;base64,PHN2ZyB3aWR0aD0iMSIgaGVpZ2h0PSIxIiB4bWxucz0iaHR0cDovL3d3dy53My5vcmcvMjAwMC9zdmciPjwvc3ZnPg==\" style=\"--smush-placeholder-width: 640px; --smush-placeholder-aspect-ratio: 640\/640;\" \/><\/figure><div class=\"wp-block-media-text__content\">\n<p>Amar\u00eda ser solidario<\/p>\n\n\n\n<p>En lugar de solitario<\/p>\n\n\n\n<p>Confiar en las personas<\/p>\n\n\n\n<p>Y no verlas como son<\/p>\n\n\n\n<p>Ser feliz ignorante<\/p>\n\n\n\n<p>De la condici\u00f3n humana<\/p>\n\n\n\n<p>Y dejarme llevar como mu\u00f1eco de feria<\/p>\n\n\n\n<p>Por el primer comediante<\/p>\n\n\n\n<p>Que me diga cualquier cosa<\/p>\n\n\n\n<p>Me gustar\u00eda saber<\/p>\n\n\n\n<p>&nbsp;para qu\u00e9 sirven tabernas<\/p>\n\n\n\n<p>Para que grupos enteros<\/p>\n\n\n\n<p>Para pelear por poco,<\/p>\n\n\n\n<p>para beber por nada<\/p>\n\n\n\n<p>Me gustar\u00eda no saber<\/p>\n\n\n\n<p>cuando miras<\/p>\n\n\n\n<p>Lo que tienes en la mirada<\/p>\n\n\n\n<p>Que como digo, creyera<\/p>\n\n\n\n<p>Lo que de tu boca sale<\/p>\n\n\n\n<p>Que quiz\u00e1s no supiera<\/p>\n\n\n\n<p>Que un amigo es solo<\/p>\n\n\n\n<p>Un enemigo que no ha encontrado<\/p>\n\n\n\n<p>Oportunidad de demostrarlo<\/p>\n\n\n\n<p>De que est\u00e1s solo en la vida<\/p>\n\n\n\n<p>Que todo es hipocres\u00eda<\/p>\n\n\n\n<p>Que nada vale la pena<\/p>\n\n\n\n<p>Que lo m\u00e1s s\u00f3lido es la nada<\/p>\n\n\n\n<p>Y lo m\u00e1s lleno, el vac\u00edo<\/p>\n\n\n\n<p>Que los seres que conoces<\/p>\n\n\n\n<p>Son escarnios de humanidad<\/p>\n\n\n\n<p>Reyes eg\u00f3latras y vanos<\/p>\n\n\n\n<p>Que se pierden en un llano<\/p>\n\n\n\n<p>Por no mover tan solo un dedo<\/p>\n\n\n\n<p>Incultos hijos de nada<\/p>\n\n\n\n<p>Robadores de dineros<\/p>\n\n\n\n<p>Embaucadores perdidos<\/p>\n\n\n\n<p>Hijos de cuernos cabestros<\/p>\n\n\n\n<p>Bultos de carne sin sentido<\/p>\n\n\n\n<p>Poyas y co\u00f1os malditos<\/p>\n\n\n\n<p>Que con su maldad se tapan<\/p>\n\n\n\n<p>Cuando nada queda<\/p>\n\n\n\n<p>Que no sea el terminar descargado<\/p>\n\n\n\n<p>Qu\u00e9 pena de ser humano<\/p>\n\n\n\n<p>Que grandeza que no existe<\/p>\n\n\n\n<p>Que vaciedad<\/p>\n\n\n\n<p>Eterna la que lo rige<\/p>\n\n\n\n<p>Erigid estatuas<\/p>\n\n\n\n<p>Palacios, y bibliotecas<\/p>\n\n\n\n<p>Instituciones enormes<\/p>\n\n\n\n<p>Que albergue vuestros hinchados egos<\/p>\n\n\n\n<p>Malditos hijos de puercas<\/p>\n\n\n\n<p>Que malgast\u00e1is lo nacido<\/p>\n\n\n\n<p>Y que os vais a la tumba<\/p>\n\n\n\n<p>Con lo que os hab\u00e9is divertido<\/p>\n\n\n\n<p>Raza de perros cruzados<\/p>\n\n\n\n<p>De malos con los peores<\/p>\n\n\n\n<p>Que se extinga la raza maldita<\/p>\n\n\n\n<p>Sea por virus, por batalla<\/p>\n\n\n\n<p>Por cualquier cosa que impida<\/p>\n\n\n\n<p>Que unos pocos se diviertan<\/p>\n\n\n\n<p>Mientras la miseria se abunda<\/p>\n<\/div><\/div>\n","protected":false},"excerpt":{"rendered":"<p>Amar\u00eda ser solidario En lugar de solitario Confiar en las personas Y no verlas como son Ser feliz ignorante De la condici\u00f3n humana Y dejarme llevar como mu\u00f1eco de feria Por el primer comediante Que me diga cualquier cosa Me gustar\u00eda saber &nbsp;para qu\u00e9 sirven tabernas Para que grupos enteros Para pelear por poco, para &hellip; <\/p>\n<p class=\"link-more\"><a href=\"https:\/\/pedrocasiano.es\/?page_id=6328\" class=\"more-link\">Leer m\u00e1s<span class=\"screen-reader-text\"> \u00abAmar\u00eda ser Solidario\u00bb<\/span><\/a><\/p>\n","protected":false},"author":1,"featured_media":0,"parent":0,"menu_order":0,"comment_status":"closed","ping_status":"closed","template":"","meta":{"inspiro_hide_title":false,"footnotes":""},"class_list":["post-6328","page","type-page","status-publish","hentry"],"featured_media_urls":[],"_links":{"self":[{"href":"https:\/\/pedrocasiano.es\/index.php?rest_route=\/wp\/v2\/pages\/6328","targetHints":{"allow":["GET"]}}],"collection":[{"href":"https:\/\/pedrocasiano.es\/index.php?rest_route=\/wp\/v2\/pages"}],"about":[{"href":"https:\/\/pedrocasiano.es\/index.php?rest_route=\/wp\/v2\/types\/page"}],"author":[{"embeddable":true,"href":"https:\/\/pedrocasiano.es\/index.php?rest_route=\/wp\/v2\/users\/1"}],"replies":[{"embeddable":true,"href":"https:\/\/pedrocasiano.es\/index.php?rest_route=%2Fwp%2Fv2%2Fcomments&post=6328"}],"version-history":[{"count":2,"href":"https:\/\/pedrocasiano.es\/index.php?rest_route=\/wp\/v2\/pages\/6328\/revisions"}],"predecessor-version":[{"id":10140,"href":"https:\/\/pedrocasiano.es\/index.php?rest_route=\/wp\/v2\/pages\/6328\/revisions\/10140"}],"wp:attachment":[{"href":"https:\/\/pedrocasiano.es\/index.php?rest_route=%2Fwp%2Fv2%2Fmedia&parent=6328"}],"curies":[{"name":"wp","href":"https:\/\/api.w.org\/{rel}","templated":true}]}}