{"id":6314,"date":"2024-03-31T07:12:06","date_gmt":"2024-03-31T07:12:06","guid":{"rendered":"https:\/\/pedrocasiano.es\/?page_id=6314"},"modified":"2024-03-31T07:12:07","modified_gmt":"2024-03-31T07:12:07","slug":"debes-de-recordar-los-dias","status":"publish","type":"page","link":"https:\/\/pedrocasiano.es\/?page_id=6314","title":{"rendered":"Debes de Recordar los D\u00edas"},"content":{"rendered":"\n<div class=\"wp-block-media-text is-stacked-on-mobile is-vertically-aligned-top\"><figure class=\"wp-block-media-text__media\"><img decoding=\"async\" width=\"640\" height=\"360\" data-src=\"https:\/\/pedrocasiano.es\/wp-content\/uploads\/2024\/03\/ai-generated-8518049peque.jpg\" alt=\"\" class=\"wp-image-6315 size-full lazyload\" src=\"data:image\/svg+xml;base64,PHN2ZyB3aWR0aD0iMSIgaGVpZ2h0PSIxIiB4bWxucz0iaHR0cDovL3d3dy53My5vcmcvMjAwMC9zdmciPjwvc3ZnPg==\" style=\"--smush-placeholder-width: 640px; --smush-placeholder-aspect-ratio: 640\/360;\" \/><\/figure><div class=\"wp-block-media-text__content\">\n<p>Debes de recordar los d\u00edas<\/p>\n\n\n\n<p>En los que la tarde llegaba<\/p>\n\n\n\n<p>Como b\u00e1lsamo, curando<\/p>\n\n\n\n<p>lo que no pod\u00eda el d\u00eda<\/p>\n\n\n\n<p>cuando todo sonaba<\/p>\n\n\n\n<p>parec\u00eda que de bello nac\u00eda<\/p>\n\n\n\n<p>como si la ma\u00f1ana<\/p>\n\n\n\n<p>terrible como de cotidiano&nbsp;&nbsp;&nbsp;&nbsp;&nbsp;&nbsp;&nbsp;&nbsp;&nbsp;&nbsp;&nbsp;&nbsp;&nbsp;&nbsp;&nbsp;&nbsp;&nbsp;<\/p>\n\n\n\n<p>despareciera con la ca\u00edda de la tarde<\/p>\n\n\n\n<p>y solo quedara la emoci\u00f3n<\/p>\n\n\n\n<p>de dejar fuera hasta el d\u00eda siguiente<\/p>\n\n\n\n<p>el miedo la preocupaci\u00f3n<\/p>\n\n\n\n<p>la mirada al ocaso<\/p>\n\n\n\n<p>cuando el sol se escond\u00eda<\/p>\n\n\n\n<p>ya sin lidiar con matones<\/p>\n\n\n\n<p>sin tener que enfrentarse<\/p>\n\n\n\n<p>ma\u00f1ana, seguro, ser\u00eda otro d\u00eda<\/p>\n\n\n\n<p>pelear\u00eda de nuevo<\/p>\n\n\n\n<p>pero ese d\u00eda, cuando el sol ca\u00eda<\/p>\n\n\n\n<p>nadie ven\u00eda a turbar la pobre paz<\/p>\n\n\n\n<p>del que no quiere guerra<\/p>\n\n\n\n<p>pero no teme a la batalla<\/p>\n\n\n\n<p>el que la noche duerme<\/p>\n\n\n\n<p>y tiembla despu\u00e9s de la batalla<\/p>\n\n\n\n<p>pero que la enfrenta<\/p>\n\n\n\n<p>e irremediablemente gana<\/p>\n\n\n\n<p>sabiendo que con ello<\/p>\n\n\n\n<p>volver\u00e1 la guerra<\/p>\n\n\n\n<p>deber\u00e1 de enfrentar, de nuevo<\/p>\n\n\n\n<p>la terrible batalla<\/p>\n\n\n\n<p>en la inagotable fuente de la estupidez humana.<\/p>\n<\/div><\/div>\n","protected":false},"excerpt":{"rendered":"<p>Debes de recordar los d\u00edas En los que la tarde llegaba Como b\u00e1lsamo, curando lo que no pod\u00eda el d\u00eda cuando todo sonaba parec\u00eda que de bello nac\u00eda como si la ma\u00f1ana terrible como de cotidiano&nbsp;&nbsp;&nbsp;&nbsp;&nbsp;&nbsp;&nbsp;&nbsp;&nbsp;&nbsp;&nbsp;&nbsp;&nbsp;&nbsp;&nbsp;&nbsp;&nbsp; despareciera con la ca\u00edda de la tarde y solo quedara la emoci\u00f3n de dejar fuera hasta el d\u00eda siguiente &hellip; <\/p>\n<p class=\"link-more\"><a href=\"https:\/\/pedrocasiano.es\/?page_id=6314\" class=\"more-link\">Leer m\u00e1s<span class=\"screen-reader-text\"> \u00abDebes de Recordar los D\u00edas\u00bb<\/span><\/a><\/p>\n","protected":false},"author":1,"featured_media":0,"parent":0,"menu_order":0,"comment_status":"closed","ping_status":"closed","template":"","meta":{"inspiro_hide_title":false,"footnotes":""},"class_list":["post-6314","page","type-page","status-publish","hentry"],"featured_media_urls":[],"_links":{"self":[{"href":"https:\/\/pedrocasiano.es\/index.php?rest_route=\/wp\/v2\/pages\/6314","targetHints":{"allow":["GET"]}}],"collection":[{"href":"https:\/\/pedrocasiano.es\/index.php?rest_route=\/wp\/v2\/pages"}],"about":[{"href":"https:\/\/pedrocasiano.es\/index.php?rest_route=\/wp\/v2\/types\/page"}],"author":[{"embeddable":true,"href":"https:\/\/pedrocasiano.es\/index.php?rest_route=\/wp\/v2\/users\/1"}],"replies":[{"embeddable":true,"href":"https:\/\/pedrocasiano.es\/index.php?rest_route=%2Fwp%2Fv2%2Fcomments&post=6314"}],"version-history":[{"count":2,"href":"https:\/\/pedrocasiano.es\/index.php?rest_route=\/wp\/v2\/pages\/6314\/revisions"}],"predecessor-version":[{"id":10276,"href":"https:\/\/pedrocasiano.es\/index.php?rest_route=\/wp\/v2\/pages\/6314\/revisions\/10276"}],"wp:attachment":[{"href":"https:\/\/pedrocasiano.es\/index.php?rest_route=%2Fwp%2Fv2%2Fmedia&parent=6314"}],"curies":[{"name":"wp","href":"https:\/\/api.w.org\/{rel}","templated":true}]}}