{"id":6262,"date":"2024-03-26T07:56:00","date_gmt":"2024-03-26T07:56:00","guid":{"rendered":"https:\/\/pedrocasiano.es\/?page_id=6262"},"modified":"2024-03-26T07:56:00","modified_gmt":"2024-03-26T07:56:00","slug":"no-soy-sofisticado","status":"publish","type":"page","link":"https:\/\/pedrocasiano.es\/?page_id=6262","title":{"rendered":"No Soy Sofisticado"},"content":{"rendered":"\n<div class=\"wp-block-media-text is-stacked-on-mobile is-vertically-aligned-top\"><figure class=\"wp-block-media-text__media\"><img decoding=\"async\" width=\"640\" height=\"427\" data-src=\"https:\/\/pedrocasiano.es\/wp-content\/uploads\/2024\/03\/generative-ai-8081431peque.jpg\" alt=\"\" class=\"wp-image-6263 size-full lazyload\" src=\"data:image\/svg+xml;base64,PHN2ZyB3aWR0aD0iMSIgaGVpZ2h0PSIxIiB4bWxucz0iaHR0cDovL3d3dy53My5vcmcvMjAwMC9zdmciPjwvc3ZnPg==\" style=\"--smush-placeholder-width: 640px; --smush-placeholder-aspect-ratio: 640\/427;\" \/><\/figure><div class=\"wp-block-media-text__content\">\n<p>No soy sofisticado<\/p>\n\n\n\n<p>Nac\u00ed en un lugar equivocado<\/p>\n\n\n\n<p>En el sitio de las sombras<\/p>\n\n\n\n<p>El que nunca est\u00e1 soleado<\/p>\n\n\n\n<p>Mor\u00e9 moradas alquiladas<\/p>\n\n\n\n<p>Agujeros sucios de olor p\u00fatrido<\/p>\n\n\n\n<p>Fueron mis maestros<\/p>\n\n\n\n<p>Nunca olvidados<\/p>\n\n\n\n<p>Ba\u00f1\u00e9 en aseos comunes<\/p>\n\n\n\n<p>Y jugu\u00e9 en el barro de las calles<\/p>\n\n\n\n<p>Sufr\u00ed en mis rodillas<\/p>\n\n\n\n<p>El \u00e1cido acento<\/p>\n\n\n\n<p>De los cantos rodados<\/p>\n\n\n\n<p>Pulcramente ordenados<\/p>\n\n\n\n<p>Vi al sol los blanqueados pa\u00f1os<\/p>\n\n\n\n<p>que llenar\u00edan el mes deseado<\/p>\n\n\n\n<p>corr\u00ed por las calles<\/p>\n\n\n\n<p>pues tras de mi corrieron<\/p>\n\n\n\n<p>y sufr\u00ed, y con el tiempo<\/p>\n\n\n\n<p>otros sufrieron<\/p>\n\n\n\n<p>Levant\u00e9 la mano cara al sol<\/p>\n\n\n\n<p>Me cuadr\u00e9 cuando toc\u00f3<\/p>\n\n\n\n<p>Me intentaron poder los curas<\/p>\n\n\n\n<p>Llev\u00e1ndome a clases oscuras<\/p>\n\n\n\n<p>Pele\u00e9 como perro de presa<\/p>\n\n\n\n<p>Y al siguiente, no a m\u00ed, le clavaron esa<\/p>\n\n\n\n<p>Sal\u00ed del estercolero<\/p>\n\n\n\n<p>De sotanas negras y sobeo<\/p>\n\n\n\n<p>Llegue a una puta facultad<\/p>\n\n\n\n<p>Donde nadie sab\u00eda nada<\/p>\n\n\n\n<p>Recorr\u00ed aquellos pasillos<\/p>\n\n\n\n<p>Mientras de aburrido devoraba<\/p>\n\n\n\n<p>Uno tras otro, miles de pitillos<\/p>\n\n\n\n<p>Aburrido de la farsa<\/p>\n\n\n\n<p>Hice tabla rasa<\/p>\n\n\n\n<p>Me hice de nuevos colegas<\/p>\n\n\n\n<p>Y perd\u00ed la vida en tanta brega<\/p>\n\n\n\n<p>No par\u00e9 ni d\u00eda ni noche<\/p>\n\n\n\n<p>Manche mil veces de blanco mi coche<\/p>\n\n\n\n<p>De romper a hembras tiernas<\/p>\n\n\n\n<p>Que se abr\u00edan sin pena de piernas<\/p>\n\n\n\n<p>Y luchaban como hienas<\/p>\n\n\n\n<p>Para que les diera una buena<strong><br><\/strong><\/p>\n<\/div><\/div>\n","protected":false},"excerpt":{"rendered":"<p>No soy sofisticado Nac\u00ed en un lugar equivocado En el sitio de las sombras El que nunca est\u00e1 soleado Mor\u00e9 moradas alquiladas Agujeros sucios de olor p\u00fatrido Fueron mis maestros Nunca olvidados Ba\u00f1\u00e9 en aseos comunes Y jugu\u00e9 en el barro de las calles Sufr\u00ed en mis rodillas El \u00e1cido acento De los cantos rodados &hellip; <\/p>\n<p class=\"link-more\"><a href=\"https:\/\/pedrocasiano.es\/?page_id=6262\" class=\"more-link\">Leer m\u00e1s<span class=\"screen-reader-text\"> \u00abNo Soy Sofisticado\u00bb<\/span><\/a><\/p>\n","protected":false},"author":1,"featured_media":0,"parent":0,"menu_order":0,"comment_status":"closed","ping_status":"closed","template":"","meta":{"inspiro_hide_title":false,"footnotes":""},"class_list":["post-6262","page","type-page","status-publish","hentry"],"featured_media_urls":[],"_links":{"self":[{"href":"https:\/\/pedrocasiano.es\/index.php?rest_route=\/wp\/v2\/pages\/6262","targetHints":{"allow":["GET"]}}],"collection":[{"href":"https:\/\/pedrocasiano.es\/index.php?rest_route=\/wp\/v2\/pages"}],"about":[{"href":"https:\/\/pedrocasiano.es\/index.php?rest_route=\/wp\/v2\/types\/page"}],"author":[{"embeddable":true,"href":"https:\/\/pedrocasiano.es\/index.php?rest_route=\/wp\/v2\/users\/1"}],"replies":[{"embeddable":true,"href":"https:\/\/pedrocasiano.es\/index.php?rest_route=%2Fwp%2Fv2%2Fcomments&post=6262"}],"version-history":[{"count":2,"href":"https:\/\/pedrocasiano.es\/index.php?rest_route=\/wp\/v2\/pages\/6262\/revisions"}],"predecessor-version":[{"id":10599,"href":"https:\/\/pedrocasiano.es\/index.php?rest_route=\/wp\/v2\/pages\/6262\/revisions\/10599"}],"wp:attachment":[{"href":"https:\/\/pedrocasiano.es\/index.php?rest_route=%2Fwp%2Fv2%2Fmedia&parent=6262"}],"curies":[{"name":"wp","href":"https:\/\/api.w.org\/{rel}","templated":true}]}}