{"id":6258,"date":"2024-03-26T07:45:59","date_gmt":"2024-03-26T07:45:59","guid":{"rendered":"https:\/\/pedrocasiano.es\/?page_id=6258"},"modified":"2024-03-26T07:46:00","modified_gmt":"2024-03-26T07:46:00","slug":"no-se-que-escribir-hoy","status":"publish","type":"page","link":"https:\/\/pedrocasiano.es\/?page_id=6258","title":{"rendered":"No S\u00e9 Qu\u00e9 Escribir Hoy"},"content":{"rendered":"\n<p><\/p>\n\n\n\n<div class=\"wp-block-media-text is-stacked-on-mobile is-vertically-aligned-top\" style=\"grid-template-columns:42% auto\"><figure class=\"wp-block-media-text__media\"><img decoding=\"async\" width=\"640\" height=\"640\" data-src=\"https:\/\/pedrocasiano.es\/wp-content\/uploads\/2024\/03\/ai-generated-8621048peque.jpg\" alt=\"\" class=\"wp-image-6259 size-full lazyload\" data-srcset=\"https:\/\/pedrocasiano.es\/wp-content\/uploads\/2024\/03\/ai-generated-8621048peque.jpg 640w, https:\/\/pedrocasiano.es\/wp-content\/uploads\/2024\/03\/ai-generated-8621048peque-300x300.jpg 300w, https:\/\/pedrocasiano.es\/wp-content\/uploads\/2024\/03\/ai-generated-8621048peque-150x150.jpg 150w\" data-sizes=\"(max-width: 640px) 100vw, 640px\" src=\"data:image\/svg+xml;base64,PHN2ZyB3aWR0aD0iMSIgaGVpZ2h0PSIxIiB4bWxucz0iaHR0cDovL3d3dy53My5vcmcvMjAwMC9zdmciPjwvc3ZnPg==\" style=\"--smush-placeholder-width: 640px; --smush-placeholder-aspect-ratio: 640\/640;\" \/><\/figure><div class=\"wp-block-media-text__content\">\n<p>No s\u00e9 qu\u00e9 escribir hoy,<\/p>\n\n\n\n<p>mi alma es pesada<\/p>\n\n\n\n<p>como si fuera de plomo,<\/p>\n\n\n\n<p>&nbsp;no destila esperanza<\/p>\n\n\n\n<p>&nbsp;ni nada bueno tiene que referir,<\/p>\n\n\n\n<p>&nbsp;solo las cicatrices que ense\u00f1a,<\/p>\n\n\n\n<p>&nbsp;que nadie ve.<\/p>\n\n\n\n<p>Perdidos en la inconsciente raz\u00f3n del tema oscuro de la muerte,<\/p>\n\n\n\n<p>del desaliento,<\/p>\n\n\n\n<p>de la ca\u00edda interminable,<\/p>\n\n\n\n<p>que puedo contar,<\/p>\n\n\n\n<p>que no sea dolor,<\/p>\n\n\n\n<p>penas y al final,<\/p>\n\n\n\n<p>siempre,<\/p>\n\n\n\n<p>muerte.<\/p>\n\n\n\n<p>Degradaci\u00f3n plena,<\/p>\n\n\n\n<p>casa que se cae,<\/p>\n\n\n\n<p>derrumbe de esperanzas,<\/p>\n\n\n\n<p>ca\u00edda en la muerte,<\/p>\n\n\n\n<p>inevitable,<\/p>\n\n\n\n<p>temida y amada,<\/p>\n\n\n\n<p>evadida del dolor,<\/p>\n\n\n\n<p>de la desesperanza,<\/p>\n\n\n\n<p>hija de lo pasado,<\/p>\n\n\n\n<p>abandonada en la soledad.<\/p>\n\n\n\n<p>Dolor,<\/p>\n\n\n\n<p>tragedia que nadie ve,<\/p>\n\n\n\n<p>que no hay que ense\u00f1ar,<\/p>\n\n\n\n<p>&nbsp;mejor yo, que t\u00fa,<\/p>\n\n\n\n<p>ca\u00edda,<\/p>\n\n\n\n<p>sin posibilidad de emerger de nuevo,<\/p>\n\n\n\n<p>esperanza de desaparecer,<\/p>\n\n\n\n<p>la certeza del oscuro limbo de la oscuridad sin final,<\/p>\n\n\n\n<p>no hay punto blanco,<\/p>\n\n\n\n<p>ni salida,<\/p>\n\n\n\n<p>ni dios que te espere,<\/p>\n\n\n\n<p>solo desaparece,<\/p>\n\n\n\n<p>como si nunca hubieras existido,<\/p>\n\n\n\n<p>no lo has hecho,<\/p>\n\n\n\n<p>te perder\u00e1s en los interminables segundos que no cesan,<\/p>\n\n\n\n<p>en la catarata del tiempo,<\/p>\n\n\n\n<p>insignificante ser.<strong><br><\/strong><\/p>\n<\/div><\/div>\n","protected":false},"excerpt":{"rendered":"<p>No s\u00e9 qu\u00e9 escribir hoy, mi alma es pesada como si fuera de plomo, &nbsp;no destila esperanza &nbsp;ni nada bueno tiene que referir, &nbsp;solo las cicatrices que ense\u00f1a, &nbsp;que nadie ve. Perdidos en la inconsciente raz\u00f3n del tema oscuro de la muerte, del desaliento, de la ca\u00edda interminable, que puedo contar, que no sea dolor, &hellip; <\/p>\n<p class=\"link-more\"><a href=\"https:\/\/pedrocasiano.es\/?page_id=6258\" class=\"more-link\">Leer m\u00e1s<span class=\"screen-reader-text\"> \u00abNo S\u00e9 Qu\u00e9 Escribir Hoy\u00bb<\/span><\/a><\/p>\n","protected":false},"author":1,"featured_media":0,"parent":0,"menu_order":0,"comment_status":"closed","ping_status":"closed","template":"","meta":{"inspiro_hide_title":false,"footnotes":""},"class_list":["post-6258","page","type-page","status-publish","hentry"],"featured_media_urls":[],"_links":{"self":[{"href":"https:\/\/pedrocasiano.es\/index.php?rest_route=\/wp\/v2\/pages\/6258","targetHints":{"allow":["GET"]}}],"collection":[{"href":"https:\/\/pedrocasiano.es\/index.php?rest_route=\/wp\/v2\/pages"}],"about":[{"href":"https:\/\/pedrocasiano.es\/index.php?rest_route=\/wp\/v2\/types\/page"}],"author":[{"embeddable":true,"href":"https:\/\/pedrocasiano.es\/index.php?rest_route=\/wp\/v2\/users\/1"}],"replies":[{"embeddable":true,"href":"https:\/\/pedrocasiano.es\/index.php?rest_route=%2Fwp%2Fv2%2Fcomments&post=6258"}],"version-history":[{"count":1,"href":"https:\/\/pedrocasiano.es\/index.php?rest_route=\/wp\/v2\/pages\/6258\/revisions"}],"predecessor-version":[{"id":6260,"href":"https:\/\/pedrocasiano.es\/index.php?rest_route=\/wp\/v2\/pages\/6258\/revisions\/6260"}],"wp:attachment":[{"href":"https:\/\/pedrocasiano.es\/index.php?rest_route=%2Fwp%2Fv2%2Fmedia&parent=6258"}],"curies":[{"name":"wp","href":"https:\/\/api.w.org\/{rel}","templated":true}]}}