{"id":6242,"date":"2024-03-26T07:28:51","date_gmt":"2024-03-26T07:28:51","guid":{"rendered":"https:\/\/pedrocasiano.es\/?page_id=6242"},"modified":"2024-03-26T07:28:52","modified_gmt":"2024-03-26T07:28:52","slug":"llega-el-frio","status":"publish","type":"page","link":"https:\/\/pedrocasiano.es\/?page_id=6242","title":{"rendered":"Llega El Fr\u00edo"},"content":{"rendered":"\n<div class=\"wp-block-media-text is-stacked-on-mobile is-vertically-aligned-top\" style=\"grid-template-columns:40% auto\"><figure class=\"wp-block-media-text__media\"><img decoding=\"async\" width=\"640\" height=\"640\" data-src=\"https:\/\/pedrocasiano.es\/wp-content\/uploads\/2024\/03\/ai-generated-8124104peque-1.jpg\" alt=\"\" class=\"wp-image-6243 size-full lazyload\" data-srcset=\"https:\/\/pedrocasiano.es\/wp-content\/uploads\/2024\/03\/ai-generated-8124104peque-1.jpg 640w, https:\/\/pedrocasiano.es\/wp-content\/uploads\/2024\/03\/ai-generated-8124104peque-1-300x300.jpg 300w, https:\/\/pedrocasiano.es\/wp-content\/uploads\/2024\/03\/ai-generated-8124104peque-1-150x150.jpg 150w\" data-sizes=\"(max-width: 640px) 100vw, 640px\" src=\"data:image\/svg+xml;base64,PHN2ZyB3aWR0aD0iMSIgaGVpZ2h0PSIxIiB4bWxucz0iaHR0cDovL3d3dy53My5vcmcvMjAwMC9zdmciPjwvc3ZnPg==\" style=\"--smush-placeholder-width: 640px; --smush-placeholder-aspect-ratio: 640\/640;\" \/><\/figure><div class=\"wp-block-media-text__content\">\n<p>Llega el fr\u00edo<\/p>\n\n\n\n<p>Con su mortaja de aire vac\u00edo<\/p>\n\n\n\n<p>Y las calles abandonadas<\/p>\n\n\n\n<p>Llega el fr\u00edo<\/p>\n\n\n\n<p>Morada de pasos lentos, de abrigo<\/p>\n\n\n\n<p>De moradores taciturnos, descoloridos<\/p>\n\n\n\n<p>En tardes cortas<\/p>\n\n\n\n<p>Llega el fr\u00edo<\/p>\n\n\n\n<p>La noche avanza d\u00eda a d\u00eda<\/p>\n\n\n\n<p>Comiendo la luz<\/p>\n\n\n\n<p>Devorando la claridad<\/p>\n\n\n\n<p>Llega el fr\u00edo<\/p>\n\n\n\n<p>Y los \u00e1rboles se desnudan<\/p>\n\n\n\n<p>Y llenan de colores el suelo bald\u00edo<\/p>\n\n\n\n<p>Llega el fr\u00edo<\/p>\n\n\n\n<p>Y el cuerpo se llena de lana, de abrigo<\/p>\n\n\n\n<p>Y se guardan las manos, el alma, el sentido<\/p>\n\n\n\n<p>Llega el fr\u00edo<\/p>\n\n\n\n<p>Y el alma muere de repente<\/p>\n\n\n\n<p>Solo un poco, solo su soslayo.<\/p>\n\n\n\n<p>Llega el fr\u00edo.<strong><br><\/strong><\/p>\n<\/div><\/div>\n","protected":false},"excerpt":{"rendered":"<p>Llega el fr\u00edo Con su mortaja de aire vac\u00edo Y las calles abandonadas Llega el fr\u00edo Morada de pasos lentos, de abrigo De moradores taciturnos, descoloridos En tardes cortas Llega el fr\u00edo La noche avanza d\u00eda a d\u00eda Comiendo la luz Devorando la claridad Llega el fr\u00edo Y los \u00e1rboles se desnudan Y llenan de &hellip; <\/p>\n<p class=\"link-more\"><a href=\"https:\/\/pedrocasiano.es\/?page_id=6242\" class=\"more-link\">Leer m\u00e1s<span class=\"screen-reader-text\"> \u00abLlega El Fr\u00edo\u00bb<\/span><\/a><\/p>\n","protected":false},"author":1,"featured_media":0,"parent":0,"menu_order":0,"comment_status":"closed","ping_status":"closed","template":"","meta":{"inspiro_hide_title":false,"footnotes":""},"class_list":["post-6242","page","type-page","status-publish","hentry"],"featured_media_urls":[],"_links":{"self":[{"href":"https:\/\/pedrocasiano.es\/index.php?rest_route=\/wp\/v2\/pages\/6242","targetHints":{"allow":["GET"]}}],"collection":[{"href":"https:\/\/pedrocasiano.es\/index.php?rest_route=\/wp\/v2\/pages"}],"about":[{"href":"https:\/\/pedrocasiano.es\/index.php?rest_route=\/wp\/v2\/types\/page"}],"author":[{"embeddable":true,"href":"https:\/\/pedrocasiano.es\/index.php?rest_route=\/wp\/v2\/users\/1"}],"replies":[{"embeddable":true,"href":"https:\/\/pedrocasiano.es\/index.php?rest_route=%2Fwp%2Fv2%2Fcomments&post=6242"}],"version-history":[{"count":2,"href":"https:\/\/pedrocasiano.es\/index.php?rest_route=\/wp\/v2\/pages\/6242\/revisions"}],"predecessor-version":[{"id":10531,"href":"https:\/\/pedrocasiano.es\/index.php?rest_route=\/wp\/v2\/pages\/6242\/revisions\/10531"}],"wp:attachment":[{"href":"https:\/\/pedrocasiano.es\/index.php?rest_route=%2Fwp%2Fv2%2Fmedia&parent=6242"}],"curies":[{"name":"wp","href":"https:\/\/api.w.org\/{rel}","templated":true}]}}