{"id":6214,"date":"2024-03-23T11:12:08","date_gmt":"2024-03-23T11:12:08","guid":{"rendered":"https:\/\/pedrocasiano.es\/?page_id=6214"},"modified":"2024-03-23T11:12:08","modified_gmt":"2024-03-23T11:12:08","slug":"la-primera-flor-2","status":"publish","type":"page","link":"https:\/\/pedrocasiano.es\/?page_id=6214","title":{"rendered":"La Primera Flor"},"content":{"rendered":"\n<div class=\"wp-block-media-text is-stacked-on-mobile is-vertically-aligned-top\" style=\"grid-template-columns:35% auto\"><figure class=\"wp-block-media-text__media\"><img decoding=\"async\" width=\"402\" height=\"640\" data-src=\"https:\/\/pedrocasiano.es\/wp-content\/uploads\/2024\/03\/DSC_0252cortadapeque.jpg\" alt=\"\" class=\"wp-image-6215 size-full lazyload\" src=\"data:image\/svg+xml;base64,PHN2ZyB3aWR0aD0iMSIgaGVpZ2h0PSIxIiB4bWxucz0iaHR0cDovL3d3dy53My5vcmcvMjAwMC9zdmciPjwvc3ZnPg==\" style=\"--smush-placeholder-width: 402px; --smush-placeholder-aspect-ratio: 402\/640;\" \/><\/figure><div class=\"wp-block-media-text__content\">\n<p><strong>La Primera Flor<\/strong><\/p>\n\n\n\n<p><strong>(Ripio O Poes\u00eda A Mi C\u00f3rdoba Quer\u00eda)<\/strong><\/p>\n\n\n\n<p>La gitanilla se abri\u00f3,<\/p>\n\n\n\n<p>un p\u00e9talo movi\u00f3,<\/p>\n\n\n\n<p>y vio el sol,<\/p>\n\n\n\n<p>sonri\u00f3,<\/p>\n\n\n\n<p>otro abri\u00f3,<\/p>\n\n\n\n<p>luego todas al comp\u00e1s<\/p>\n\n\n\n<p>&nbsp;se abrieron de par en par,<\/p>\n\n\n\n<p>sintiendo el c\u00e1lido abrazo<\/p>\n\n\n\n<p>&nbsp;de un amanecer sin igual,<\/p>\n\n\n\n<p>&nbsp;miraron a su alrededor,<\/p>\n\n\n\n<p>rosas, claveles, geranios de olor,<\/p>\n\n\n\n<p>&nbsp;todas sus amigas se abrieron<\/p>\n\n\n\n<p>&nbsp;al abrazo del <em>quer\u00edo<\/em><\/p>\n\n\n\n<p>que les daba su calor,<\/p>\n\n\n\n<p>&nbsp;y la calle, triste, p\u00e1lida,<\/p>\n\n\n\n<p>&nbsp;de colores estall\u00f3,<\/p>\n\n\n\n<p>de calor, las puertas se abrieron<\/p>\n\n\n\n<p>&nbsp;y las acun\u00f3 el sol,<\/p>\n\n\n\n<p>&nbsp;las sombras alargadas desaparecieron,<\/p>\n\n\n\n<p>huyendo del resplandor.<\/p>\n\n\n\n<p>Y el aire, de frio,<\/p>\n\n\n\n<p>&nbsp;pas\u00f3 a frescor,<\/p>\n\n\n\n<p>&nbsp;a llevar el olor<\/p>\n\n\n\n<p>&nbsp;entre las milenarias callejas<\/p>\n\n\n\n<p>&nbsp;que se&nbsp; despertaban,<\/p>\n\n\n\n<p>&nbsp;anunciando a los de dentro<\/p>\n\n\n\n<p>&nbsp;que llegaba,<\/p>\n\n\n\n<p>&nbsp;aunque no lo creyeran<\/p>\n\n\n\n<p>esa que parec\u00eda olvidada,<\/p>\n\n\n\n<p>la primavera, la ilusi\u00f3n.<\/p>\n\n\n\n<p>Y despert\u00f3, rinc\u00f3n por rinc\u00f3n,<\/p>\n\n\n\n<p>&nbsp;Calleja y callej\u00f3n<\/p>\n\n\n\n<p>plaza, ronda y jard\u00edn, despert\u00f3,<\/p>\n\n\n\n<p>&nbsp;y lleno del color de la ilusi\u00f3n,<\/p>\n\n\n\n<p>&nbsp;del letargo dormido<\/p>\n\n\n\n<p>&nbsp;hasta la m\u00e1s m\u00edsera habitaci\u00f3n.<\/p>\n\n\n\n<p>Se olvidaron los abrigos,<\/p>\n\n\n\n<p>hasta las medias, mi amor,<\/p>\n\n\n\n<p>el frio casi ni era un recuerdo,<\/p>\n\n\n\n<p>tras esos rayos de sol,<\/p>\n\n\n\n<p>ni la escarcha, ni la ventisca,<\/p>\n\n\n\n<p>ni siquiera la <em>hel\u00e1<\/em>,<\/p>\n\n\n\n<p>todos eran fantasmas perdidos,<\/p>\n\n\n\n<p>evaporados<\/p>\n\n\n\n<p>&nbsp;por la alegr\u00eda del de arriba,<\/p>\n\n\n\n<p>por nuestro calor.<\/p>\n\n\n\n<p>Y tom\u00f3 vida,<\/p>\n\n\n\n<p>del letargo salida,<\/p>\n\n\n\n<p>la ciudad floreci\u00f3,<\/p>\n\n\n\n<p>se oy\u00f3 el rasgar de una guitarra,<\/p>\n\n\n\n<p>el agua de los pozos brot\u00f3,<\/p>\n\n\n\n<p>para enjugar la tierra de la rosa,<\/p>\n\n\n\n<p>del clavel, de la gitanilla de olor,<\/p>\n\n\n\n<p>y llamaron a sus hermanas,<\/p>\n\n\n\n<p>y aunque pareciera imposible<\/p>\n\n\n\n<p>todo se ba\u00f1\u00f3 de un incre\u00edble color.<\/p>\n\n\n\n<p>Y la guitarra tocaba,<\/p>\n\n\n\n<p>para despertar la calor,<\/p>\n\n\n\n<p>y una voz ronca,<\/p>\n\n\n\n<p><em>sal\u00eda<\/em> del coraz\u00f3n,<\/p>\n\n\n\n<p>entonaba una <em>seguirilla<\/em>,<\/p>\n\n\n\n<p>&nbsp;de lamento y de pasi\u00f3n,<\/p>\n\n\n\n<p>despertaban los hombres,<\/p>\n\n\n\n<p>despertaba la calor,<\/p>\n\n\n\n<p>y la vieja ciudad, se mov\u00eda<\/p>\n\n\n\n<p>al ritmo del diapas\u00f3n<\/p>\n\n\n\n<p>de la guitarra rasgada,<\/p>\n\n\n\n<p>del <em>quej\u00edo<\/em> del <em>cantaor<\/em>.<\/p>\n\n\n\n<p>Y all\u00ed en una esquina<\/p>\n\n\n\n<p>mirando la cruz,<\/p>\n\n\n\n<p>engalanada de flores,<\/p>\n\n\n\n<p>sus perfumes,<\/p>\n\n\n\n<p>su belleza regal\u00f3,<\/p>\n\n\n\n<p>a todo aquel que sintiera<\/p>\n\n\n\n<p>en el alma la calor.<\/p>\n\n\n\n<p>Y&nbsp; nuestro hogar<\/p>\n\n\n\n<p>de exuberantes perfumes,<\/p>\n\n\n\n<p>de par en par se abri\u00f3,<\/p>\n\n\n\n<p>para darle amores<\/p>\n\n\n\n<p>a los que quer\u00edan embriagarse<\/p>\n\n\n\n<p>de las flores,<\/p>\n\n\n\n<p>de su aroma,<\/p>\n\n\n\n<p>de su olor.<\/p>\n\n\n\n<p>\u00a1Ay\u00a1 la ciudad perfumada,<\/p>\n\n\n\n<p>\u00a1Ay! ese bello color,<\/p>\n\n\n\n<p>que por nada cambiar\u00eda,<\/p>\n\n\n\n<p>que nunca me alejar\u00eda,<\/p>\n\n\n\n<p>que esta es mi tierra quer\u00eda,<\/p>\n\n\n\n<p>&nbsp;en la que se toca una guitarra,<\/p>\n\n\n\n<p>en la que canta un <em>cantaor<\/em>.<\/p>\n\n\n\n<p><em>A mi C\u00f3rdoba, Pedro Casiano Gonz\u00e1lez Cuevas 2.018<\/em><strong><br><\/strong><\/p>\n<\/div><\/div>\n","protected":false},"excerpt":{"rendered":"<p>La Primera Flor (Ripio O Poes\u00eda A Mi C\u00f3rdoba Quer\u00eda) La gitanilla se abri\u00f3, un p\u00e9talo movi\u00f3, y vio el sol, sonri\u00f3, otro abri\u00f3, luego todas al comp\u00e1s &nbsp;se abrieron de par en par, sintiendo el c\u00e1lido abrazo &nbsp;de un amanecer sin igual, &nbsp;miraron a su alrededor, rosas, claveles, geranios de olor, &nbsp;todas sus amigas &hellip; <\/p>\n<p class=\"link-more\"><a href=\"https:\/\/pedrocasiano.es\/?page_id=6214\" class=\"more-link\">Leer m\u00e1s<span class=\"screen-reader-text\"> \u00abLa Primera Flor\u00bb<\/span><\/a><\/p>\n","protected":false},"author":1,"featured_media":0,"parent":0,"menu_order":0,"comment_status":"closed","ping_status":"closed","template":"","meta":{"inspiro_hide_title":false,"footnotes":""},"class_list":["post-6214","page","type-page","status-publish","hentry"],"featured_media_urls":[],"_links":{"self":[{"href":"https:\/\/pedrocasiano.es\/index.php?rest_route=\/wp\/v2\/pages\/6214","targetHints":{"allow":["GET"]}}],"collection":[{"href":"https:\/\/pedrocasiano.es\/index.php?rest_route=\/wp\/v2\/pages"}],"about":[{"href":"https:\/\/pedrocasiano.es\/index.php?rest_route=\/wp\/v2\/types\/page"}],"author":[{"embeddable":true,"href":"https:\/\/pedrocasiano.es\/index.php?rest_route=\/wp\/v2\/users\/1"}],"replies":[{"embeddable":true,"href":"https:\/\/pedrocasiano.es\/index.php?rest_route=%2Fwp%2Fv2%2Fcomments&post=6214"}],"version-history":[{"count":1,"href":"https:\/\/pedrocasiano.es\/index.php?rest_route=\/wp\/v2\/pages\/6214\/revisions"}],"predecessor-version":[{"id":6216,"href":"https:\/\/pedrocasiano.es\/index.php?rest_route=\/wp\/v2\/pages\/6214\/revisions\/6216"}],"wp:attachment":[{"href":"https:\/\/pedrocasiano.es\/index.php?rest_route=%2Fwp%2Fv2%2Fmedia&parent=6214"}],"curies":[{"name":"wp","href":"https:\/\/api.w.org\/{rel}","templated":true}]}}