{"id":6210,"date":"2024-03-23T11:03:35","date_gmt":"2024-03-23T11:03:35","guid":{"rendered":"https:\/\/pedrocasiano.es\/?page_id=6210"},"modified":"2024-09-20T08:20:47","modified_gmt":"2024-09-20T08:20:47","slug":"hoy-sone","status":"publish","type":"page","link":"https:\/\/pedrocasiano.es\/?page_id=6210","title":{"rendered":"Hoy So\u00f1\u00e9&#8230; (La Ranacerda)"},"content":{"rendered":"\n<div class=\"wp-block-media-text is-stacked-on-mobile is-vertically-aligned-top\" style=\"grid-template-columns:37% auto\"><figure class=\"wp-block-media-text__media\"><img decoding=\"async\" width=\"366\" height=\"640\" data-src=\"https:\/\/pedrocasiano.es\/wp-content\/uploads\/2024\/03\/ai-generated-8236556peque.jpg\" alt=\"\" class=\"wp-image-6211 size-full lazyload\" src=\"data:image\/svg+xml;base64,PHN2ZyB3aWR0aD0iMSIgaGVpZ2h0PSIxIiB4bWxucz0iaHR0cDovL3d3dy53My5vcmcvMjAwMC9zdmciPjwvc3ZnPg==\" style=\"--smush-placeholder-width: 366px; --smush-placeholder-aspect-ratio: 366\/640;\" \/><\/figure><div class=\"wp-block-media-text__content\">\n<p>Hoy so\u00f1\u00e9<\/p>\n\n\n\n<p>Sabiendo que no era un sue\u00f1o<\/p>\n\n\n\n<p>Que en el infierno ca\u00ed<\/p>\n\n\n\n<p>En una sala de muerte<\/p>\n\n\n\n<p>All\u00ed reinaba en toga<\/p>\n\n\n\n<p>La ranacerda<\/p>\n\n\n\n<p>Gritando entre heces<\/p>\n\n\n\n<p>Sac\u00e1ndolas de su hediondo trasero<\/p>\n\n\n\n<p>Y lanz\u00e1ndola a todos los lugares<\/p>\n\n\n\n<p>Levantada la toga<\/p>\n\n\n\n<p>Con un peludo sexo canoso<\/p>\n\n\n\n<p>Lleno de excrementos muertos<\/p>\n\n\n\n<p>Levantando la mano<\/p>\n\n\n\n<p>Dando justicia injusta<\/p>\n\n\n\n<p>Ranacerda grita a los cuatro vientos<\/p>\n\n\n\n<p>Entre cristales muertos<\/p>\n\n\n\n<p>Denosta al cielo por ser Dios<\/p>\n\n\n\n<p>Ella misma en sus alturas<\/p>\n\n\n\n<p>Y lanza de nuevo al cielo<\/p>\n\n\n\n<p>Calientes excrementos<\/p>\n\n\n\n<p>Vida de muertos<\/p>\n\n\n\n<p>Levanta la mano al cielo<\/p>\n\n\n\n<p>De cuyo trono asegura tener derecho<\/p>\n\n\n\n<p>Remanga la toga y caga<\/p>\n\n\n\n<p>Sentencias de mala hostia<\/p>\n\n\n\n<p>Ac\u00f3litos le lavan sus inmundos agujeros<\/p>\n\n\n\n<p>Mientras llena las fosas de esperanzas muertas<\/p>\n\n\n\n<p>Ufana de su deidad<\/p>\n\n\n\n<p>A los mortales ofende<\/p>\n\n\n\n<p>Simplemente existiendo<\/p>\n\n\n\n<p>Graznando con su voz hedionda<\/p>\n\n\n\n<p>Maldita ramera Ranacerda<\/p>\n\n\n\n<p>Eres carne de gusanos<\/p>\n\n\n\n<p>Y deseo que Dios exista<\/p>\n\n\n\n<p>Para que te castigue<\/p>\n\n\n\n<p>Como lo que eres<\/p>\n\n\n\n<p>Una maldita cerda.<strong><br><\/strong><\/p>\n<\/div><\/div>\n\n\n\n<p><\/p>\n","protected":false},"excerpt":{"rendered":"<p>Hoy so\u00f1\u00e9 Sabiendo que no era un sue\u00f1o Que en el infierno ca\u00ed En una sala de muerte All\u00ed reinaba en toga La ranacerda Gritando entre heces Sac\u00e1ndolas de su hediondo trasero Y lanz\u00e1ndola a todos los lugares Levantada la toga Con un peludo sexo canoso Lleno de excrementos muertos Levantando la mano Dando justicia &hellip; <\/p>\n<p class=\"link-more\"><a href=\"https:\/\/pedrocasiano.es\/?page_id=6210\" class=\"more-link\">Leer m\u00e1s<span class=\"screen-reader-text\"> \u00abHoy So\u00f1\u00e9&#8230; (La Ranacerda)\u00bb<\/span><\/a><\/p>\n","protected":false},"author":1,"featured_media":0,"parent":0,"menu_order":0,"comment_status":"closed","ping_status":"closed","template":"","meta":{"inspiro_hide_title":false,"footnotes":""},"class_list":["post-6210","page","type-page","status-publish","hentry"],"featured_media_urls":[],"_links":{"self":[{"href":"https:\/\/pedrocasiano.es\/index.php?rest_route=\/wp\/v2\/pages\/6210","targetHints":{"allow":["GET"]}}],"collection":[{"href":"https:\/\/pedrocasiano.es\/index.php?rest_route=\/wp\/v2\/pages"}],"about":[{"href":"https:\/\/pedrocasiano.es\/index.php?rest_route=\/wp\/v2\/types\/page"}],"author":[{"embeddable":true,"href":"https:\/\/pedrocasiano.es\/index.php?rest_route=\/wp\/v2\/users\/1"}],"replies":[{"embeddable":true,"href":"https:\/\/pedrocasiano.es\/index.php?rest_route=%2Fwp%2Fv2%2Fcomments&post=6210"}],"version-history":[{"count":4,"href":"https:\/\/pedrocasiano.es\/index.php?rest_route=\/wp\/v2\/pages\/6210\/revisions"}],"predecessor-version":[{"id":10453,"href":"https:\/\/pedrocasiano.es\/index.php?rest_route=\/wp\/v2\/pages\/6210\/revisions\/10453"}],"wp:attachment":[{"href":"https:\/\/pedrocasiano.es\/index.php?rest_route=%2Fwp%2Fv2%2Fmedia&parent=6210"}],"curies":[{"name":"wp","href":"https:\/\/api.w.org\/{rel}","templated":true}]}}