{"id":6206,"date":"2024-03-23T10:56:07","date_gmt":"2024-03-23T10:56:07","guid":{"rendered":"https:\/\/pedrocasiano.es\/?page_id=6206"},"modified":"2024-03-23T10:56:07","modified_gmt":"2024-03-23T10:56:07","slug":"hoy-sone-mirando-las-cortinas-cerradas","status":"publish","type":"page","link":"https:\/\/pedrocasiano.es\/?page_id=6206","title":{"rendered":"Hoy So\u00f1\u00e9 Mirando Las Cortinas Cerradas"},"content":{"rendered":"\n<div class=\"wp-block-media-text is-stacked-on-mobile is-vertically-aligned-top\" style=\"grid-template-columns:43% auto\"><figure class=\"wp-block-media-text__media\"><img decoding=\"async\" width=\"640\" height=\"359\" data-src=\"https:\/\/pedrocasiano.es\/wp-content\/uploads\/2024\/03\/ai-generated-8544817peque.jpg\" alt=\"\" class=\"wp-image-6207 size-full lazyload\" src=\"data:image\/svg+xml;base64,PHN2ZyB3aWR0aD0iMSIgaGVpZ2h0PSIxIiB4bWxucz0iaHR0cDovL3d3dy53My5vcmcvMjAwMC9zdmciPjwvc3ZnPg==\" style=\"--smush-placeholder-width: 640px; --smush-placeholder-aspect-ratio: 640\/359;\" \/><\/figure><div class=\"wp-block-media-text__content\">\n<p>Hoy so\u00f1\u00e9 mirando las cortinas cerradas<\/p>\n\n\n\n<p>Que tras de ellas se escond\u00eda el mar, y las ensenadas<\/p>\n\n\n\n<p>Cre\u00ed por un escaso momento<\/p>\n\n\n\n<p>Que me llenaba de marisma mi cansado aliento<\/p>\n\n\n\n<p>Sin embargo, s\u00e9, pues no soy torpe en mi mente<\/p>\n\n\n\n<p>Que mi deseo no es, sino la vana esperanza<\/p>\n\n\n\n<p>De que alg\u00fan d\u00eda, quiz\u00e1s lejano, all\u00ed lejos, en lontananza<\/p>\n\n\n\n<p>Mire de nuevo por la ventana de las cortinas cerradas<\/p>\n\n\n\n<p>Y vea como las olas, levantan la arena en su marejada<\/p>\n\n\n\n<p>Quiz\u00e1s graznidos de gaviotas reidoras<\/p>\n\n\n\n<p>Quiz\u00e1s la plata de los lomos llenos de escamas<\/p>\n\n\n\n<p>Pudiera ser, incluso, que vea las barcas varadas<\/p>\n\n\n\n<p>En los puertos que s\u00e9, que al final no son nada<\/p>\n\n\n\n<p>Pero me queda ilusi\u00f3n, la del que todo lo calla<\/p>\n\n\n\n<p>De que de mi silencio salga, quiz\u00e1s maltratada<\/p>\n\n\n\n<p>La alegr\u00eda de la arena, de la que son mis pisadas<\/p>\n\n\n\n<p>Aunque sepa a ciencia cierta que tras de la ventana cerrada<\/p>\n\n\n\n<p>Solo ver\u00e9 cemento que, a fin de cuentas, cualquier vista tapa.<strong><br><\/strong><\/p>\n<\/div><\/div>\n","protected":false},"excerpt":{"rendered":"<p>Hoy so\u00f1\u00e9 mirando las cortinas cerradas Que tras de ellas se escond\u00eda el mar, y las ensenadas Cre\u00ed por un escaso momento Que me llenaba de marisma mi cansado aliento Sin embargo, s\u00e9, pues no soy torpe en mi mente Que mi deseo no es, sino la vana esperanza De que alg\u00fan d\u00eda, quiz\u00e1s lejano, &hellip; <\/p>\n<p class=\"link-more\"><a href=\"https:\/\/pedrocasiano.es\/?page_id=6206\" class=\"more-link\">Leer m\u00e1s<span class=\"screen-reader-text\"> \u00abHoy So\u00f1\u00e9 Mirando Las Cortinas Cerradas\u00bb<\/span><\/a><\/p>\n","protected":false},"author":1,"featured_media":0,"parent":0,"menu_order":0,"comment_status":"closed","ping_status":"closed","template":"","meta":{"inspiro_hide_title":false,"footnotes":""},"class_list":["post-6206","page","type-page","status-publish","hentry"],"featured_media_urls":[],"_links":{"self":[{"href":"https:\/\/pedrocasiano.es\/index.php?rest_route=\/wp\/v2\/pages\/6206","targetHints":{"allow":["GET"]}}],"collection":[{"href":"https:\/\/pedrocasiano.es\/index.php?rest_route=\/wp\/v2\/pages"}],"about":[{"href":"https:\/\/pedrocasiano.es\/index.php?rest_route=\/wp\/v2\/types\/page"}],"author":[{"embeddable":true,"href":"https:\/\/pedrocasiano.es\/index.php?rest_route=\/wp\/v2\/users\/1"}],"replies":[{"embeddable":true,"href":"https:\/\/pedrocasiano.es\/index.php?rest_route=%2Fwp%2Fv2%2Fcomments&post=6206"}],"version-history":[{"count":2,"href":"https:\/\/pedrocasiano.es\/index.php?rest_route=\/wp\/v2\/pages\/6206\/revisions"}],"predecessor-version":[{"id":10442,"href":"https:\/\/pedrocasiano.es\/index.php?rest_route=\/wp\/v2\/pages\/6206\/revisions\/10442"}],"wp:attachment":[{"href":"https:\/\/pedrocasiano.es\/index.php?rest_route=%2Fwp%2Fv2%2Fmedia&parent=6206"}],"curies":[{"name":"wp","href":"https:\/\/api.w.org\/{rel}","templated":true}]}}