{"id":6200,"date":"2024-03-23T10:46:24","date_gmt":"2024-03-23T10:46:24","guid":{"rendered":"https:\/\/pedrocasiano.es\/?page_id=6200"},"modified":"2024-03-23T10:46:25","modified_gmt":"2024-03-23T10:46:25","slug":"hoy-me-cubre-el-sudor","status":"publish","type":"page","link":"https:\/\/pedrocasiano.es\/?page_id=6200","title":{"rendered":"Hoy Me Cubre El Sudor"},"content":{"rendered":"\n<div class=\"wp-block-media-text is-stacked-on-mobile is-vertically-aligned-top\"><figure class=\"wp-block-media-text__media\"><img decoding=\"async\" width=\"640\" height=\"480\" data-src=\"https:\/\/pedrocasiano.es\/wp-content\/uploads\/2024\/03\/field-5991436peque.jpg\" alt=\"\" class=\"wp-image-6201 size-full lazyload\" src=\"data:image\/svg+xml;base64,PHN2ZyB3aWR0aD0iMSIgaGVpZ2h0PSIxIiB4bWxucz0iaHR0cDovL3d3dy53My5vcmcvMjAwMC9zdmciPjwvc3ZnPg==\" style=\"--smush-placeholder-width: 640px; --smush-placeholder-aspect-ratio: 640\/480;\" \/><\/figure><div class=\"wp-block-media-text__content\">\n<p>Hoy me cubre el sudor, la calima salada<\/p>\n\n\n\n<p>El viento negro que quema de mi cabeza a mi espalda<\/p>\n\n\n\n<p>El aire caliente arde cuando entra en mi garganta<\/p>\n\n\n\n<p>Y ni siquiera la sombra me protege de las llamas<\/p>\n\n\n\n<p>Ay, navegante de tierra adentro<\/p>\n\n\n\n<p>Que solo respiras secano, cuando tan lejos queda<\/p>\n\n\n\n<p>La salina que a\u00f1oras entre terrones secos<\/p>\n\n\n\n<p>Como del diablo el alma<\/p>\n\n\n\n<p>Barquitos de arena y polvo que se remontan al aire<\/p>\n\n\n\n<p>Girando entre las volutas del calor que lo levanta<\/p>\n\n\n\n<p>Cuesta reparar, cuando el sol se pone al alza<\/p>\n\n\n\n<p>Y miras a tu derredor, como todo se agota y calma<\/p>\n\n\n\n<p>Las volutas del aire caldeado suben al cielo llorando<\/p>\n\n\n\n<p>Porque l\u00e1grimas no tienen en este terreno secano<\/p>\n\n\n\n<p>\u00bfD\u00f3nde est\u00e1n las playas, los rincones, las ensenadas?<\/p>\n\n\n\n<p>Solo cruj\u00edos de \u00e1rbol que se secan en la ma\u00f1ana<\/p>\n\n\n\n<p>Higuera de higos chumbos de espinas engalanados<\/p>\n\n\n\n<p>Cercas de piedra y lagartos que al sol se desperezan<\/p>\n\n\n\n<p>Mieses de agosto agostada, mulas que trillan la era<\/p>\n\n\n\n<p>Al poco de arrebujadas, en los patios, en las tardes<\/p>\n\n\n\n<p>En que la mula no avanza, en que la parva se mezcla<\/p>\n\n\n\n<p>Con el trigo, y se desgrana, dejando para unos paja<\/p>\n\n\n\n<p>Para otros trigo o cebada, y para ti con tus callos<\/p>\n\n\n\n<p>La vana esperanza de que un d\u00eda quiz\u00e1s lejano<\/p>\n\n\n\n<p>Cuando mires en lontananza, vea barcos<\/p>\n\n\n\n<p>Llenos de peces que saltan con sus plateadas escamas<\/p>\n\n\n\n<p>Y miras la casa blanca, los chumbos en las chumberas<\/p>\n\n\n\n<p>Las cabras, las ac\u00e9milas, las pobres uvas pasas<\/p>\n\n\n\n<p>Que se ennegrecen y secan apenas el tiempo pasa<\/p>\n\n\n\n<p>Y el lagarto te mira, la pita viene y se empalma<\/p>\n\n\n\n<p>Y la ac\u00e9mila te mira, esperando tu mirada<\/p>\n\n\n\n<p>Porque la tienes perdida en esa plateada agua<\/p>\n\n\n\n<p>En la que quiz\u00e1s nunca puedas regresar<\/p>\n\n\n\n<p>&nbsp;y ver como refulge cuando la engalana el alba.<strong><br><\/strong><\/p>\n<\/div><\/div>\n","protected":false},"excerpt":{"rendered":"<p>Hoy me cubre el sudor, la calima salada El viento negro que quema de mi cabeza a mi espalda El aire caliente arde cuando entra en mi garganta Y ni siquiera la sombra me protege de las llamas Ay, navegante de tierra adentro Que solo respiras secano, cuando tan lejos queda La salina que a\u00f1oras &hellip; <\/p>\n<p class=\"link-more\"><a href=\"https:\/\/pedrocasiano.es\/?page_id=6200\" class=\"more-link\">Leer m\u00e1s<span class=\"screen-reader-text\"> \u00abHoy Me Cubre El Sudor\u00bb<\/span><\/a><\/p>\n","protected":false},"author":1,"featured_media":0,"parent":0,"menu_order":0,"comment_status":"closed","ping_status":"closed","template":"","meta":{"inspiro_hide_title":false,"footnotes":""},"class_list":["post-6200","page","type-page","status-publish","hentry"],"featured_media_urls":[],"_links":{"self":[{"href":"https:\/\/pedrocasiano.es\/index.php?rest_route=\/wp\/v2\/pages\/6200","targetHints":{"allow":["GET"]}}],"collection":[{"href":"https:\/\/pedrocasiano.es\/index.php?rest_route=\/wp\/v2\/pages"}],"about":[{"href":"https:\/\/pedrocasiano.es\/index.php?rest_route=\/wp\/v2\/types\/page"}],"author":[{"embeddable":true,"href":"https:\/\/pedrocasiano.es\/index.php?rest_route=\/wp\/v2\/users\/1"}],"replies":[{"embeddable":true,"href":"https:\/\/pedrocasiano.es\/index.php?rest_route=%2Fwp%2Fv2%2Fcomments&post=6200"}],"version-history":[{"count":1,"href":"https:\/\/pedrocasiano.es\/index.php?rest_route=\/wp\/v2\/pages\/6200\/revisions"}],"predecessor-version":[{"id":6202,"href":"https:\/\/pedrocasiano.es\/index.php?rest_route=\/wp\/v2\/pages\/6200\/revisions\/6202"}],"wp:attachment":[{"href":"https:\/\/pedrocasiano.es\/index.php?rest_route=%2Fwp%2Fv2%2Fmedia&parent=6200"}],"curies":[{"name":"wp","href":"https:\/\/api.w.org\/{rel}","templated":true}]}}