{"id":6196,"date":"2024-03-23T10:40:23","date_gmt":"2024-03-23T10:40:23","guid":{"rendered":"https:\/\/pedrocasiano.es\/?page_id=6196"},"modified":"2024-09-19T05:09:36","modified_gmt":"2024-09-19T05:09:36","slug":"hoy-llega-el-fin-de-otro-mas","status":"publish","type":"page","link":"https:\/\/pedrocasiano.es\/?page_id=6196","title":{"rendered":"Hoy llega el Fin de Otro M\u00e1s"},"content":{"rendered":"\n<div class=\"wp-block-media-text is-stacked-on-mobile is-vertically-aligned-top\" style=\"grid-template-columns:42% auto\"><figure class=\"wp-block-media-text__media\"><img decoding=\"async\" width=\"640\" height=\"427\" data-src=\"https:\/\/pedrocasiano.es\/wp-content\/uploads\/2024\/03\/bud-7980037peque.jpg\" alt=\"\" class=\"wp-image-6197 size-full lazyload\" src=\"data:image\/svg+xml;base64,PHN2ZyB3aWR0aD0iMSIgaGVpZ2h0PSIxIiB4bWxucz0iaHR0cDovL3d3dy53My5vcmcvMjAwMC9zdmciPjwvc3ZnPg==\" style=\"--smush-placeholder-width: 640px; --smush-placeholder-aspect-ratio: 640\/427;\" \/><\/figure><div class=\"wp-block-media-text__content\">\n<p>Hoy llega el fin de otro m\u00e1s, o quiz\u00e1s de uno menos.<\/p>\n\n\n\n<p>Normalidad. Extra\u00f1o per\u00edodo el que nos ha tocado vivir, y al cual cuesta trabajo acomodarse.<\/p>\n\n\n\n<p>No salgas. No valen las recomendaciones del gobierno cuando se te cae la casa encima.<\/p>\n\n\n\n<p>Tranquilidad. La consigna de estos tiempos. Yo la soporto, pero, \u00bflos j\u00f3venes?<\/p>\n\n\n\n<p>\u00bfUn sue\u00f1o? Extra\u00f1o lo que nos toca vivir.<\/p>\n\n\n\n<p>El futuro. Los que nazcan a partir de ahora, quiz\u00e1s no conozcan nuestro otro mundo.<\/p>\n\n\n\n<p>Esperanza. Quiz\u00e1s lo \u00faltimo a lo que aferrarse.<\/p>\n\n\n\n<p>Hoy. Campanas que sonaran a hueco. Multitudes de nadie.<\/p>\n\n\n\n<p>\u00bfFeliz A\u00f1o Nuevo?<\/p>\n\n\n\n<p>Eso espero.<\/p>\n\n\n\n<p>Me gustar\u00eda contar buenas nuevas, pero es dif\u00edcil con la que est\u00e1 cayendo.<\/p>\n\n\n\n<p>No os dir\u00e9 como ten\u00e9is que vivir estos d\u00edas, para eso est\u00e1n los gur\u00fas del gobierno, solo que se\u00e1is libres.<\/p>\n\n\n\n<p>Feliz A\u00f1o Nuevo.<strong><br><\/strong><\/p>\n<\/div><\/div>\n\n\n\n<p><\/p>\n","protected":false},"excerpt":{"rendered":"<p>Hoy llega el fin de otro m\u00e1s, o quiz\u00e1s de uno menos. Normalidad. Extra\u00f1o per\u00edodo el que nos ha tocado vivir, y al cual cuesta trabajo acomodarse. No salgas. No valen las recomendaciones del gobierno cuando se te cae la casa encima. Tranquilidad. La consigna de estos tiempos. Yo la soporto, pero, \u00bflos j\u00f3venes? \u00bfUn &hellip; <\/p>\n<p class=\"link-more\"><a href=\"https:\/\/pedrocasiano.es\/?page_id=6196\" class=\"more-link\">Leer m\u00e1s<span class=\"screen-reader-text\"> \u00abHoy llega el Fin de Otro M\u00e1s\u00bb<\/span><\/a><\/p>\n","protected":false},"author":1,"featured_media":0,"parent":0,"menu_order":0,"comment_status":"closed","ping_status":"closed","template":"","meta":{"inspiro_hide_title":false,"footnotes":""},"class_list":["post-6196","page","type-page","status-publish","hentry"],"featured_media_urls":[],"_links":{"self":[{"href":"https:\/\/pedrocasiano.es\/index.php?rest_route=\/wp\/v2\/pages\/6196","targetHints":{"allow":["GET"]}}],"collection":[{"href":"https:\/\/pedrocasiano.es\/index.php?rest_route=\/wp\/v2\/pages"}],"about":[{"href":"https:\/\/pedrocasiano.es\/index.php?rest_route=\/wp\/v2\/types\/page"}],"author":[{"embeddable":true,"href":"https:\/\/pedrocasiano.es\/index.php?rest_route=\/wp\/v2\/users\/1"}],"replies":[{"embeddable":true,"href":"https:\/\/pedrocasiano.es\/index.php?rest_route=%2Fwp%2Fv2%2Fcomments&post=6196"}],"version-history":[{"count":3,"href":"https:\/\/pedrocasiano.es\/index.php?rest_route=\/wp\/v2\/pages\/6196\/revisions"}],"predecessor-version":[{"id":10415,"href":"https:\/\/pedrocasiano.es\/index.php?rest_route=\/wp\/v2\/pages\/6196\/revisions\/10415"}],"wp:attachment":[{"href":"https:\/\/pedrocasiano.es\/index.php?rest_route=%2Fwp%2Fv2%2Fmedia&parent=6196"}],"curies":[{"name":"wp","href":"https:\/\/api.w.org\/{rel}","templated":true}]}}