{"id":6191,"date":"2024-03-23T10:33:42","date_gmt":"2024-03-23T10:33:42","guid":{"rendered":"https:\/\/pedrocasiano.es\/?page_id=6191"},"modified":"2026-04-02T10:14:01","modified_gmt":"2026-04-02T08:14:01","slug":"poesia-etapa-x-2","status":"publish","type":"page","link":"https:\/\/pedrocasiano.es\/?page_id=6191","title":{"rendered":"Azul I"},"content":{"rendered":"\n<div class=\"wp-block-cover alignfull\" style=\"min-height:571px;aspect-ratio:unset;\"><img decoding=\"async\" width=\"1200\" height=\"651\" class=\"wp-block-cover__image-background wp-image-6192 lazyload\" alt=\"\" data-src=\"https:\/\/pedrocasiano.es\/wp-content\/uploads\/2024\/03\/woman-8583812cortadajpg.jpg\" data-object-fit=\"cover\" src=\"data:image\/svg+xml;base64,PHN2ZyB3aWR0aD0iMSIgaGVpZ2h0PSIxIiB4bWxucz0iaHR0cDovL3d3dy53My5vcmcvMjAwMC9zdmciPjwvc3ZnPg==\" style=\"--smush-placeholder-width: 1200px; --smush-placeholder-aspect-ratio: 1200\/651;\" \/><span aria-hidden=\"true\" class=\"wp-block-cover__background has-background-dim\"><\/span><div class=\"wp-block-cover__inner-container has-global-padding is-layout-constrained wp-block-cover-is-layout-constrained\">\n<ul class=\"wp-block-list\">\n<li><a href=\"https:\/\/pedrocasiano.es\/?page_id=6284\" target=\"_blank\" rel=\"noreferrer noopener\">La Vida<\/a><\/li>\n\n\n\n<li><a href=\"https:\/\/pedrocasiano.es\/?page_id=6288\" target=\"_blank\" rel=\"noreferrer noopener\">Soledades, Esperpentos<\/a><\/li>\n\n\n\n<li><a href=\"https:\/\/pedrocasiano.es\/?page_id=6314\" target=\"_blank\" rel=\"noreferrer noopener\">Debes de Recordar los D\u00edas<\/a><\/li>\n\n\n\n<li><a href=\"https:\/\/pedrocasiano.es\/?page_id=6318\" target=\"_blank\" rel=\"noreferrer noopener\">Aqu\u00ed<\/a><\/li>\n\n\n\n<li><a href=\"https:\/\/pedrocasiano.es\/?page_id=6328\" target=\"_blank\" rel=\"noreferrer noopener\">Amar\u00eda ser Solidario<\/a><\/li>\n\n\n\n<li><a href=\"https:\/\/pedrocasiano.es\/?page_id=6332\" target=\"_blank\" rel=\"noreferrer noopener\">Al Son de las Olas, entre las Ca\u00f1as<\/a><\/li>\n\n\n\n<li><a href=\"https:\/\/pedrocasiano.es\/?page_id=6336\" target=\"_blank\" rel=\"noreferrer noopener\">Quisiera Tener el Pulso<\/a><\/li>\n\n\n\n<li><a href=\"https:\/\/pedrocasiano.es\/?page_id=6340\" target=\"_blank\" rel=\"noreferrer noopener\">Roc\u00e9 las Alas de los \u00c1ngeles<\/a><\/li>\n\n\n\n<li><a href=\"https:\/\/pedrocasiano.es\/?page_id=6346\" target=\"_blank\" rel=\"noreferrer noopener\">Solo veo Perros Ladrando<\/a><\/li>\n\n\n\n<li><a href=\"https:\/\/pedrocasiano.es\/?page_id=6351\" target=\"_blank\" rel=\"noreferrer noopener\">Verdes Parcelas<\/a><\/li>\n\n\n\n<li><a href=\"https:\/\/pedrocasiano.es\/?page_id=6355\" target=\"_blank\" rel=\"noreferrer noopener\">Ya no hay Sue\u00f1os Rotos<\/a><\/li>\n\n\n\n<li><a href=\"https:\/\/pedrocasiano.es\/?p=8117\" data-type=\"post\" data-id=\"8117\" target=\"_blank\" rel=\"noreferrer noopener\">Tiempos de Agobio<\/a><\/li>\n\n\n\n<li><a href=\"https:\/\/pedrocasiano.es\/?p=8265\" data-type=\"post\" data-id=\"8265\" target=\"_blank\" rel=\"noreferrer noopener\">Sue\u00f1os Perdidos<\/a><\/li>\n\n\n\n<li><a href=\"https:\/\/pedrocasiano.es\/?p=8273\" data-type=\"post\" data-id=\"8273\" target=\"_blank\" rel=\"noreferrer noopener\">Donde Nacen los Sue\u00f1os<\/a><\/li>\n\n\n\n<li><a href=\"https:\/\/pedrocasiano.es\/?p=8280\" data-type=\"post\" data-id=\"8280\" target=\"_blank\" rel=\"noreferrer noopener\">\u00daltima Noche sobre la Faz de la Tierra<\/a><\/li>\n\n\n\n<li><a href=\"https:\/\/pedrocasiano.es\/?p=8293\" target=\"_blank\" rel=\"noreferrer noopener\">Viejos Recuerdos<\/a><\/li>\n\n\n\n<li><a href=\"https:\/\/pedrocasiano.es\/?p=8290\" data-type=\"post\" data-id=\"8290\" target=\"_blank\" rel=\"noreferrer noopener\">Rastros de Nave a la Deriva<\/a><\/li>\n\n\n\n<li><a href=\"https:\/\/pedrocasiano.es\/?p=8305\" data-type=\"post\" data-id=\"8305\" target=\"_blank\" rel=\"noreferrer noopener\">La Vida te Espera, Agazapada<\/a><\/li>\n\n\n\n<li><a href=\"https:\/\/pedrocasiano.es\/?p=8627\" data-type=\"post\" data-id=\"8627\" target=\"_blank\" rel=\"noreferrer noopener\">Noche de Pastillas<\/a><\/li>\n\n\n\n<li><a href=\"https:\/\/pedrocasiano.es\/?p=8630\" data-type=\"post\" data-id=\"8630\" target=\"_blank\" rel=\"noreferrer noopener\">Ha llegado el Verano<\/a><\/li>\n\n\n\n<li><a href=\"https:\/\/pedrocasiano.es\/?p=8633\" data-type=\"post\" data-id=\"8633\" target=\"_blank\" rel=\"noreferrer noopener\">Muros de Hormig\u00f3n<\/a><\/li>\n\n\n\n<li><a href=\"https:\/\/pedrocasiano.es\/?p=8636\" data-type=\"post\" data-id=\"8636\" target=\"_blank\" rel=\"noreferrer noopener\">Amaneceres Ansiosos<\/a><\/li>\n<\/ul>\n\n\n\n<p><strong>Todos los Derechos Reservados<\/strong><\/p>\n\n\n\n<p><strong>\u201cEstas novelas, publicaciones y dem\u00e1s, son obras de ficci\u00f3n. Los nombres, personajes, lugares e incidentes son producto de la imaginaci\u00f3n del autor o son utilizados de manera ficticia. Cualquier parecido con personas, vivas o muertas, o sucesos reales es pura coincidencia.\u201d<\/strong><\/p>\n<\/div><\/div>\n","protected":false},"excerpt":{"rendered":"","protected":false},"author":1,"featured_media":0,"parent":0,"menu_order":0,"comment_status":"closed","ping_status":"closed","template":"","meta":{"inspiro_hide_title":false,"footnotes":""},"class_list":["post-6191","page","type-page","status-publish","hentry"],"featured_media_urls":[],"_links":{"self":[{"href":"https:\/\/pedrocasiano.es\/index.php?rest_route=\/wp\/v2\/pages\/6191","targetHints":{"allow":["GET"]}}],"collection":[{"href":"https:\/\/pedrocasiano.es\/index.php?rest_route=\/wp\/v2\/pages"}],"about":[{"href":"https:\/\/pedrocasiano.es\/index.php?rest_route=\/wp\/v2\/types\/page"}],"author":[{"embeddable":true,"href":"https:\/\/pedrocasiano.es\/index.php?rest_route=\/wp\/v2\/users\/1"}],"replies":[{"embeddable":true,"href":"https:\/\/pedrocasiano.es\/index.php?rest_route=%2Fwp%2Fv2%2Fcomments&post=6191"}],"version-history":[{"count":20,"href":"https:\/\/pedrocasiano.es\/index.php?rest_route=\/wp\/v2\/pages\/6191\/revisions"}],"predecessor-version":[{"id":16619,"href":"https:\/\/pedrocasiano.es\/index.php?rest_route=\/wp\/v2\/pages\/6191\/revisions\/16619"}],"wp:attachment":[{"href":"https:\/\/pedrocasiano.es\/index.php?rest_route=%2Fwp%2Fv2%2Fmedia&parent=6191"}],"curies":[{"name":"wp","href":"https:\/\/api.w.org\/{rel}","templated":true}]}}