{"id":6141,"date":"2024-03-21T07:11:37","date_gmt":"2024-03-21T07:11:37","guid":{"rendered":"https:\/\/pedrocasiano.es\/?page_id=6141"},"modified":"2024-03-21T07:11:37","modified_gmt":"2024-03-21T07:11:37","slug":"el-rio","status":"publish","type":"page","link":"https:\/\/pedrocasiano.es\/?page_id=6141","title":{"rendered":"El R\u00edo"},"content":{"rendered":"\n<div class=\"wp-block-media-text is-stacked-on-mobile is-vertically-aligned-top\" style=\"grid-template-columns:40% auto\"><figure class=\"wp-block-media-text__media\"><img decoding=\"async\" width=\"640\" height=\"425\" data-src=\"https:\/\/pedrocasiano.es\/wp-content\/uploads\/2024\/03\/DSC_3140peque.jpg\" alt=\"\" class=\"wp-image-6142 size-full lazyload\" src=\"data:image\/svg+xml;base64,PHN2ZyB3aWR0aD0iMSIgaGVpZ2h0PSIxIiB4bWxucz0iaHR0cDovL3d3dy53My5vcmcvMjAwMC9zdmciPjwvc3ZnPg==\" style=\"--smush-placeholder-width: 640px; --smush-placeholder-aspect-ratio: 640\/425;\" \/><\/figure><div class=\"wp-block-media-text__content\">\n<p>El r\u00edo, el r\u00edo, siempre el r\u00edo, ahora con su lento fluir, casi de cansado, viejo, y con el atardecer la lejan\u00eda del pasado conocido, del devenir incierto.<\/p>\n\n\n\n<p>Rio, r\u00edo, siempre rio, fluir de l\u00e1grimas y de quej\u00edos, r\u00edo, r\u00edo, siempre r\u00edo.<\/p>\n\n\n\n<p>Murmullo muerto de calmadas aguas, lamentos de almas vividas, rio, rio, siempre rio.<\/p>\n\n\n\n<p>El sol cansado de agostar la tierra, se deja caer rendido sobre el rio, y all\u00ed pierde su color, su calor, en el rio, dentro del rio.<\/p>\n\n\n\n<p>Y el murmullo de la brisa, flota sobre la silente corriente, intentado levantar una ola, un sentimiento, un rizo, pero no quiere el rio, triste rio.<\/p>\n\n\n\n<p>Y los \u00e1rboles que riega con desgana lo miran, y ven como se pierde el agua en la lontananza, el agua del rio.<\/p>\n\n\n\n<p>\u00bfVas camino de Sevilla, rio?, pues ll\u00e9vate tu agua, que aqu\u00ed de poco ha serv\u00edo, muerto rio.<\/p>\n\n\n\n<p>Y las piedras viejas, que han visto de todas las crecidas, de las menguadas, lo miran, si, miran al rio, como si superan que viene, que ya se ha ido.<\/p>\n\n\n\n<p>Viene la luna, la amante perdida, la que se lleva las l\u00e1grimas, la que olvida el pesar y mira al rio.<\/p>\n\n\n\n<p>Y el rio, como si quisiera tocarla, refleja en sus aguas el blanco desva\u00eddo de la amante secreta, del secreto sabido, y riela el rio, maldito rio.<\/p>\n\n\n\n<p>Y en la balaustrada de un puente olvidado, de piedras muertas en el olvido, una cara mira al rio, a lo que queda de corriente, y le pregunta\u2026 \u00bfy qui\u00e9n sabe que le ha pedido?<\/p>\n\n\n\n<p>Y sentado en la Albolafia, donde ya no moja el rio, y la orilla se deja tocar, condenado al eterno desconsuelo, mi alma llora, sue\u00f1a, sufre, maldito, maldito rio.<\/p>\n\n\n\n<p>Maldito verde, maldita maravilla que te ofreces como alcahueta esquiva cuando mi alma llora, maldita seas, malditas tus flores, maldito t\u00fa, rio.<strong><br><\/strong><\/p>\n<\/div><\/div>\n","protected":false},"excerpt":{"rendered":"<p>El r\u00edo, el r\u00edo, siempre el r\u00edo, ahora con su lento fluir, casi de cansado, viejo, y con el atardecer la lejan\u00eda del pasado conocido, del devenir incierto. Rio, r\u00edo, siempre rio, fluir de l\u00e1grimas y de quej\u00edos, r\u00edo, r\u00edo, siempre r\u00edo. Murmullo muerto de calmadas aguas, lamentos de almas vividas, rio, rio, siempre rio. &hellip; <\/p>\n<p class=\"link-more\"><a href=\"https:\/\/pedrocasiano.es\/?page_id=6141\" class=\"more-link\">Leer m\u00e1s<span class=\"screen-reader-text\"> \u00abEl R\u00edo\u00bb<\/span><\/a><\/p>\n","protected":false},"author":1,"featured_media":0,"parent":0,"menu_order":0,"comment_status":"closed","ping_status":"closed","template":"","meta":{"inspiro_hide_title":false,"footnotes":""},"class_list":["post-6141","page","type-page","status-publish","hentry"],"featured_media_urls":[],"_links":{"self":[{"href":"https:\/\/pedrocasiano.es\/index.php?rest_route=\/wp\/v2\/pages\/6141","targetHints":{"allow":["GET"]}}],"collection":[{"href":"https:\/\/pedrocasiano.es\/index.php?rest_route=\/wp\/v2\/pages"}],"about":[{"href":"https:\/\/pedrocasiano.es\/index.php?rest_route=\/wp\/v2\/types\/page"}],"author":[{"embeddable":true,"href":"https:\/\/pedrocasiano.es\/index.php?rest_route=\/wp\/v2\/users\/1"}],"replies":[{"embeddable":true,"href":"https:\/\/pedrocasiano.es\/index.php?rest_route=%2Fwp%2Fv2%2Fcomments&post=6141"}],"version-history":[{"count":2,"href":"https:\/\/pedrocasiano.es\/index.php?rest_route=\/wp\/v2\/pages\/6141\/revisions"}],"predecessor-version":[{"id":10342,"href":"https:\/\/pedrocasiano.es\/index.php?rest_route=\/wp\/v2\/pages\/6141\/revisions\/10342"}],"wp:attachment":[{"href":"https:\/\/pedrocasiano.es\/index.php?rest_route=%2Fwp%2Fv2%2Fmedia&parent=6141"}],"curies":[{"name":"wp","href":"https:\/\/api.w.org\/{rel}","templated":true}]}}