{"id":6137,"date":"2024-03-21T07:06:40","date_gmt":"2024-03-21T07:06:40","guid":{"rendered":"https:\/\/pedrocasiano.es\/?page_id=6137"},"modified":"2024-09-18T10:18:48","modified_gmt":"2024-09-18T10:18:48","slug":"el-frio-de-la-edad-2","status":"publish","type":"page","link":"https:\/\/pedrocasiano.es\/?page_id=6137","title":{"rendered":"El Fr\u00edo De La Edad"},"content":{"rendered":"\n<div class=\"wp-block-media-text is-stacked-on-mobile is-vertically-aligned-top\" style=\"grid-template-columns:40% auto\"><figure class=\"wp-block-media-text__media\"><img decoding=\"async\" width=\"498\" height=\"640\" data-src=\"https:\/\/pedrocasiano.es\/wp-content\/uploads\/2024\/03\/ai-generated-8536602_1920peque.jpg\" alt=\"\" class=\"wp-image-6138 size-full lazyload\" src=\"data:image\/svg+xml;base64,PHN2ZyB3aWR0aD0iMSIgaGVpZ2h0PSIxIiB4bWxucz0iaHR0cDovL3d3dy53My5vcmcvMjAwMC9zdmciPjwvc3ZnPg==\" style=\"--smush-placeholder-width: 498px; --smush-placeholder-aspect-ratio: 498\/640;\" \/><\/figure><div class=\"wp-block-media-text__content\">\n<p>El frio de la edad<\/p>\n\n\n\n<p>Me hace mirar<\/p>\n\n\n\n<p>Con mirada esquiva<\/p>\n\n\n\n<p>Lo que pasa a mi alrededor<\/p>\n\n\n\n<p>Y sonr\u00edo<\/p>\n\n\n\n<p>Nadie inventa nada<\/p>\n\n\n\n<p>Nada nuevo bajo el sol<\/p>\n\n\n\n<p>La runa de la serpiente<\/p>\n\n\n\n<p>Se adue\u00f1a de todo<\/p>\n\n\n\n<p>El ciclo de la vida<\/p>\n\n\n\n<p>Se va y retorna<\/p>\n\n\n\n<p>Nada es eterno<\/p>\n\n\n\n<p>Olvidan los j\u00f3venes<\/p>\n\n\n\n<p>El poder y el dinero<\/p>\n\n\n\n<p>Se quedan, y mueres<\/p>\n\n\n\n<p>El sexo se difumina<\/p>\n\n\n\n<p>Como si nunca hubiera existido<\/p>\n\n\n\n<p>\u00bfQu\u00e9 queda?<\/p>\n\n\n\n<p>\u00bfnada?<\/p>\n\n\n\n<p>Y miras a tu alrededor<\/p>\n\n\n\n<p>Lo que es, desaparecer\u00e1<\/p>\n\n\n\n<p>Lo que no es surgir\u00e1<\/p>\n\n\n\n<p>Y todo a empezar volver\u00e1<\/p>\n\n\n\n<p>La rueda gira<\/p>\n\n\n\n<p>Volver\u00e1 a girar<\/p>\n\n\n\n<p>El tiempo no perdona<\/p>\n\n\n\n<p>Mata poco a poco<\/p>\n\n\n\n<p>Como si fuera un lento veneno<\/p>\n\n\n\n<p>Y lo que amaste desaparece<\/p>\n\n\n\n<p>Incluso el sentimiento<\/p>\n\n\n\n<p>\u00bfQue tienes?<\/p>\n\n\n\n<p>Nada<\/p>\n\n\n\n<p>El tiempo lo arrastra<\/p>\n\n\n\n<p>Lo manda al olvido<\/p>\n\n\n\n<p>A ese lugar apartado, perdido<\/p>\n\n\n\n<p>Y queda tu memoria blanquecina<\/p>\n\n\n\n<p>Y tu cara de idiota<\/p>\n\n\n\n<p>Vida que viene y va<\/p>\n\n\n\n<p>Que no se queda<\/p>\n\n\n\n<p>Que vuelve a empezar<\/p>\n\n\n\n<p>Pero sin ti<\/p>\n\n\n\n<p>Otro reir\u00e1, otro llorar\u00e1<\/p>\n\n\n\n<p>T\u00fa has de acabar<\/p>\n\n\n\n<p>La vida se va<\/p>\n\n\n\n<p>Sin llanto, sin risa<\/p>\n\n\n\n<p>Y desapareces en la bruma matinal<\/p>\n\n\n\n<p>Como si no existieras<\/p>\n\n\n\n<p>Y piensas si has existido<\/p>\n\n\n\n<p>Si solo ha sido un sue\u00f1o<\/p>\n\n\n\n<p>te encoges de hombros<\/p>\n\n\n\n<p>\u00a1Qu\u00e9 m\u00e1s da!<strong><br><\/strong><\/p>\n<\/div><\/div>\n\n\n\n<p><\/p>\n","protected":false},"excerpt":{"rendered":"<p>El frio de la edad Me hace mirar Con mirada esquiva Lo que pasa a mi alrededor Y sonr\u00edo Nadie inventa nada Nada nuevo bajo el sol La runa de la serpiente Se adue\u00f1a de todo El ciclo de la vida Se va y retorna Nada es eterno Olvidan los j\u00f3venes El poder y el &hellip; <\/p>\n<p class=\"link-more\"><a href=\"https:\/\/pedrocasiano.es\/?page_id=6137\" class=\"more-link\">Leer m\u00e1s<span class=\"screen-reader-text\"> \u00abEl Fr\u00edo De La Edad\u00bb<\/span><\/a><\/p>\n","protected":false},"author":1,"featured_media":0,"parent":0,"menu_order":0,"comment_status":"closed","ping_status":"closed","template":"","meta":{"inspiro_hide_title":false,"footnotes":""},"class_list":["post-6137","page","type-page","status-publish","hentry"],"featured_media_urls":[],"_links":{"self":[{"href":"https:\/\/pedrocasiano.es\/index.php?rest_route=\/wp\/v2\/pages\/6137","targetHints":{"allow":["GET"]}}],"collection":[{"href":"https:\/\/pedrocasiano.es\/index.php?rest_route=\/wp\/v2\/pages"}],"about":[{"href":"https:\/\/pedrocasiano.es\/index.php?rest_route=\/wp\/v2\/types\/page"}],"author":[{"embeddable":true,"href":"https:\/\/pedrocasiano.es\/index.php?rest_route=\/wp\/v2\/users\/1"}],"replies":[{"embeddable":true,"href":"https:\/\/pedrocasiano.es\/index.php?rest_route=%2Fwp%2Fv2%2Fcomments&post=6137"}],"version-history":[{"count":2,"href":"https:\/\/pedrocasiano.es\/index.php?rest_route=\/wp\/v2\/pages\/6137\/revisions"}],"predecessor-version":[{"id":10323,"href":"https:\/\/pedrocasiano.es\/index.php?rest_route=\/wp\/v2\/pages\/6137\/revisions\/10323"}],"wp:attachment":[{"href":"https:\/\/pedrocasiano.es\/index.php?rest_route=%2Fwp%2Fv2%2Fmedia&parent=6137"}],"curies":[{"name":"wp","href":"https:\/\/api.w.org\/{rel}","templated":true}]}}