{"id":6133,"date":"2024-03-21T07:02:43","date_gmt":"2024-03-21T07:02:43","guid":{"rendered":"https:\/\/pedrocasiano.es\/?page_id=6133"},"modified":"2024-09-18T10:17:07","modified_gmt":"2024-09-18T10:17:07","slug":"el-dia-en-que-me-mueras","status":"publish","type":"page","link":"https:\/\/pedrocasiano.es\/?page_id=6133","title":{"rendered":"El D\u00eda en que te Mueras"},"content":{"rendered":"\n<div class=\"wp-block-media-text is-stacked-on-mobile is-vertically-aligned-top\" style=\"grid-template-columns:37% auto\"><figure class=\"wp-block-media-text__media\"><img decoding=\"async\" width=\"638\" height=\"640\" data-src=\"https:\/\/pedrocasiano.es\/wp-content\/uploads\/2024\/03\/ai-generated-8508391_1920peque.jpg\" alt=\"\" class=\"wp-image-6134 size-full lazyload\" data-srcset=\"https:\/\/pedrocasiano.es\/wp-content\/uploads\/2024\/03\/ai-generated-8508391_1920peque.jpg 638w, https:\/\/pedrocasiano.es\/wp-content\/uploads\/2024\/03\/ai-generated-8508391_1920peque-300x300.jpg 300w, https:\/\/pedrocasiano.es\/wp-content\/uploads\/2024\/03\/ai-generated-8508391_1920peque-150x150.jpg 150w\" data-sizes=\"(max-width: 638px) 100vw, 638px\" src=\"data:image\/svg+xml;base64,PHN2ZyB3aWR0aD0iMSIgaGVpZ2h0PSIxIiB4bWxucz0iaHR0cDovL3d3dy53My5vcmcvMjAwMC9zdmciPjwvc3ZnPg==\" style=\"--smush-placeholder-width: 638px; --smush-placeholder-aspect-ratio: 638\/640;\" \/><\/figure><div class=\"wp-block-media-text__content\">\n<p>El d\u00eda en que me mueras<\/p>\n\n\n\n<p>Todo seguir\u00e1 igual<\/p>\n\n\n\n<p>Amanecer\u00e1<\/p>\n\n\n\n<p>La vida continuar\u00e1<\/p>\n\n\n\n<p>Se olvid\u00f3 la infancia<\/p>\n\n\n\n<p>La pubertad<\/p>\n\n\n\n<p>Donde cre\u00edas<\/p>\n\n\n\n<p>Que el mundo parar\u00eda<\/p>\n\n\n\n<p>Si solo te ca\u00edas<\/p>\n\n\n\n<p>Ahora sabes,<\/p>\n\n\n\n<p>Que nada eres<\/p>\n\n\n\n<p>Que nada ser\u00e1s<\/p>\n\n\n\n<p>Que tu ausencia<\/p>\n\n\n\n<p>Significa<\/p>\n\n\n\n<p>Nada, nada m\u00e1s<\/p>\n\n\n\n<p>Que otra silla vac\u00eda<\/p>\n\n\n\n<p>En la mesa enorme<\/p>\n\n\n\n<p>Que significa<\/p>\n\n\n\n<p>Tu propia mortalidad<\/p>\n\n\n\n<p>Cuando mueras<\/p>\n\n\n\n<p>Nada cambiar\u00e1<\/p>\n\n\n\n<p>Te lloraran un rato<\/p>\n\n\n\n<p>Solo por verse llorar<\/p>\n\n\n\n<p>Ser\u00e1s humo<\/p>\n\n\n\n<p>Y todo pasar\u00e1<\/p>\n\n\n\n<p>Tu recuerdo, esquela<\/p>\n\n\n\n<p>Quiz\u00e1s portada<\/p>\n\n\n\n<p>O menos que nada<\/p>\n\n\n\n<p>Qu\u00e9 m\u00e1s da<\/p>\n\n\n\n<p>Recuerda tu humanidad<\/p>\n\n\n\n<p>Nada eres,<\/p>\n\n\n\n<p>Nada ser\u00e1s<\/p>\n\n\n\n<p>No vivas la vida<\/p>\n\n\n\n<p>La vida te vivir\u00e1<\/p>\n\n\n\n<p>Te pondr\u00e1 un cauce estrecho<\/p>\n\n\n\n<p>Y por el transcurrir\u00e1s<\/p>\n\n\n\n<p>No mires al cielo eterno<\/p>\n\n\n\n<p>M\u00edrate en la oscuridad<\/p>\n\n\n\n<p>No mires el pasto tierno<\/p>\n\n\n\n<p>Sino el vac\u00edo yermo<\/p>\n\n\n\n<p>De tu soledad<\/p>\n\n\n\n<p>Rodeado de gente<\/p>\n\n\n\n<p>Enga\u00f1ado siempre<\/p>\n\n\n\n<p>Solo morir\u00e1s<\/p>\n\n\n\n<p>Rodeado de soledad<\/p>\n\n\n\n<p>Aunque lagrimas te acompa\u00f1en,<\/p>\n\n\n\n<p>Te vela, solo la soledad<\/p>\n\n\n\n<p>Desapareces,<\/p>\n\n\n\n<p>Ya eres nada,<\/p>\n\n\n\n<p>Nunca fuiste nada,<\/p>\n\n\n\n<p>Despareces en humo<\/p>\n\n\n\n<p>Nada queda ya.<strong><br><\/strong><\/p>\n<\/div><\/div>\n\n\n\n<p><\/p>\n","protected":false},"excerpt":{"rendered":"<p>El d\u00eda en que me mueras Todo seguir\u00e1 igual Amanecer\u00e1 La vida continuar\u00e1 Se olvid\u00f3 la infancia La pubertad Donde cre\u00edas Que el mundo parar\u00eda Si solo te ca\u00edas Ahora sabes, Que nada eres Que nada ser\u00e1s Que tu ausencia Significa Nada, nada m\u00e1s Que otra silla vac\u00eda En la mesa enorme Que significa Tu &hellip; <\/p>\n<p class=\"link-more\"><a href=\"https:\/\/pedrocasiano.es\/?page_id=6133\" class=\"more-link\">Leer m\u00e1s<span class=\"screen-reader-text\"> \u00abEl D\u00eda en que te Mueras\u00bb<\/span><\/a><\/p>\n","protected":false},"author":1,"featured_media":0,"parent":0,"menu_order":0,"comment_status":"closed","ping_status":"closed","template":"","meta":{"inspiro_hide_title":false,"footnotes":""},"class_list":["post-6133","page","type-page","status-publish","hentry"],"featured_media_urls":[],"_links":{"self":[{"href":"https:\/\/pedrocasiano.es\/index.php?rest_route=\/wp\/v2\/pages\/6133","targetHints":{"allow":["GET"]}}],"collection":[{"href":"https:\/\/pedrocasiano.es\/index.php?rest_route=\/wp\/v2\/pages"}],"about":[{"href":"https:\/\/pedrocasiano.es\/index.php?rest_route=\/wp\/v2\/types\/page"}],"author":[{"embeddable":true,"href":"https:\/\/pedrocasiano.es\/index.php?rest_route=\/wp\/v2\/users\/1"}],"replies":[{"embeddable":true,"href":"https:\/\/pedrocasiano.es\/index.php?rest_route=%2Fwp%2Fv2%2Fcomments&post=6133"}],"version-history":[{"count":3,"href":"https:\/\/pedrocasiano.es\/index.php?rest_route=\/wp\/v2\/pages\/6133\/revisions"}],"predecessor-version":[{"id":10320,"href":"https:\/\/pedrocasiano.es\/index.php?rest_route=\/wp\/v2\/pages\/6133\/revisions\/10320"}],"wp:attachment":[{"href":"https:\/\/pedrocasiano.es\/index.php?rest_route=%2Fwp%2Fv2%2Fmedia&parent=6133"}],"curies":[{"name":"wp","href":"https:\/\/api.w.org\/{rel}","templated":true}]}}