{"id":6129,"date":"2024-03-21T06:59:17","date_gmt":"2024-03-21T06:59:17","guid":{"rendered":"https:\/\/pedrocasiano.es\/?page_id=6129"},"modified":"2024-03-21T06:59:17","modified_gmt":"2024-03-21T06:59:17","slug":"dia-agonico","status":"publish","type":"page","link":"https:\/\/pedrocasiano.es\/?page_id=6129","title":{"rendered":"D\u00eda Ag\u00f3nico"},"content":{"rendered":"\n<div class=\"wp-block-media-text is-stacked-on-mobile is-vertically-aligned-top\" style=\"grid-template-columns:40% auto\"><figure class=\"wp-block-media-text__media\"><img decoding=\"async\" width=\"427\" height=\"640\" data-src=\"https:\/\/pedrocasiano.es\/wp-content\/uploads\/2024\/03\/ai-generated-8421410_1920peque.jpg\" alt=\"\" class=\"wp-image-6130 size-full lazyload\" src=\"data:image\/svg+xml;base64,PHN2ZyB3aWR0aD0iMSIgaGVpZ2h0PSIxIiB4bWxucz0iaHR0cDovL3d3dy53My5vcmcvMjAwMC9zdmciPjwvc3ZnPg==\" style=\"--smush-placeholder-width: 427px; --smush-placeholder-aspect-ratio: 427\/640;\" \/><\/figure><div class=\"wp-block-media-text__content\">\n<p>D\u00eda ag\u00f3nico de franca desolaci\u00f3n<\/p>\n\n\n\n<p>Los planetas se alinearon<\/p>\n\n\n\n<p>Crearon la maldici\u00f3n<\/p>\n\n\n\n<p>Y as\u00ed confluyeron y llevaron<\/p>\n\n\n\n<p>A la crisis de la estaci\u00f3n<\/p>\n\n\n\n<p>Infames dioses malvados<\/p>\n\n\n\n<p>Malditos h\u00e9roes erguidos<\/p>\n\n\n\n<p>Que no pudisteis luchar<\/p>\n\n\n\n<p>Contra esta malvada inquina<\/p>\n\n\n\n<p>Que a una pobre mujer<\/p>\n\n\n\n<p>En una olvidada esquina<\/p>\n\n\n\n<p>Del cielo vio caer,<\/p>\n\n\n\n<p>Una a una<\/p>\n\n\n\n<p>Como si fuera a la vez<\/p>\n\n\n\n<p>Sin poderlo prever<\/p>\n\n\n\n<p>Y sigue llorando en la esquina,<\/p>\n\n\n\n<p>Pues sabe, que a poco que torne<\/p>\n\n\n\n<p>Le volver\u00e1n a caer.<strong><br><\/strong><\/p>\n<\/div><\/div>\n","protected":false},"excerpt":{"rendered":"<p>D\u00eda ag\u00f3nico de franca desolaci\u00f3n Los planetas se alinearon Crearon la maldici\u00f3n Y as\u00ed confluyeron y llevaron A la crisis de la estaci\u00f3n Infames dioses malvados Malditos h\u00e9roes erguidos Que no pudisteis luchar Contra esta malvada inquina Que a una pobre mujer En una olvidada esquina Del cielo vio caer, Una a una Como si &hellip; <\/p>\n<p class=\"link-more\"><a href=\"https:\/\/pedrocasiano.es\/?page_id=6129\" class=\"more-link\">Leer m\u00e1s<span class=\"screen-reader-text\"> \u00abD\u00eda Ag\u00f3nico\u00bb<\/span><\/a><\/p>\n","protected":false},"author":1,"featured_media":0,"parent":0,"menu_order":0,"comment_status":"closed","ping_status":"closed","template":"","meta":{"inspiro_hide_title":false,"footnotes":""},"class_list":["post-6129","page","type-page","status-publish","hentry"],"featured_media_urls":[],"_links":{"self":[{"href":"https:\/\/pedrocasiano.es\/index.php?rest_route=\/wp\/v2\/pages\/6129","targetHints":{"allow":["GET"]}}],"collection":[{"href":"https:\/\/pedrocasiano.es\/index.php?rest_route=\/wp\/v2\/pages"}],"about":[{"href":"https:\/\/pedrocasiano.es\/index.php?rest_route=\/wp\/v2\/types\/page"}],"author":[{"embeddable":true,"href":"https:\/\/pedrocasiano.es\/index.php?rest_route=\/wp\/v2\/users\/1"}],"replies":[{"embeddable":true,"href":"https:\/\/pedrocasiano.es\/index.php?rest_route=%2Fwp%2Fv2%2Fcomments&post=6129"}],"version-history":[{"count":2,"href":"https:\/\/pedrocasiano.es\/index.php?rest_route=\/wp\/v2\/pages\/6129\/revisions"}],"predecessor-version":[{"id":10305,"href":"https:\/\/pedrocasiano.es\/index.php?rest_route=\/wp\/v2\/pages\/6129\/revisions\/10305"}],"wp:attachment":[{"href":"https:\/\/pedrocasiano.es\/index.php?rest_route=%2Fwp%2Fv2%2Fmedia&parent=6129"}],"curies":[{"name":"wp","href":"https:\/\/api.w.org\/{rel}","templated":true}]}}