{"id":6125,"date":"2024-03-21T06:56:17","date_gmt":"2024-03-21T06:56:17","guid":{"rendered":"https:\/\/pedrocasiano.es\/?page_id=6125"},"modified":"2024-03-21T06:56:18","modified_gmt":"2024-03-21T06:56:18","slug":"desde-la-atalaya","status":"publish","type":"page","link":"https:\/\/pedrocasiano.es\/?page_id=6125","title":{"rendered":"Desde La Atalaya"},"content":{"rendered":"\n<div class=\"wp-block-media-text is-stacked-on-mobile is-vertically-aligned-top\" style=\"grid-template-columns:43% auto\"><figure class=\"wp-block-media-text__media\"><img decoding=\"async\" width=\"427\" height=\"640\" data-src=\"https:\/\/pedrocasiano.es\/wp-content\/uploads\/2024\/03\/ai-generated-8139213_1920peque.jpg\" alt=\"\" class=\"wp-image-6126 size-full lazyload\" src=\"data:image\/svg+xml;base64,PHN2ZyB3aWR0aD0iMSIgaGVpZ2h0PSIxIiB4bWxucz0iaHR0cDovL3d3dy53My5vcmcvMjAwMC9zdmciPjwvc3ZnPg==\" style=\"--smush-placeholder-width: 427px; --smush-placeholder-aspect-ratio: 427\/640;\" \/><\/figure><div class=\"wp-block-media-text__content\">\n<p>Llega el verano, con el calor, la amenaza.<\/p>\n\n\n\n<p>Todo se pudre.<\/p>\n\n\n\n<p>Tengo miedo a morir en verano.<\/p>\n\n\n\n<p>El frio, conserva, mata, pero no huele lo muerto.<\/p>\n\n\n\n<p>El calor, no perdona, todo huele a podredumbre, a quemadura y muerte.<\/p>\n\n\n\n<p>Perros atropellados en la carretera, huidas en caravana.<\/p>\n\n\n\n<p>El sol se ceba.<\/p>\n\n\n\n<p>Como focas, varadas en la arena, se queman cuerpos fr\u00e1giles.<\/p>\n\n\n\n<p>Esculturas inanes, temporales y quebradizas.<\/p>\n\n\n\n<p>Cuerpos acabados, rufianes de grasa, de piel arrugada y contrita.<\/p>\n\n\n\n<p>Miles.<\/p>\n\n\n\n<p>Como si no fueran nada, asomados a la plata, como si fuera la fuente que todo lo cura.<\/p>\n\n\n\n<p>Y piensan, no estamos hechos para pensar.<\/p>\n\n\n\n<p>Hasta el m\u00e1s lerdo se da cuenta, del camino, del final.<\/p>\n\n\n\n<p>Y el miedo vuelve.<\/p>\n\n\n\n<p>El m\u00e1s fuerte, se da cuenta de su mortalidad.<\/p>\n\n\n\n<p>El d\u00e9bil lo sab\u00eda ya, pero ahora le atenaza como si no quisiera dejarlo escapar.<\/p>\n\n\n\n<p>Orgias de sexo, alcohol y tocino, como si la realidad no nos volviera a atrapar cuando volvamos&#8230; \u00bfa qu\u00e9 lugar?<\/p>\n\n\n\n<p>Cada uno a su nicho, a su soledad.<\/p>\n\n\n\n<p>Noches estrelladas, felicidad, \u00bfde qu\u00e9 te r\u00edes imb\u00e9cil?, \u00bfcrees que vas a escapar?<\/p>\n\n\n\n<p>Ma\u00f1ana, quiz\u00e1s no ma\u00f1ana, pero pronto, volver\u00e1s, te atrapar\u00e1 la rutina.<\/p>\n\n\n\n<p>Pobre hormiga, muerta laborando para una reina a la que nada le importa.<\/p>\n\n\n\n<p>Fuego fatuo, cuando desaparezcas, nada de ti quedara, desaparecer\u00e1s, solo eso, nada m\u00e1s.<strong><br><\/strong><\/p>\n<\/div><\/div>\n","protected":false},"excerpt":{"rendered":"<p>Llega el verano, con el calor, la amenaza. Todo se pudre. Tengo miedo a morir en verano. El frio, conserva, mata, pero no huele lo muerto. El calor, no perdona, todo huele a podredumbre, a quemadura y muerte. Perros atropellados en la carretera, huidas en caravana. El sol se ceba. Como focas, varadas en la &hellip; <\/p>\n<p class=\"link-more\"><a href=\"https:\/\/pedrocasiano.es\/?page_id=6125\" class=\"more-link\">Leer m\u00e1s<span class=\"screen-reader-text\"> \u00abDesde La Atalaya\u00bb<\/span><\/a><\/p>\n","protected":false},"author":1,"featured_media":0,"parent":0,"menu_order":0,"comment_status":"closed","ping_status":"closed","template":"","meta":{"inspiro_hide_title":false,"footnotes":""},"class_list":["post-6125","page","type-page","status-publish","hentry"],"featured_media_urls":[],"_links":{"self":[{"href":"https:\/\/pedrocasiano.es\/index.php?rest_route=\/wp\/v2\/pages\/6125","targetHints":{"allow":["GET"]}}],"collection":[{"href":"https:\/\/pedrocasiano.es\/index.php?rest_route=\/wp\/v2\/pages"}],"about":[{"href":"https:\/\/pedrocasiano.es\/index.php?rest_route=\/wp\/v2\/types\/page"}],"author":[{"embeddable":true,"href":"https:\/\/pedrocasiano.es\/index.php?rest_route=\/wp\/v2\/users\/1"}],"replies":[{"embeddable":true,"href":"https:\/\/pedrocasiano.es\/index.php?rest_route=%2Fwp%2Fv2%2Fcomments&post=6125"}],"version-history":[{"count":2,"href":"https:\/\/pedrocasiano.es\/index.php?rest_route=\/wp\/v2\/pages\/6125\/revisions"}],"predecessor-version":[{"id":10294,"href":"https:\/\/pedrocasiano.es\/index.php?rest_route=\/wp\/v2\/pages\/6125\/revisions\/10294"}],"wp:attachment":[{"href":"https:\/\/pedrocasiano.es\/index.php?rest_route=%2Fwp%2Fv2%2Fmedia&parent=6125"}],"curies":[{"name":"wp","href":"https:\/\/api.w.org\/{rel}","templated":true}]}}