{"id":6111,"date":"2024-03-21T06:45:20","date_gmt":"2024-03-21T06:45:20","guid":{"rendered":"https:\/\/pedrocasiano.es\/?page_id=6111"},"modified":"2024-03-21T06:45:21","modified_gmt":"2024-03-21T06:45:21","slug":"camine-por-el-camino-que-lleva-al-sur","status":"publish","type":"page","link":"https:\/\/pedrocasiano.es\/?page_id=6111","title":{"rendered":"Camin\u00e9 Por El Camino Que Lleva Al Sur"},"content":{"rendered":"\n<div class=\"wp-block-media-text is-stacked-on-mobile is-vertically-aligned-top\" style=\"grid-template-columns:42% auto\"><figure class=\"wp-block-media-text__media\"><img decoding=\"async\" width=\"359\" height=\"640\" data-src=\"https:\/\/pedrocasiano.es\/wp-content\/uploads\/2024\/03\/ai-generated-8131946_1920peque.jpg\" alt=\"\" class=\"wp-image-6112 size-full lazyload\" src=\"data:image\/svg+xml;base64,PHN2ZyB3aWR0aD0iMSIgaGVpZ2h0PSIxIiB4bWxucz0iaHR0cDovL3d3dy53My5vcmcvMjAwMC9zdmciPjwvc3ZnPg==\" style=\"--smush-placeholder-width: 359px; --smush-placeholder-aspect-ratio: 359\/640;\" \/><\/figure><div class=\"wp-block-media-text__content\">\n<p>Camin\u00e9 por el camino que lleva al sur<\/p>\n\n\n\n<p>Explor\u00e9 las fronteras del color de la piel<\/p>\n\n\n\n<p>Y mir\u00e9 sin esperanza el camino que queda por recorrer<\/p>\n\n\n\n<p>Nada se puede entregar, pues siempre es necesario<\/p>\n\n\n\n<p>Acabar\u00e1 siendo algo que rompa el ser solidario<\/p>\n\n\n\n<p>Hijos de hijos de hombres<\/p>\n\n\n\n<p>Perdidos de la inocencia<\/p>\n\n\n\n<p>Hijos de hijos, de hijos de puta<\/p>\n\n\n\n<p>Adormecidos, sin tener viva la conciencia<\/p>\n\n\n\n<p>Buitres de negros pelajes<\/p>\n\n\n\n<p>Meloncillo que asolan el monte<\/p>\n\n\n\n<p>Lobos que lazan aullidos m\u00e1s cerca, mas lejos del monte<\/p>\n\n\n\n<p>Nadie est\u00e1 salvo en su vida de las alima\u00f1as<\/p>\n\n\n\n<p>Del cerco continuo del calor, del temor de las brasas<\/p>\n\n\n\n<p>Qu\u00e9mate anciano perdido entre las azules llamas<\/p>\n\n\n\n<p>De un mechero bunsen en la memoria perdido<\/p>\n\n\n\n<p>Adi\u00f3s, amigos, hijos, esposa, se acab\u00f3 para m\u00ed el camino<\/p>\n\n\n\n<p>Ya no queda nada por enmendar ni tan siquiera ruillas de las que hay que tirar<\/p>\n\n\n\n<p>En pronto que me lo pida, morir\u00e9, se acab\u00f3 la vida<\/p>\n\n\n\n<p>Y no quiero ni una pena, ni siquiera despedida<\/p>\n\n\n\n<p>Adi\u00f3s a todos aquellos que me alegraron la vida<\/p>\n\n\n\n<p>Y un hasta pronto queridos, a todos los hijoputas<\/p>\n\n\n\n<p>Que convirtieron mi estancia, en esta puta tierra odiada<\/p>\n\n\n\n<p>En algo a\u00fan m\u00e1s triste de lo que se necesitaba.<strong><br><\/strong><\/p>\n<\/div><\/div>\n","protected":false},"excerpt":{"rendered":"<p>Camin\u00e9 por el camino que lleva al sur Explor\u00e9 las fronteras del color de la piel Y mir\u00e9 sin esperanza el camino que queda por recorrer Nada se puede entregar, pues siempre es necesario Acabar\u00e1 siendo algo que rompa el ser solidario Hijos de hijos de hombres Perdidos de la inocencia Hijos de hijos, de &hellip; <\/p>\n<p class=\"link-more\"><a href=\"https:\/\/pedrocasiano.es\/?page_id=6111\" class=\"more-link\">Leer m\u00e1s<span class=\"screen-reader-text\"> \u00abCamin\u00e9 Por El Camino Que Lleva Al Sur\u00bb<\/span><\/a><\/p>\n","protected":false},"author":1,"featured_media":0,"parent":0,"menu_order":0,"comment_status":"closed","ping_status":"closed","template":"","meta":{"inspiro_hide_title":false,"footnotes":""},"class_list":["post-6111","page","type-page","status-publish","hentry"],"featured_media_urls":[],"_links":{"self":[{"href":"https:\/\/pedrocasiano.es\/index.php?rest_route=\/wp\/v2\/pages\/6111","targetHints":{"allow":["GET"]}}],"collection":[{"href":"https:\/\/pedrocasiano.es\/index.php?rest_route=\/wp\/v2\/pages"}],"about":[{"href":"https:\/\/pedrocasiano.es\/index.php?rest_route=\/wp\/v2\/types\/page"}],"author":[{"embeddable":true,"href":"https:\/\/pedrocasiano.es\/index.php?rest_route=\/wp\/v2\/users\/1"}],"replies":[{"embeddable":true,"href":"https:\/\/pedrocasiano.es\/index.php?rest_route=%2Fwp%2Fv2%2Fcomments&post=6111"}],"version-history":[{"count":2,"href":"https:\/\/pedrocasiano.es\/index.php?rest_route=\/wp\/v2\/pages\/6111\/revisions"}],"predecessor-version":[{"id":10177,"href":"https:\/\/pedrocasiano.es\/index.php?rest_route=\/wp\/v2\/pages\/6111\/revisions\/10177"}],"wp:attachment":[{"href":"https:\/\/pedrocasiano.es\/index.php?rest_route=%2Fwp%2Fv2%2Fmedia&parent=6111"}],"curies":[{"name":"wp","href":"https:\/\/api.w.org\/{rel}","templated":true}]}}