{"id":6106,"date":"2024-03-21T06:42:41","date_gmt":"2024-03-21T06:42:41","guid":{"rendered":"https:\/\/pedrocasiano.es\/?page_id=6106"},"modified":"2024-03-21T06:42:41","modified_gmt":"2024-03-21T06:42:41","slug":"postrera-solucion-de-la-noche-perdida","status":"publish","type":"page","link":"https:\/\/pedrocasiano.es\/?page_id=6106","title":{"rendered":"Postrera Soluci\u00f3n De La Noche Perdida"},"content":{"rendered":"\n<div class=\"wp-block-media-text is-stacked-on-mobile is-vertically-aligned-top\" style=\"grid-template-columns:39% auto\"><figure class=\"wp-block-media-text__media\"><img decoding=\"async\" width=\"400\" height=\"600\" data-src=\"https:\/\/pedrocasiano.es\/wp-content\/uploads\/2024\/03\/man-8526264_1920peque.jpg\" alt=\"\" class=\"wp-image-6107 size-full lazyload\" src=\"data:image\/svg+xml;base64,PHN2ZyB3aWR0aD0iMSIgaGVpZ2h0PSIxIiB4bWxucz0iaHR0cDovL3d3dy53My5vcmcvMjAwMC9zdmciPjwvc3ZnPg==\" style=\"--smush-placeholder-width: 400px; --smush-placeholder-aspect-ratio: 400\/600;\" \/><\/figure><div class=\"wp-block-media-text__content\">\n<p>Aqu\u00ed, en la postrera soluci\u00f3n de la noche perdida<\/p>\n\n\n\n<p>Cuando los huesos su dolor olvidan<\/p>\n\n\n\n<p>Me veo cansado, triste, hastiado<\/p>\n\n\n\n<p>La vida soledad no concurrida<\/p>\n\n\n\n<p>Se aferra a mi como si ni hubiera<\/p>\n\n\n\n<p>M\u00e1s alma que la m\u00eda para tortura<\/p>\n\n\n\n<p>Callado sudor de la inercia<\/p>\n\n\n\n<p>Del pen\u00faltimo suspiro<\/p>\n\n\n\n<p>Pidiendo casi a gritos<\/p>\n\n\n\n<p>La muerte que calme el sufrir,<\/p>\n\n\n\n<p>Mis callados gritos<\/p>\n\n\n\n<p>Llamo a la muerte sin cesar<\/p>\n\n\n\n<p>Quiero morir y no me deja<\/p>\n\n\n\n<p>Casi me acompa\u00f1a<\/p>\n\n\n\n<p>Pero entrar no me deja<\/p>\n\n\n\n<p>Maldita huesuda, animaleja<\/p>\n\n\n\n<p>Que a los hombres les niegas el reposo<\/p>\n\n\n\n<p>Y a los seres sin alma<\/p>\n\n\n\n<p>Les das la calma<\/p>\n\n\n\n<p>Sin que en el momento<\/p>\n\n\n\n<p>Nos dejes continuar con el intento<\/p>\n\n\n\n<p>Cementerios separados nos han dado<\/p>\n\n\n\n<p>A los que no creemos ni en nosotros<\/p>\n\n\n\n<p>Apartados, alejados, intentando<\/p>\n\n\n\n<p>Por todo medio que no seamos recordados<\/p>\n\n\n\n<p>Malditos hermanos de palabra<\/p>\n\n\n\n<p>Que de acciones terroristas<\/p>\n\n\n\n<p>Nada dentro de humanos<\/p>\n\n\n\n<p>Dejadnos dejad este mundo<\/p>\n\n\n\n<p>Dejadnos que podamos<\/p>\n\n\n\n<p>Sin a nadie ofender<\/p>\n\n\n\n<p>Ni causar da\u00f1o<\/p>\n\n\n\n<p>Que pasemos a otro estado<\/p>\n\n\n\n<p>Aunque no exista nada<\/p>\n\n\n\n<p>Tras haberlo atravesado.<strong><br><\/strong><\/p>\n<\/div><\/div>\n","protected":false},"excerpt":{"rendered":"<p>Aqu\u00ed, en la postrera soluci\u00f3n de la noche perdida Cuando los huesos su dolor olvidan Me veo cansado, triste, hastiado La vida soledad no concurrida Se aferra a mi como si ni hubiera M\u00e1s alma que la m\u00eda para tortura Callado sudor de la inercia Del pen\u00faltimo suspiro Pidiendo casi a gritos La muerte que &hellip; <\/p>\n<p class=\"link-more\"><a href=\"https:\/\/pedrocasiano.es\/?page_id=6106\" class=\"more-link\">Leer m\u00e1s<span class=\"screen-reader-text\"> \u00abPostrera Soluci\u00f3n De La Noche Perdida\u00bb<\/span><\/a><\/p>\n","protected":false},"author":1,"featured_media":0,"parent":0,"menu_order":0,"comment_status":"closed","ping_status":"closed","template":"","meta":{"inspiro_hide_title":false,"footnotes":""},"class_list":["post-6106","page","type-page","status-publish","hentry"],"featured_media_urls":[],"_links":{"self":[{"href":"https:\/\/pedrocasiano.es\/index.php?rest_route=\/wp\/v2\/pages\/6106","targetHints":{"allow":["GET"]}}],"collection":[{"href":"https:\/\/pedrocasiano.es\/index.php?rest_route=\/wp\/v2\/pages"}],"about":[{"href":"https:\/\/pedrocasiano.es\/index.php?rest_route=\/wp\/v2\/types\/page"}],"author":[{"embeddable":true,"href":"https:\/\/pedrocasiano.es\/index.php?rest_route=\/wp\/v2\/users\/1"}],"replies":[{"embeddable":true,"href":"https:\/\/pedrocasiano.es\/index.php?rest_route=%2Fwp%2Fv2%2Fcomments&post=6106"}],"version-history":[{"count":2,"href":"https:\/\/pedrocasiano.es\/index.php?rest_route=\/wp\/v2\/pages\/6106\/revisions"}],"predecessor-version":[{"id":10150,"href":"https:\/\/pedrocasiano.es\/index.php?rest_route=\/wp\/v2\/pages\/6106\/revisions\/10150"}],"wp:attachment":[{"href":"https:\/\/pedrocasiano.es\/index.php?rest_route=%2Fwp%2Fv2%2Fmedia&parent=6106"}],"curies":[{"name":"wp","href":"https:\/\/api.w.org\/{rel}","templated":true}]}}