{"id":6096,"date":"2024-03-21T05:54:32","date_gmt":"2024-03-21T05:54:32","guid":{"rendered":"https:\/\/pedrocasiano.es\/?page_id=6096"},"modified":"2026-03-31T10:32:41","modified_gmt":"2026-03-31T08:32:41","slug":"poesia-etapa-viii","status":"publish","type":"page","link":"https:\/\/pedrocasiano.es\/?page_id=6096","title":{"rendered":"Primera"},"content":{"rendered":"\n<div class=\"wp-block-cover alignfull has-custom-content-position is-position-top-left\" style=\"min-height:639px;aspect-ratio:unset;\"><img decoding=\"async\" width=\"1024\" height=\"717\" class=\"wp-block-cover__image-background wp-image-6097 lazyload\" alt=\"\" data-src=\"https:\/\/pedrocasiano.es\/wp-content\/uploads\/2024\/03\/ai-generated-8208562cortadapeque.jpg\" data-object-fit=\"cover\" src=\"data:image\/svg+xml;base64,PHN2ZyB3aWR0aD0iMSIgaGVpZ2h0PSIxIiB4bWxucz0iaHR0cDovL3d3dy53My5vcmcvMjAwMC9zdmciPjwvc3ZnPg==\" style=\"--smush-placeholder-width: 1024px; --smush-placeholder-aspect-ratio: 1024\/717;\" \/><span aria-hidden=\"true\" class=\"wp-block-cover__background has-background-dim\"><\/span><div class=\"wp-block-cover__inner-container has-global-padding is-layout-constrained wp-block-cover-is-layout-constrained\">\n<ul class=\"wp-block-list\">\n<li><a href=\"https:\/\/pedrocasiano.es\/?p=10100\" data-type=\"post\" data-id=\"10100\" target=\"_blank\" rel=\"noreferrer noopener\">Al Sol del Verano (Rima)<\/a><\/li>\n\n\n\n<li><a href=\"https:\/\/pedrocasiano.es\/?p=10113\" data-type=\"post\" data-id=\"10113\" target=\"_blank\" rel=\"noreferrer noopener\">Alc\u00e9 la Vista al Cielo (Rima)<\/a><\/li>\n\n\n\n<li><a href=\"https:\/\/pedrocasiano.es\/?p=10118\" data-type=\"post\" data-id=\"10118\" target=\"_blank\" rel=\"noreferrer noopener\">Aliento de Mujer Cansada (Rima)<\/a><\/li>\n\n\n\n<li><a href=\"https:\/\/pedrocasiano.es\/?p=10121\" data-type=\"post\" data-id=\"10121\" target=\"_blank\" rel=\"noreferrer noopener\">Alondras vi el otro D\u00eda (Rima)<\/a><\/li>\n\n\n\n<li><a href=\"https:\/\/pedrocasiano.es\/?p=10130\" data-type=\"post\" data-id=\"10130\" target=\"_blank\" rel=\"noreferrer noopener\">Amanece en la Ciudad Muerta (Rima)<\/a><\/li>\n\n\n\n<li><a href=\"https:\/\/pedrocasiano.es\/?p=10134\" data-type=\"post\" data-id=\"10134\" target=\"_blank\" rel=\"noreferrer noopener\">Amanecen los D\u00edas (Rima)<\/a><\/li>\n\n\n\n<li><a href=\"https:\/\/pedrocasiano.es\/?p=10138\" data-type=\"post\" data-id=\"10138\" target=\"_blank\" rel=\"noreferrer noopener\">Amar\u00eda ser Solidario (Rima)<\/a><\/li>\n\n\n\n<li><a href=\"https:\/\/pedrocasiano.es\/?p=10142\" data-type=\"post\" data-id=\"10142\" target=\"_blank\" rel=\"noreferrer noopener\">Al Son de las Olas, entre las Ca\u00f1as (Rima)<\/a><\/li>\n\n\n\n<li><a href=\"https:\/\/pedrocasiano.es\/?p=10145\" data-type=\"post\" data-id=\"10145\" target=\"_blank\" rel=\"noreferrer noopener\">A\u00f1oranza (Rima)<\/a><\/li>\n\n\n\n<li><a href=\"https:\/\/pedrocasiano.es\/?p=10149\" data-type=\"post\" data-id=\"10149\" target=\"_blank\" rel=\"noreferrer noopener\">Postrera Soluci\u00f3n De La Noche Perdida (Rima)<\/a><\/li>\n\n\n\n<li><a href=\"https:\/\/pedrocasiano.es\/?p=10153\" data-type=\"post\" data-id=\"10153\" target=\"_blank\" rel=\"noreferrer noopener\">Bajo el Sol de Est\u00edo (Rima)<\/a><\/li>\n\n\n\n<li><a href=\"https:\/\/pedrocasiano.es\/?p=10157\" data-type=\"post\" data-id=\"10157\" target=\"_blank\" rel=\"noreferrer noopener\">Bajo la lluvia (Rima)<\/a><\/li>\n\n\n\n<li><a href=\"https:\/\/pedrocasiano.es\/?p=10162\" data-type=\"post\" data-id=\"10162\" target=\"_blank\" rel=\"noreferrer noopener\">Callados, Sin Referencia (Rima)<\/a><\/li>\n\n\n\n<li><a href=\"https:\/\/pedrocasiano.es\/?p=10166\" data-type=\"post\" data-id=\"10166\" target=\"_blank\" rel=\"noreferrer noopener\">Callejas que Esperan la Primavera (Rima)<\/a><\/li>\n\n\n\n<li><a href=\"https:\/\/pedrocasiano.es\/?p=10171\" target=\"_blank\" rel=\"noreferrer noopener\">Camin\u00e9 de Nuevo por los Viejos Lugares (Rima)<\/a><\/li>\n\n\n\n<li><a href=\"https:\/\/pedrocasiano.es\/?p=10175\" data-type=\"post\" data-id=\"10175\" target=\"_blank\" rel=\"noreferrer noopener\">Camin\u00e9 Por El Camino Que Lleva Al Sur (Rima)<\/a><\/li>\n\n\n\n<li><a href=\"https:\/\/pedrocasiano.es\/?p=10240\" data-type=\"post\" data-id=\"10240\" target=\"_blank\" rel=\"noreferrer noopener\">Cansado, Ah\u00edto de Vida (Rima)<\/a><\/li>\n\n\n\n<li><a href=\"https:\/\/pedrocasiano.es\/?p=10244\" data-type=\"post\" data-id=\"10244\" target=\"_blank\" rel=\"noreferrer noopener\">C\u00f3rdoba (Rima)<\/a><\/li>\n\n\n\n<li><a href=\"https:\/\/pedrocasiano.es\/?p=10249\" data-type=\"post\" data-id=\"10249\" target=\"_blank\" rel=\"noreferrer noopener\">\u00bfCu\u00e1ndo Perdimos la Primogenitura? (Rima)<\/a><\/li>\n\n\n\n<li><a href=\"https:\/\/pedrocasiano.es\/?p=10252\" data-type=\"post\" data-id=\"10252\" target=\"_blank\" rel=\"noreferrer noopener\">\u00bfCu\u00e1ndo Se Trat\u00f3 De Vida? (Rima)<\/a><\/li>\n\n\n\n<li><a href=\"https:\/\/pedrocasiano.es\/?p=10256\" data-type=\"post\" data-id=\"10256\" target=\"_blank\" rel=\"noreferrer noopener\">Cuando te Conoc\u00ed. (Rima)<\/a><\/li>\n<\/ul>\n\n\n\n<p><strong>Todos los Derechos Reservados<\/strong><\/p>\n\n\n\n<p><strong>\u201cEstas novelas, publicaciones y dem\u00e1s, son obras de ficci\u00f3n. Los nombres, personajes, lugares e incidentes son producto de la imaginaci\u00f3n del autor o son utilizados de manera ficticia. Cualquier parecido con personas, vivas o muertas, o sucesos reales es pura coincidencia.\u201d<\/strong><\/p>\n<\/div><\/div>\n","protected":false},"excerpt":{"rendered":"","protected":false},"author":1,"featured_media":0,"parent":0,"menu_order":0,"comment_status":"closed","ping_status":"closed","template":"","meta":{"inspiro_hide_title":false,"footnotes":""},"class_list":["post-6096","page","type-page","status-publish","hentry"],"featured_media_urls":[],"_links":{"self":[{"href":"https:\/\/pedrocasiano.es\/index.php?rest_route=\/wp\/v2\/pages\/6096","targetHints":{"allow":["GET"]}}],"collection":[{"href":"https:\/\/pedrocasiano.es\/index.php?rest_route=\/wp\/v2\/pages"}],"about":[{"href":"https:\/\/pedrocasiano.es\/index.php?rest_route=\/wp\/v2\/types\/page"}],"author":[{"embeddable":true,"href":"https:\/\/pedrocasiano.es\/index.php?rest_route=\/wp\/v2\/users\/1"}],"replies":[{"embeddable":true,"href":"https:\/\/pedrocasiano.es\/index.php?rest_route=%2Fwp%2Fv2%2Fcomments&post=6096"}],"version-history":[{"count":28,"href":"https:\/\/pedrocasiano.es\/index.php?rest_route=\/wp\/v2\/pages\/6096\/revisions"}],"predecessor-version":[{"id":16445,"href":"https:\/\/pedrocasiano.es\/index.php?rest_route=\/wp\/v2\/pages\/6096\/revisions\/16445"}],"wp:attachment":[{"href":"https:\/\/pedrocasiano.es\/index.php?rest_route=%2Fwp%2Fv2%2Fmedia&parent=6096"}],"curies":[{"name":"wp","href":"https:\/\/api.w.org\/{rel}","templated":true}]}}