{"id":5995,"date":"2024-03-15T07:15:03","date_gmt":"2024-03-15T07:15:03","guid":{"rendered":"https:\/\/pedrocasiano.es\/?page_id=5995"},"modified":"2024-12-03T06:55:12","modified_gmt":"2024-12-03T06:55:12","slug":"1885-el-pregonero-al-final-el-principio","status":"publish","type":"page","link":"https:\/\/pedrocasiano.es\/?page_id=5995","title":{"rendered":"1985. El Pregonero. Al Final el Principio"},"content":{"rendered":"\n<figure class=\"wp-block-image alignleft size-full is-resized\"><img decoding=\"async\" width=\"640\" height=\"360\" data-src=\"https:\/\/pedrocasiano.es\/wp-content\/uploads\/2024\/03\/ai-generated-8631492peque.jpg\" alt=\"\" class=\"wp-image-5996 lazyload\" style=\"--smush-placeholder-width: 640px; --smush-placeholder-aspect-ratio: 640\/360;width:565px;height:auto\" src=\"data:image\/svg+xml;base64,PHN2ZyB3aWR0aD0iMSIgaGVpZ2h0PSIxIiB4bWxucz0iaHR0cDovL3d3dy53My5vcmcvMjAwMC9zdmciPjwvc3ZnPg==\" \/><\/figure>\n\n\n\n<p>Uno de los relatos publicados en el Pregonero, el semanario del Ayuntamiento de C\u00f3rdoba, en el que colabor\u00e9, a pesar de muchos, durante un tiempo.<\/p>\n\n\n\n<p>Es grande el lapso pasado, espero que, a pesar de la a\u00f1ada, sea de su agrado.<\/p>\n\n\n\n<p><strong>Pregonero (26) 1985-feb-01<\/strong><\/p>\n\n\n\n<p><strong>Al Final el Principio<\/strong><\/p>\n\n\n\n<p>-Muy buenos d\u00edas, vengo a cobrar el impuesto de apareamiento, son cuatro millones de pesetas, o cuarenta neopesetas, puede hacerlo efectivo ahora mismo, o si no tiene cambio, en cualquiera de las sucursales del Ministerio de Recursos Naturales.<\/p>\n\n\n\n<p>&#8211; No, no se preocupe, tengo suelto.<\/p>\n\n\n\n<p>-Pues muy bien, aqu\u00ed tiene su factura, y recuerde que desgrava de sus impuestos.<\/p>\n\n\n\n<p>&#8211; Gracias, no lo olvidar\u00e9.<\/p>\n\n\n\n<p>&nbsp;&nbsp;&nbsp;&nbsp;&nbsp;&nbsp;&nbsp;&nbsp;&nbsp;&nbsp; Antonio vio como el cobrador de impuestos, con una sonrisa, volv\u00eda a introducirse en el espaciador corporal.<\/p>\n\n\n\n<p>&nbsp;&nbsp;&nbsp;&nbsp;&nbsp;&nbsp;&nbsp;&nbsp;&nbsp;&nbsp; Volvi\u00f3 a echarse en la cama, y en el mismo momento son\u00f3 un agudo pitido, seguido de estas palabras:<\/p>\n\n\n\n<p>-Don Antonio, son las seis de la ma\u00f1ana, tiene dos minutos para desalojar la cama, en los dos siguientes tendr\u00e1 preparado el desayuno, en caso contrario, la cama se contraer\u00e1, pudiendo producirle graves da\u00f1os f\u00edsicos si continua en la misma.<\/p>\n\n\n\n<p>&nbsp;&nbsp;&nbsp;&nbsp;&nbsp;&nbsp;&nbsp;&nbsp;&nbsp;&nbsp; Con un gesto de hast\u00edo, Antonio sali\u00f3 de la cama y comenz\u00f3 a vestirse.<\/p>\n\n\n\n<p>-Buenos d\u00edas, Don Antonio, soy el programador diario, -coment\u00f3 la voz-, gran cantidad de mortandad en amplias zonas del Sudeste Asi\u00e1tico, debido a la explosi\u00f3n de varias unidades de misiles at\u00f3micos. Tensi\u00f3n en aumento entre el Bloque Boreal y el Bloque Sur. Importante victoria de nuestras fuerzas en el \u00c1frica Oriental, al esparcir el virus de la peste negra, se calculan los resultados en doscientos cincuenta millones de muertos, aunque fuentes cercanas al Ministerio de Defensa niegan que esta cifra alcance m\u00e1s de los doscientos millones. Hoy ha desaparecido la especie conocida como Equus Equus, el \u00faltimo ejemplar que se encontraba en la colecci\u00f3n del millonario Sr. Van Ripple, ha fallecido v\u00edctima de unas fiebres desconocidas, no obstante, cincuenta y dos litros de semen del citado animal se encuentran en el Museo de Ciencias Naturales, con lo que se conf\u00eda en que pr\u00f3ximamente se pueda volver a poner en funcionamiento dicha especie, debidamente genetizada como es norma. Nos despedimos hasta que usted vuelva del trabajo en el Centro de Seguimiento y Control de la Traici\u00f3n.<\/p>\n\n\n\n<p>-Muy buenos d\u00edas. Le dejamos con la sinton\u00eda de siempre y a cualquier precio venceremos.<\/p>\n\n\n\n<p>&nbsp;&nbsp;&nbsp;&nbsp;&nbsp;&nbsp;&nbsp;&nbsp;&nbsp;&nbsp; En la pantalla aparecieron alguien, \u201choy es el 22 del mes de la fuerza, del a\u00f1o 136 D.V. (Despu\u00e9s de la Victoria), son las seis y dos minutos de la ma\u00f1ana, luce el sol, y s\u00f3lo una ligera neblina de poluci\u00f3n cubre este di\u00e1fano d\u00eda, la humedad ambiental es del 324 por ciento, su trabajo es el habitual, y no hay nada preparado para variar el r\u00e9gimen de comidas, por lo cual le rogamos ojee el men\u00fa n\u00famero 147. Gracias\u201d<\/p>\n\n\n\n<p>&nbsp;&nbsp;&nbsp;&nbsp;&nbsp;&nbsp;&nbsp;&nbsp;&nbsp;&nbsp; \u201cAhora, si lo permite, voy a continuar con el Bolet\u00edn de Noticias Mundial.<\/p>\n\n\n\n<p>&nbsp;&nbsp;&nbsp;&nbsp;&nbsp;&nbsp;&nbsp;&nbsp;&nbsp;&nbsp; Contin\u00faa la escalada b\u00e9lica, hoy han tenido que ser desalojadas chicas desnudas cantando la canci\u00f3n referida y anunciando el nombre de una conocida marca de c\u00f3pulas.<\/p>\n\n\n\n<p>\u00a0\u00a0\u00a0\u00a0\u00a0\u00a0\u00a0\u00a0\u00a0\u00a0 Antonio les ech\u00f3 una mirada sin inter\u00e9s y cogi\u00f3 el vaso de leche uperizada y descremada que le ofrec\u00eda la blanca e higi\u00e9nica m\u00e1quina de desayunos. Con la mente en blanco dej\u00f3 caer el cuerpo hasta apoyarse en la blanca pared, su mente se vio completa de im\u00e1genes fr\u00edas y grises.<\/p>\n\n\n\n<p>&nbsp;&nbsp;&nbsp;&nbsp;&nbsp;&nbsp;&nbsp;&nbsp;&nbsp;&nbsp; No comprendi\u00f3 como pod\u00eda despertarse otra vez a un sue\u00f1o que odiaba tanto. Un agudo silbido, y oy\u00f3 una voz tersa y arrulladora que le recordaba que el trabajo comenzaba dentro de diez minutos, y le comentaba en tono impersonal que, si no quer\u00eda perder los beneficios otorgados por ser un funcionario modelo, deb\u00eda de darse prisa para no apuntar en su expediente una mala nota.<\/p>\n\n\n\n<p>&nbsp;&nbsp;&nbsp;&nbsp;&nbsp;&nbsp;&nbsp;&nbsp;&nbsp;&nbsp; Le dieron ganas de llamar al Departamento de Suicidios y dejar n\u00famero, el 3452 KKNT, y acabar de una vez, pero no era soluci\u00f3n, mejor era la inercia, si los llamaba, y en el \u00faltimo momento se arrepent\u00eda, perder\u00eda el derecho a ser funcionario, y al final lo considerar\u00edan un asocial, con lo que acabar\u00edan suicid\u00e1ndolo despu\u00e9s de un informe del Centro de Seguimiento y Control de la Traici\u00f3n.<\/p>\n\n\n\n<p>&nbsp;&nbsp;&nbsp;&nbsp;&nbsp;&nbsp;&nbsp;&nbsp;&nbsp;&nbsp; Como flotando, se introdujo en el terracar que le llevar\u00eda directamente a los s\u00f3tanos de las Oficinas de Control, en la Avenida Gran Capit\u00e1n, \u00bfAvenida?, pens\u00f3, \u00bfqu\u00e9 significar\u00eda esa palabra? en alg\u00fan otro tiempo, quiz\u00e1s fuera el nombre de una m\u00e1quina, o de alg\u00fan h\u00e9roe, pero \u00bfcu\u00e1ndo y qui\u00e9n?, de todas maneras, no importaba, abri\u00f3 el portafolios y de un bote verde sac\u00f3 dos pastillas relajantes que se introdujo en la boca, subi\u00f3 en el ascensor a la decimoctava planta del Centro, y con calma se sent\u00f3 en el sill\u00f3n de su despacho, se desaboton\u00f3 el pecho y se coloc\u00f3 los dos electrodos, uno en la cabeza y otro en la tetilla izquierda, comenz\u00f3 a teclear.<\/p>\n\n\n\n<p>-DISPUESTO PARA PRUEBA RUTINA A.<\/p>\n\n\n\n<p>&nbsp;&nbsp;&nbsp;&nbsp;&nbsp;&nbsp;&nbsp;&nbsp;&nbsp;&nbsp; Inmediatamente la m\u00e1quina comenz\u00f3 a lanzar rugidos, improperios, todos contra su persona, poniendo en duda su hombr\u00eda, sus ascendientes, despu\u00e9s continu\u00f3 denostando al Gobierno, as\u00ed durante quince eternos minutos.<\/p>\n\n\n\n<p>&nbsp;&nbsp;&nbsp;&nbsp;&nbsp;&nbsp;&nbsp;&nbsp;&nbsp;&nbsp; M\u00e1s tarde apareci\u00f3 en la pantalla:<\/p>\n\n\n\n<p>&nbsp;&nbsp;&nbsp;&nbsp;&nbsp;&nbsp;&nbsp;&nbsp;&nbsp;&nbsp; FINAL PRUEBA. SIGA INSTRUCCIONES EN EL CASO DE QUE NO FUERAN LAS HABITUALES.<\/p>\n\n\n\n<p>&nbsp;&nbsp;&nbsp;&nbsp;&nbsp;&nbsp;&nbsp;&nbsp;&nbsp;&nbsp; Al momento apareci\u00f3 sobre la consola un diagrama en el cual se reflejaba la tensi\u00f3n de Antonio, sus niveles, y al final una recomendaci\u00f3n.<\/p>\n\n\n\n<p>LA TENSION HA SUBIDO DOS PUNTOS. DUPLIQUE LA DOSIS DE SEDANTES.<\/p>\n\n\n\n<p>COPULE DURANTE UNA SEMANA DIARIAMENTE. GRACIAS.<\/p>\n\n\n\n<p>&nbsp;&nbsp;&nbsp;&nbsp;&nbsp;&nbsp;&nbsp;&nbsp;&nbsp;&nbsp; Al final, siempre el mismo consejo, todo se arregla con la misma soluci\u00f3n, demasiado f\u00e1cil, pens\u00f3 Antonio, no pueden solucionarse todos los problemas con solo pastillas y mu\u00f1equitas, pero as\u00ed parec\u00eda.<\/p>\n\n\n\n<p>&nbsp;&nbsp;&nbsp;&nbsp;&nbsp;&nbsp;&nbsp;&nbsp;&nbsp;&nbsp; Anodinamente prosigui\u00f3 con su trabajo rutinario, sujetos asociales, individualistas, genetistas, sectarios, y dem\u00e1s gentuza, \u00bfo no era gentuza?, mejor no cuestionarlo, era peligroso.<\/p>\n\n\n\n<p>&nbsp;&nbsp;&nbsp;&nbsp;&nbsp;&nbsp;&nbsp;&nbsp;&nbsp;&nbsp; El tener en una mano la soluci\u00f3n de una vida planteaba a veces cuestiones similares, pero a fin de cuentas eran n\u00fameros, y \u00e9l s\u00f3lo eliminaba n\u00fameros.<\/p>\n\n\n\n<p>&nbsp;&nbsp;&nbsp;&nbsp;&nbsp;&nbsp;&nbsp;&nbsp;&nbsp;&nbsp; Tecle\u00f3 sobre la consola.<\/p>\n\n\n\n<p>DOSSIER 136 &#8211; 1. N\u00b7 3425 LJNT.<\/p>\n\n\n\n<p>BLANCO.<\/p>\n\n\n\n<p>TREINTA Y DOS A\u00d1OS.<\/p>\n\n\n\n<p>TIPO CAUCASIANO<\/p>\n\n\n\n<p>MORENO.<\/p>\n\n\n\n<p>DOS MATRIMONIOS.<\/p>\n\n\n\n<p>&nbsp;&nbsp;&nbsp;&nbsp;&nbsp;&nbsp;&nbsp;&nbsp;&nbsp;&nbsp; Malo, pens\u00f3 instintivamente, apegado a las viejas costumbres.<\/p>\n\n\n\n<p>VETERANO DE GUERRA.<\/p>\n\n\n\n<p>DOS CITACIONES Y UNA MEDALLA.<\/p>\n\n\n\n<p>INVESTIGADO EN CINCO OCASIONES.<\/p>\n\n\n\n<p>CODIGO AZUL COMO MAXIMO.<\/p>\n\n\n\n<p>&nbsp;&nbsp;&nbsp;&nbsp;&nbsp;&nbsp;&nbsp;&nbsp;&nbsp;&nbsp; Si hubiera sido c\u00f3digo negro en alguna anterior ocasi\u00f3n, habr\u00eda sido eliminado.<\/p>\n\n\n\n<p>DETENIDO POR REALIZAR ACTOS SEXUALES CON UNA PERSONA NO PROGRAMADA COMO COPULADORA.<\/p>\n\n\n\n<p>&nbsp;&nbsp;&nbsp;&nbsp;&nbsp;&nbsp;&nbsp;&nbsp;&nbsp;&nbsp; Eso tendr\u00eda que ser fascinante.<\/p>\n\n\n\n<p>DETENIDO POR MANIFESTACION CONTRA LA MATANZA DE WIL DION.<\/p>\n\n\n\n<p>&nbsp;&nbsp;&nbsp;&nbsp;&nbsp;&nbsp;&nbsp;&nbsp;&nbsp;&nbsp; Yo tambi\u00e9n me hubiera manifestado si hubiera tenido agallas.<\/p>\n\n\n\n<p>CINCO A\u00d1OS DE CONDENA EN LA PRIMERA OCASION Y CUARENTA<\/p>\n\n\n\n<p>EN LA SEGUNDA, CONMUTADA POR ALISTAMIENTO EN BATALLON DE ROBOTS ASESINOS.<\/p>\n\n\n\n<p>ULTIMA ACTIVIDAD, ADOCTRINAMIENTO CRIMINAL A ALUMNOS DE LA UNIVERSIDAD.<\/p>\n\n\n\n<p>&nbsp;&nbsp;&nbsp;&nbsp;&nbsp;&nbsp;&nbsp;&nbsp;&nbsp;&nbsp; La m\u00e1quina se apag\u00f3 por un momento, y al instante siguiente apareci\u00f3 sobre la pantalla una rutinaria y triste pregunta.<\/p>\n\n\n\n<p>\u00bfPROGRAMACION DE CODIGO?<\/p>\n\n\n\n<p>&nbsp;&nbsp;&nbsp;&nbsp;&nbsp;&nbsp;&nbsp;&nbsp;&nbsp;&nbsp; Esta vez, como en la mayor\u00eda de las ocasiones, la respuesta fue instintiva.<\/p>\n\n\n\n<p>NEGRO, ELlMINACI\u00d3N.<\/p>\n\n\n\n<p>&nbsp;&nbsp;&nbsp;&nbsp;&nbsp;&nbsp;&nbsp;&nbsp;&nbsp;&nbsp; Una y otra vez, una y otra vez, siempre lo mismo, al llegar a este departamento, pocos eran los afortunados que escapaban con un C\u00f3digo marr\u00f3n o azul, la mayor\u00eda eran eliminados sin ning\u00fan tipo de revisi\u00f3n formal, eran castigados como delincuentes en flagrante delito, la inapelable justicia del sistema, que no conoc\u00eda piedad para los enemigos del r\u00e9gimen.<\/p>\n\n\n\n<p>&nbsp;&nbsp;&nbsp;&nbsp;&nbsp;&nbsp;&nbsp;&nbsp;&nbsp;&nbsp; Por fin termin\u00f3 el trabajo, vuelta a casa, doscientos veinte expedientes m\u00e1s que hab\u00eda resuelto eficientemente, como si no fuera con \u00e9l, todo aqu\u00ed era tan f\u00e1cil.<\/p>\n\n\n\n<p>&nbsp;&nbsp;&nbsp;&nbsp;&nbsp;&nbsp;&nbsp;&nbsp;&nbsp;&nbsp; Durante quince a\u00f1os, nunca hab\u00eda tenido la m\u00e1s m\u00ednima duda ni cuestionamiento sobre las bases del sistema, y ahora, \u00bfpor qu\u00e9? Quiz\u00e1s ser\u00eda senilidad, a los treinta y cinco a\u00f1os, en esta sociedad, se est\u00e1 quemado, o por lo menos en este momento \u00e9l lo pensaba as\u00ed, pero no era f\u00e1cil ni dif\u00edcil, hab\u00eda nacido y vivido siempre aqu\u00ed, nunca conoci\u00f3 otra cosa, ni nunca la conocer\u00eda.<\/p>\n\n\n\n<p>&nbsp;&nbsp;&nbsp;&nbsp;&nbsp;&nbsp;&nbsp;&nbsp;&nbsp;&nbsp; Hoy se acostar\u00eda temprano, estaba cansado, realmente cansado, programar\u00eda todas las m\u00e1quinas para que le despertaran un poco antes, s\u00ed, se acostar\u00eda temprano, se ech\u00f3 en la cama, y sin saber por qu\u00e9, la cabeza empez\u00f3 a darle vueltas, sin duda era la depresi\u00f3n que le hab\u00eda estado rondando todo el d\u00eda, la que intentaba apoderarse de \u00e9l.<\/p>\n\n\n\n<p>&nbsp;&nbsp;&nbsp;&nbsp;&nbsp;&nbsp;&nbsp;&nbsp;&nbsp;&nbsp; Tranquilamente, abri\u00f3 la c\u00f3moda y del interior sac\u00f3 un bote blanco, \u00bfo era azul?, de las p\u00edldoras antidepresivas, sac\u00f3 dos de ellas, pero lo pens\u00f3 mejor y en las manos deposit\u00f3 un n\u00famero cuatro veces mayor de c\u00e1psulas, de todas maneras, no importaba, as\u00ed se evitar\u00eda el tener que tomar despu\u00e9s otras cuantas pastillas para dormir.<\/p>\n\n\n\n<p>&nbsp;&nbsp;&nbsp;&nbsp;&nbsp;&nbsp;&nbsp;&nbsp;&nbsp;&nbsp; Pero los fantasmas no se marchaban, todo era gris, y cada vez m\u00e1s negro, se asust\u00f3, pens\u00f3 en llamar a que le mandaran una copuladora, siguiendo los consejos de la m\u00e1quina, pero no pod\u00eda despegar una mano de la otra.<\/p>\n\n\n\n<p>&nbsp;&nbsp;&nbsp;&nbsp;&nbsp;&nbsp;&nbsp;&nbsp;&nbsp;&nbsp; Con esfuerzo lo intent\u00f3 una y otra vez, pero el cuerpo parec\u00eda no responderle, por fin, poco a poco, fue venciendo la inercia que hac\u00eda que las manos se mantuvieran entrelazadas, pero al marcar s\u00f3lo daba un n\u00famero.<\/p>\n\n\n\n<p>&nbsp;&nbsp;&nbsp;&nbsp;&nbsp;&nbsp;&nbsp;&nbsp;&nbsp;&nbsp; Al acercar el o\u00eddo al auricular, oy\u00f3 una voz que le dec\u00eda casi t\u00edmidamente:<\/p>\n\n\n\n<p>-Departamento de Suicidios, por favor, su n\u00famero de identificaci\u00f3n, y, no se preocupe de m\u00e1s nada&#8230;<\/p>\n\n\n\n<p>&nbsp;&nbsp;&nbsp;&nbsp;&nbsp;&nbsp;&nbsp;&nbsp;&nbsp;&nbsp; Antonio, oy\u00f3, como otra persona que hablaba con su voz, dec\u00eda: 452 KKNT.<\/p>\n\n\n\n<p><strong>Pedro GONZALEZ<\/strong><\/p>\n","protected":false},"excerpt":{"rendered":"<p>Uno de los relatos publicados en el Pregonero, el semanario del Ayuntamiento de C\u00f3rdoba, en el que colabor\u00e9, a pesar de muchos, durante un tiempo. Es grande el lapso pasado, espero que, a pesar de la a\u00f1ada, sea de su agrado. Pregonero (26) 1985-feb-01 Al Final el Principio -Muy buenos d\u00edas, vengo a cobrar el &hellip; <\/p>\n<p class=\"link-more\"><a href=\"https:\/\/pedrocasiano.es\/?page_id=5995\" class=\"more-link\">Leer m\u00e1s<span class=\"screen-reader-text\"> \u00ab1985. El Pregonero. Al Final el Principio\u00bb<\/span><\/a><\/p>\n","protected":false},"author":1,"featured_media":0,"parent":0,"menu_order":0,"comment_status":"closed","ping_status":"closed","template":"","meta":{"inspiro_hide_title":false,"footnotes":""},"class_list":["post-5995","page","type-page","status-publish","hentry"],"featured_media_urls":[],"_links":{"self":[{"href":"https:\/\/pedrocasiano.es\/index.php?rest_route=\/wp\/v2\/pages\/5995","targetHints":{"allow":["GET"]}}],"collection":[{"href":"https:\/\/pedrocasiano.es\/index.php?rest_route=\/wp\/v2\/pages"}],"about":[{"href":"https:\/\/pedrocasiano.es\/index.php?rest_route=\/wp\/v2\/types\/page"}],"author":[{"embeddable":true,"href":"https:\/\/pedrocasiano.es\/index.php?rest_route=\/wp\/v2\/users\/1"}],"replies":[{"embeddable":true,"href":"https:\/\/pedrocasiano.es\/index.php?rest_route=%2Fwp%2Fv2%2Fcomments&post=5995"}],"version-history":[{"count":4,"href":"https:\/\/pedrocasiano.es\/index.php?rest_route=\/wp\/v2\/pages\/5995\/revisions"}],"predecessor-version":[{"id":12003,"href":"https:\/\/pedrocasiano.es\/index.php?rest_route=\/wp\/v2\/pages\/5995\/revisions\/12003"}],"wp:attachment":[{"href":"https:\/\/pedrocasiano.es\/index.php?rest_route=%2Fwp%2Fv2%2Fmedia&parent=5995"}],"curies":[{"name":"wp","href":"https:\/\/api.w.org\/{rel}","templated":true}]}}