{"id":5988,"date":"2024-03-14T08:03:25","date_gmt":"2024-03-14T08:03:25","guid":{"rendered":"https:\/\/pedrocasiano.es\/?page_id=5988"},"modified":"2024-03-17T08:12:08","modified_gmt":"2024-03-17T08:12:08","slug":"la-semana-casi-termina","status":"publish","type":"page","link":"https:\/\/pedrocasiano.es\/?page_id=5988","title":{"rendered":"La Semana casi Termina"},"content":{"rendered":"\n<figure class=\"wp-block-image alignleft size-full\"><img decoding=\"async\" width=\"359\" height=\"640\" data-src=\"https:\/\/pedrocasiano.es\/wp-content\/uploads\/2024\/03\/ai-generated-8614998peque.jpg\" alt=\"\" class=\"wp-image-5989 lazyload\" src=\"data:image\/svg+xml;base64,PHN2ZyB3aWR0aD0iMSIgaGVpZ2h0PSIxIiB4bWxucz0iaHR0cDovL3d3dy53My5vcmcvMjAwMC9zdmciPjwvc3ZnPg==\" style=\"--smush-placeholder-width: 359px; --smush-placeholder-aspect-ratio: 359\/640;\" \/><\/figure>\n\n\n\n<p>&nbsp;&nbsp;&nbsp;&nbsp;&nbsp;&nbsp;&nbsp;&nbsp;&nbsp;&nbsp;&nbsp;&nbsp; Hoy es jueves, la semana casi termina, aunque parece que nunca llega a hacerlo, como si fuera la zanahoria para el burro, inalcanzable.<\/p>\n\n\n\n<p>&nbsp;&nbsp;&nbsp;&nbsp;&nbsp;&nbsp;&nbsp;&nbsp;&nbsp;&nbsp;&nbsp;&nbsp; Estoy cansado, \u00bfde qu\u00e9?, de todo, del trabajo, de las compa\u00f1\u00edas, de las noches que salgo, de las que me quedo en casa, de los amigos, de los enemigos, de todo, \u00bfQu\u00e9 es lo que busco, que es lo que me har\u00eda estar bien?, ni idea, solo s\u00e9 que lo que tengo me hast\u00eda, me decepciona.<\/p>\n\n\n\n<p>&nbsp;&nbsp;&nbsp;&nbsp;&nbsp;&nbsp;&nbsp;&nbsp;&nbsp;&nbsp;&nbsp;&nbsp; Supongo que son cosas de la cabeza, todo va bien, la vida, seg\u00fan los dem\u00e1s, me va bien, o eso creen ellos, y siempre me lo dicen con esa sonrisa falsa, que ya nos ense\u00f1an apenas empezamos a mamar, y los miras y no ves nada, porque nada hay que ver.<\/p>\n\n\n\n<p>&nbsp;&nbsp;&nbsp;&nbsp;&nbsp;&nbsp;&nbsp;&nbsp;&nbsp;&nbsp;&nbsp;&nbsp; El compa\u00f1ero de trabajo, amigo de los que no te puedes descuidar, de los de sonrisa amplia y navaja abierta, esperando para sacarte las tripas, la \u00fanica forma de que est\u00e9s bien con \u00e9l, de que puedas confiar es\u2026, ninguna, solo puedes estar un poco m\u00e1s tranquilo si nada desea de ti, si nada te puede quitar, pero con la certeza absoluta de que es imposible de que te lo quite, si existe la m\u00e1s m\u00ednima posibilidad, \u00a1cuidado!, estar\u00edas en zona peligrosa.<\/p>\n\n\n\n<p>&nbsp;&nbsp;&nbsp;&nbsp;&nbsp;&nbsp;&nbsp;&nbsp;&nbsp;&nbsp;&nbsp;&nbsp; \u00bfQu\u00e9 decir de los jefes?, \u00bfalgo bueno?, \u00bfmentir por decreto?, \u00bfno est\u00e1n para lo que est\u00e1n?, para demostrar que la ineptitud es algo que se premia con ascensos, que mientras que seas m\u00e1s inteligente, m\u00e1s trabajador que \u00e9l, pero menos de la empresa, te quedar\u00e1s donde est\u00e1s, no te mover\u00e1n como no sea para abajo, y buscar trabajo\u2026, madrecita, madrecita, que me quede como estaba, que la cosa, ahora est\u00e1 peor, a pesar de lo que digan, no te da una oportunidad que no sea un enga\u00f1o o similar, las arenas movedizas son pilares fijos, cuando se cambia de trabajo, de Guatemala a Guatepeor, es lo de siempre, que cansancio.<\/p>\n\n\n\n<p>&nbsp;&nbsp;&nbsp;&nbsp;&nbsp;&nbsp;&nbsp;&nbsp;&nbsp;&nbsp;&nbsp;&nbsp; Ya queda menos para el a\u00f1orado fin de semana, donde poder hacer lo que quiera, si mi familia no me exige por el m\u00e9todo del chantaje emoci\u00f3nale que este con ellos, que coma con ellos, que est\u00e9 como cuando era m\u00e1s joven, lo que todos sabemos que es imposible, o nos llamar\u00e1 quien no queremos que nos llame, y&nbsp; a la que llamamos, no nos coger\u00e1 el tel\u00e9fono, o nos dar\u00e1 la disculpa en la versi\u00f3n 7.0, con lo que aprendes algo, cosa de agradecer; al final solo te queda el desahuciado de todos, que casualmente no lleva dinero, o que los dem\u00e1s huyen como la peste, y a ti te ha pillado; dos cervezas, nada de licores, y al segundo bar te pierdes, aunque es dif\u00edcil, suelen ser maestros garrapatas que tiene su m\u00e9rito, as\u00ed que entre las tonter\u00edas, te encuentras el terrible domingo despu\u00e9s de unos d\u00edas que nada te han divertido, sentado en la tele, en el ordenador, en la Tablet, en el m\u00f3vil, pensando en los problemas del lunes, pero sin poder resolver ninguno, porque precisamente, est\u00e1s en domingo.<\/p>\n\n\n\n<p>&nbsp;&nbsp;&nbsp;&nbsp;&nbsp;&nbsp;&nbsp;&nbsp;&nbsp;&nbsp;&nbsp;&nbsp; Y ese es el d\u00eda de los infartos, el d\u00eda m\u00e1s duro, el domingo, donde sientes que llega la terrible semana, se te pone el vello de los brazos como escarpias, y sientes que algo no est\u00e1 bien, que no hay necesidad de eso, pero es as\u00ed, siempre as\u00ed, necesitas el trabajo para vivir, aunque no sea vivir precisamente lo que haces, y miras sin ver, a cualquiera de los modernos aparatos que hablan contigo, pero que no te dicen nada, mientras que la tristeza te roe el coraz\u00f3n, y miras el bote de pastillas, la cerveza, la copa, el porrito, lo que sea que te haga que ese domingo, esa reentrada en lo conocido, te sea m\u00e1s leve, menos dolorosa, que pase el domingo y entres como un cristiano echado a los leones, y quiz\u00e1s, con suerte, el mi\u00e9rcoles est\u00e9s m\u00e1s tranquilo, pero llega el maravilloso viernes, el magn\u00edfico s\u00e1bado, y el terrible domingo, de nuevo, la cadena, sigue, y sigue asfixi\u00e1ndote, y como buen esclavo de los tiempos modernos, sonr\u00edes, mientras d\u00eda a d\u00eda entra menos aire, te asfixias m\u00e1s, pero no mueres, nunca mueres, sabes que al final te matar\u00e1, no mueres, te matar\u00e1, pero la cosa es as\u00ed, siempre ha sido as\u00ed, quiz\u00e1s siempre lo ser\u00e1, y saludas al compa\u00f1ero, que no amigo que entra en la leonera contigo, no a tu lado, sonr\u00edes, no pasa nada, nunca pasa nada, todo est\u00e1 bien\u2026<\/p>\n\n\n\n<p>14 de Marzo de 2.024<\/p>\n","protected":false},"excerpt":{"rendered":"<p>&nbsp;&nbsp;&nbsp;&nbsp;&nbsp;&nbsp;&nbsp;&nbsp;&nbsp;&nbsp;&nbsp;&nbsp; Hoy es jueves, la semana casi termina, aunque parece que nunca llega a hacerlo, como si fuera la zanahoria para el burro, inalcanzable. &nbsp;&nbsp;&nbsp;&nbsp;&nbsp;&nbsp;&nbsp;&nbsp;&nbsp;&nbsp;&nbsp;&nbsp; Estoy cansado, \u00bfde qu\u00e9?, de todo, del trabajo, de las compa\u00f1\u00edas, de las noches que salgo, de las que me quedo en casa, de los amigos, de los enemigos, de &hellip; <\/p>\n<p class=\"link-more\"><a href=\"https:\/\/pedrocasiano.es\/?page_id=5988\" class=\"more-link\">Leer m\u00e1s<span class=\"screen-reader-text\"> \u00abLa Semana casi Termina\u00bb<\/span><\/a><\/p>\n","protected":false},"author":1,"featured_media":0,"parent":0,"menu_order":0,"comment_status":"closed","ping_status":"closed","template":"","meta":{"inspiro_hide_title":false,"footnotes":""},"class_list":["post-5988","page","type-page","status-publish","hentry"],"featured_media_urls":[],"_links":{"self":[{"href":"https:\/\/pedrocasiano.es\/index.php?rest_route=\/wp\/v2\/pages\/5988","targetHints":{"allow":["GET"]}}],"collection":[{"href":"https:\/\/pedrocasiano.es\/index.php?rest_route=\/wp\/v2\/pages"}],"about":[{"href":"https:\/\/pedrocasiano.es\/index.php?rest_route=\/wp\/v2\/types\/page"}],"author":[{"embeddable":true,"href":"https:\/\/pedrocasiano.es\/index.php?rest_route=\/wp\/v2\/users\/1"}],"replies":[{"embeddable":true,"href":"https:\/\/pedrocasiano.es\/index.php?rest_route=%2Fwp%2Fv2%2Fcomments&post=5988"}],"version-history":[{"count":1,"href":"https:\/\/pedrocasiano.es\/index.php?rest_route=\/wp\/v2\/pages\/5988\/revisions"}],"predecessor-version":[{"id":5990,"href":"https:\/\/pedrocasiano.es\/index.php?rest_route=\/wp\/v2\/pages\/5988\/revisions\/5990"}],"wp:attachment":[{"href":"https:\/\/pedrocasiano.es\/index.php?rest_route=%2Fwp%2Fv2%2Fmedia&parent=5988"}],"curies":[{"name":"wp","href":"https:\/\/api.w.org\/{rel}","templated":true}]}}